{"id":29905,"date":"2024-04-15T10:57:11","date_gmt":"2024-04-15T08:57:11","guid":{"rendered":"https:\/\/actionbiblique.ch\/?page_id=29905"},"modified":"2024-06-25T00:26:58","modified_gmt":"2024-06-24T22:26:58","slug":"mentions-legales","status":"publish","type":"page","link":"https:\/\/actionbiblique.ch\/fr\/mentions-legales\/","title":{"rendered":"Mentions l\u00e9gales"},"content":{"rendered":"\t\t<div data-elementor-type=\"wp-page\" data-elementor-id=\"29905\" class=\"elementor elementor-29905\" data-elementor-post-type=\"page\">\n\t\t\t\t<div class=\"elementor-element elementor-element-53e2819 e-flex e-con-boxed e-con e-parent\" data-id=\"53e2819\" data-element_type=\"container\">\n\t\t\t\t\t<div class=\"e-con-inner\">\n\t\t\t\t<div class=\"elementor-element elementor-element-2be2ec8 elementor-widget elementor-widget-heading\" data-id=\"2be2ec8\" data-element_type=\"widget\" data-widget_type=\"heading.default\">\n\t\t\t\t<div class=\"elementor-widget-container\">\n\t\t\t\t\t<h1 class=\"elementor-heading-title elementor-size-default\">Mentions L\u00e9gales<\/h1>\t\t\t\t<\/div>\n\t\t\t\t<\/div>\n\t\t<div class=\"elementor-element elementor-element-c178ef7 e-con-full e-flex e-con e-child\" data-id=\"c178ef7\" data-element_type=\"container\" data-settings=\"{&quot;background_background&quot;:&quot;classic&quot;}\">\n\t\t<div class=\"elementor-element elementor-element-be1817a e-flex e-con-boxed e-con e-child\" data-id=\"be1817a\" data-element_type=\"container\">\n\t\t\t\t\t<div class=\"e-con-inner\">\n\t\t\t\t<div class=\"elementor-element elementor-element-6738e24 elementor-widget elementor-widget-text-editor\" data-id=\"6738e24\" data-element_type=\"widget\" data-widget_type=\"text-editor.default\">\n\t\t\t\t<div class=\"elementor-widget-container\">\n\t\t\t\t\t\t\t\t\t<p><b>\u00c9diteur du site :<\/b><\/p><p>D\u00e9nomination : Association des Eglises Action Biblique de Suisse<\/p><p>Adresse : Route de la Capite 121, 1253 Vandoeuvre<\/p><p>Courriel :\u00a0 <a href=\"mailto:abs@actionbiblique.org\">abs@actionbiblique.org<\/a><\/p><p>\u00a0<\/p><p><b>Informations techniques :<\/b><\/p><p>Nom de domaine\u00a0: <a href=\"https:\/\/www.infomaniak.com\/fr\">Infomaniak.com<\/a><\/p><p>H\u00e9bergement : <a href=\"https:\/\/www.infomaniak.com\/fr\">Infomaniak.com<\/a><\/p><p>Webdesign\u00a0et d\u00e9veloppement\u00a0: Visuall Communication S\u00e0rl, Gen\u00e8ve \u2013 <a href=\"http:\/\/www.visuall.ch\">www.visuall.ch<\/a><\/p><p>Cr\u00e9dits photos\u00a0: \u00a9AB Suisse, Lightstock, Freepik<\/p>\t\t\t\t\t\t\t\t<\/div>\n\t\t\t\t<\/div>\n\t\t\t\t\t<\/div>\n\t\t\t\t<\/div>\n\t\t\t\t<\/div>\n\t\t\t\t\t<\/div>\n\t\t\t\t<\/div>\n\t\t\t\t<\/div>\n\t\t","protected":false},"excerpt":{"rendered":"<p>Mentions L\u00e9gales \u00c9diteur du site : D\u00e9nomination : Association des Eglises Action Biblique de Suisse Adresse : Route de la Capite 121, 1253 Vandoeuvre Courriel :\u00a0 abs@actionbiblique.org \u00a0 Informations techniques : Nom de domaine\u00a0: Infomaniak.com H\u00e9bergement : Infomaniak.com Webdesign\u00a0et d\u00e9veloppement\u00a0: Visuall Communication S\u00e0rl, Gen\u00e8ve \u2013 www.visuall.ch Cr\u00e9dits photos\u00a0: \u00a9AB Suisse, Lightstock, Freepik<\/p>\n","protected":false},"author":1,"featured_media":0,"parent":0,"menu_order":0,"comment_status":"closed","ping_status":"closed","template":"","meta":{"footnotes":""},"class_list":["post-29905","page","type-page","status-publish","hentry"],"yoast_head":"<!-- This site is optimized with the Yoast SEO plugin v27.4 - https:\/\/yoast.com\/product\/yoast-seo-wordpress\/ -->\n<title>Mentions l\u00e9gales - Action Biblique Suisse<\/title>\n<meta name=\"description\" content=\"Mentions l\u00e9gales - Mentions L\u00e9gales \u00c9diteur du site :D\u00e9nomination : Association des Eglises Action Biblique de SuisseAdresse : Route de la Capite 121, 1253\" \/>\n<meta name=\"robots\" content=\"index, follow, max-snippet:-1, max-image-preview:large, max-video-preview:-1\" \/>\n<link rel=\"canonical\" href=\"https:\/\/actionbiblique.ch\/fr\/mentions-legales\/\" \/>\n<meta property=\"og:locale\" content=\"fr_FR\" \/>\n<meta property=\"og:type\" content=\"article\" \/>\n<meta property=\"og:title\" content=\"Mentions l\u00e9gales - Action Biblique Suisse\" \/>\n<meta property=\"og:description\" content=\"Mentions l\u00e9gales - Mentions L\u00e9gales \u00c9diteur du site :D\u00e9nomination : Association des Eglises Action Biblique de SuisseAdresse : Route de la Capite 121, 1253\" \/>\n<meta property=\"og:url\" content=\"https:\/\/actionbiblique.ch\/fr\/mentions-legales\/\" \/>\n<meta property=\"og:site_name\" content=\"Action Biblique Suisse\" \/>\n<meta property=\"article:modified_time\" content=\"2024-06-24T22:26:58+00:00\" \/>\n<meta name=\"twitter:card\" content=\"summary_large_image\" \/>\n<meta name=\"twitter:label1\" content=\"Dur\u00e9e de lecture estim\u00e9e\" \/>\n\t<meta name=\"twitter:data1\" content=\"1 minute\" \/>\n<!-- \/ Yoast SEO plugin. -->","yoast_head_json":{"title":"Mentions l\u00e9gales - Action Biblique Suisse","description":"Mentions l\u00e9gales - Mentions L\u00e9gales \u00c9diteur du site :D\u00e9nomination : Association des Eglises Action Biblique de SuisseAdresse : Route de la Capite 121, 1253","robots":{"index":"index","follow":"follow","max-snippet":"max-snippet:-1","max-image-preview":"max-image-preview:large","max-video-preview":"max-video-preview:-1"},"canonical":"https:\/\/actionbiblique.ch\/fr\/mentions-legales\/","og_locale":"fr_FR","og_type":"article","og_title":"Mentions l\u00e9gales - Action Biblique Suisse","og_description":"Mentions l\u00e9gales - Mentions L\u00e9gales \u00c9diteur du site :D\u00e9nomination : Association des Eglises Action Biblique de SuisseAdresse : Route de la Capite 121, 1253","og_url":"https:\/\/actionbiblique.ch\/fr\/mentions-legales\/","og_site_name":"Action Biblique Suisse","article_modified_time":"2024-06-24T22:26:58+00:00","twitter_card":"summary_large_image","twitter_misc":{"Dur\u00e9e de lecture estim\u00e9e":"1 minute"},"schema":{"@context":"https:\/\/schema.org","@graph":[{"@type":"WebPage","@id":"https:\/\/actionbiblique.ch\/mentions-legales\/","url":"https:\/\/actionbiblique.ch\/mentions-legales\/","name":"Mentions l\u00e9gales - Action Biblique Suisse","isPartOf":{"@id":"https:\/\/actionbiblique.ch\/#website"},"datePublished":"2024-04-15T08:57:11+00:00","dateModified":"2024-06-24T22:26:58+00:00","description":"Mentions l\u00e9gales - Mentions L\u00e9gales \u00c9diteur du site :D\u00e9nomination : Association des Eglises Action Biblique de SuisseAdresse : Route de la Capite 121, 1253","breadcrumb":{"@id":"https:\/\/actionbiblique.ch\/mentions-legales\/#breadcrumb"},"inLanguage":"fr-FR","potentialAction":[{"@type":"ReadAction","target":["https:\/\/actionbiblique.ch\/mentions-legales\/"]}]},{"@type":"BreadcrumbList","@id":"https:\/\/actionbiblique.ch\/mentions-legales\/#breadcrumb","itemListElement":[{"@type":"ListItem","position":1,"name":"Accueil","item":"https:\/\/actionbiblique.ch\/fr\/"},{"@type":"ListItem","position":2,"name":"Mentions l\u00e9gales"}]},{"@type":"WebSite","@id":"https:\/\/actionbiblique.ch\/#website","url":"https:\/\/actionbiblique.ch\/","name":"Action Biblique","description":"Vivre J\u00e9sus Christ et l\u2019\u00e9vangile en Suisse!","publisher":{"@id":"https:\/\/actionbiblique.ch\/#organization"},"potentialAction":[{"@type":"SearchAction","target":{"@type":"EntryPoint","urlTemplate":"https:\/\/actionbiblique.ch\/?s={search_term_string}"},"query-input":{"@type":"PropertyValueSpecification","valueRequired":true,"valueName":"search_term_string"}}],"inLanguage":"fr-FR"},{"@type":"Organization","@id":"https:\/\/actionbiblique.ch\/#organization","name":"Action Biblique","url":"https:\/\/actionbiblique.ch\/","logo":{"@type":"ImageObject","inLanguage":"fr-FR","@id":"https:\/\/actionbiblique.ch\/#\/schema\/logo\/image\/","url":"https:\/\/actionbiblique.ch\/wp-content\/uploads\/2024\/03\/ABSuisse-logo.png","contentUrl":"https:\/\/actionbiblique.ch\/wp-content\/uploads\/2024\/03\/ABSuisse-logo.png","width":255,"height":255,"caption":"Action Biblique"},"image":{"@id":"https:\/\/actionbiblique.ch\/#\/schema\/logo\/image\/"}}]}},"_links":{"self":[{"href":"https:\/\/actionbiblique.ch\/fr\/wp-json\/wp\/v2\/pages\/29905","targetHints":{"allow":["GET"]}}],"collection":[{"href":"https:\/\/actionbiblique.ch\/fr\/wp-json\/wp\/v2\/pages"}],"about":[{"href":"https:\/\/actionbiblique.ch\/fr\/wp-json\/wp\/v2\/types\/page"}],"author":[{"embeddable":true,"href":"https:\/\/actionbiblique.ch\/fr\/wp-json\/wp\/v2\/users\/1"}],"replies":[{"embeddable":true,"href":"https:\/\/actionbiblique.ch\/fr\/wp-json\/wp\/v2\/comments?post=29905"}],"version-history":[{"count":0,"href":"https:\/\/actionbiblique.ch\/fr\/wp-json\/wp\/v2\/pages\/29905\/revisions"}],"wp:attachment":[{"href":"https:\/\/actionbiblique.ch\/fr\/wp-json\/wp\/v2\/media?parent=29905"}],"curies":[{"name":"wp","href":"https:\/\/api.w.org\/{rel}","templated":true}]}}