{"id":29883,"date":"2024-04-15T10:38:35","date_gmt":"2024-04-15T08:38:35","guid":{"rendered":"https:\/\/actionbiblique.ch\/?page_id=29883"},"modified":"2024-11-04T18:39:11","modified_gmt":"2024-11-04T17:39:11","slug":"nous-soutenir","status":"publish","type":"page","link":"https:\/\/actionbiblique.ch\/fr\/nous-soutenir\/","title":{"rendered":"Nous soutenir"},"content":{"rendered":"\t\t<div data-elementor-type=\"wp-page\" data-elementor-id=\"29883\" class=\"elementor elementor-29883\" data-elementor-post-type=\"page\">\n\t\t\t\t<div class=\"elementor-element elementor-element-7ececed5 e-flex e-con-boxed e-con e-parent\" data-id=\"7ececed5\" data-element_type=\"container\">\n\t\t\t\t\t<div class=\"e-con-inner\">\n\t\t<div class=\"elementor-element elementor-element-4403f95d e-con-full e-flex e-con e-child\" data-id=\"4403f95d\" data-element_type=\"container\">\n\t\t<div class=\"elementor-element elementor-element-11892af7 e-con-full e-flex e-con e-child\" data-id=\"11892af7\" data-element_type=\"container\">\n\t\t<div class=\"elementor-element elementor-element-6859b868 e-flex e-con-boxed e-con e-child\" data-id=\"6859b868\" data-element_type=\"container\" data-settings=\"{&quot;background_background&quot;:&quot;classic&quot;}\">\n\t\t\t\t\t<div class=\"e-con-inner\">\n\t\t<div class=\"elementor-element elementor-element-296c86e3 e-con-full e-flex e-con e-child\" data-id=\"296c86e3\" data-element_type=\"container\">\n\t\t\t\t<\/div>\n\t\t<div class=\"elementor-element elementor-element-371f554f e-con-full e-flex e-con e-child\" data-id=\"371f554f\" data-element_type=\"container\">\n\t\t\t\t<div class=\"elementor-element elementor-element-344a7db0 elementor-widget elementor-widget-heading\" data-id=\"344a7db0\" data-element_type=\"widget\" data-widget_type=\"heading.default\">\n\t\t\t\t<div class=\"elementor-widget-container\">\n\t\t\t\t\t<h1 class=\"elementor-heading-title elementor-size-default\">Nous soutenir <\/h1>\t\t\t\t<\/div>\n\t\t\t\t<\/div>\n\t\t\t\t<\/div>\n\t\t\t\t\t<\/div>\n\t\t\t\t<\/div>\n\t\t\t\t<\/div>\n\t\t<div class=\"elementor-element elementor-element-45981bca e-con-full e-flex e-con e-child\" data-id=\"45981bca\" data-element_type=\"container\">\n\t\t\t\t<div class=\"elementor-element elementor-element-7fe5d192 elementor-widget elementor-widget-image\" data-id=\"7fe5d192\" data-element_type=\"widget\" data-widget_type=\"image.default\">\n\t\t\t\t<div class=\"elementor-widget-container\">\n\t\t\t\t\t\t\t\t\t\t\t\t\t\t\t<img fetchpriority=\"high\" decoding=\"async\" width=\"2154\" height=\"855\" src=\"https:\/\/actionbiblique.ch\/wp-content\/uploads\/2024\/04\/Nous-soutenir.png\" class=\"attachment-full size-full wp-image-29886\" alt=\"\u00c9glise AB - Nous soutenir\" srcset=\"https:\/\/actionbiblique.ch\/wp-content\/uploads\/2024\/04\/Nous-soutenir.png 2154w, https:\/\/actionbiblique.ch\/wp-content\/uploads\/2024\/04\/Nous-soutenir-300x119.png 300w, https:\/\/actionbiblique.ch\/wp-content\/uploads\/2024\/04\/Nous-soutenir-1024x406.png 1024w, https:\/\/actionbiblique.ch\/wp-content\/uploads\/2024\/04\/Nous-soutenir-768x305.png 768w, https:\/\/actionbiblique.ch\/wp-content\/uploads\/2024\/04\/Nous-soutenir-1536x610.png 1536w, https:\/\/actionbiblique.ch\/wp-content\/uploads\/2024\/04\/Nous-soutenir-2048x813.png 2048w\" sizes=\"(max-width: 2154px) 100vw, 2154px\" \/>\t\t\t\t\t\t\t\t\t\t\t\t\t\t\t<\/div>\n\t\t\t\t<\/div>\n\t\t\t\t<\/div>\n\t\t\t\t<\/div>\n\t\t<div class=\"elementor-element elementor-element-1a5557fc e-con-full e-flex e-con e-child\" data-id=\"1a5557fc\" data-element_type=\"container\">\n\t\t<div class=\"elementor-element elementor-element-371915fe e-con-full e-flex e-con e-child\" data-id=\"371915fe\" data-element_type=\"container\" data-settings=\"{&quot;background_background&quot;:&quot;classic&quot;}\">\n\t\t\t\t<\/div>\n\t\t\t\t<\/div>\n\t\t\t\t\t<\/div>\n\t\t\t\t<\/div>\n\t\t<div class=\"elementor-element elementor-element-86a336e e-flex e-con-boxed e-con e-parent\" data-id=\"86a336e\" data-element_type=\"container\">\n\t\t\t\t\t<div class=\"e-con-inner\">\n\t\t\t\t<div class=\"elementor-element elementor-element-39f4992 elementor-widget__width-initial elementor-widget elementor-widget-text-editor\" data-id=\"39f4992\" data-element_type=\"widget\" data-widget_type=\"text-editor.default\">\n\t\t\t\t<div class=\"elementor-widget-container\">\n\t\t\t\t\t\t\t\t\t<p>Comme toutes les associations chr\u00e9tiennes \u00e9vang\u00e9liques, l\u2019Action Biblique vit de dons. Ceux-ci contribuent au soutien de certaines petites assembl\u00e9es mais \u00e9galement et surtout au d\u00e9veloppement de projets d\u2019\u00e9vang\u00e9lisation ou d\u2019implantation d\u2019\u00c9glises.<\/p><p>Par vos dons, vous contribuez au d\u00e9veloppement des projets suivants :<\/p><p>\u00a0<\/p>\t\t\t\t\t\t\t\t<\/div>\n\t\t\t\t<\/div>\n\t\t\t\t<div class=\"elementor-element elementor-element-02246d0 elementor-view-default elementor-widget elementor-widget-icon\" data-id=\"02246d0\" data-element_type=\"widget\" data-widget_type=\"icon.default\">\n\t\t\t\t<div class=\"elementor-widget-container\">\n\t\t\t\t\t\t\t<div class=\"elementor-icon-wrapper\">\n\t\t\t<a class=\"elementor-icon\" href=\"#en-savoir-plus\" title=\"en savoir plus\">\n\t\t\t<svg xmlns=\"http:\/\/www.w3.org\/2000\/svg\" width=\"25\" height=\"14\" viewBox=\"0 0 25 14\" fill=\"none\"><g id=\"Groupe 1833\"><path id=\"Trac&#xC3;&#xA9; 147\" d=\"M0.999997 1.0001L12.542 12.543L24.0803 1.00368\" stroke=\"#939393\" stroke-width=\"2\"><\/path><\/g><\/svg>\t\t\t<\/a>\n\t\t<\/div>\n\t\t\t\t\t\t<\/div>\n\t\t\t\t<\/div>\n\t\t\t\t<div class=\"elementor-element elementor-element-3a32eb8 elementor-widget elementor-widget-menu-anchor\" data-id=\"3a32eb8\" data-element_type=\"widget\" data-widget_type=\"menu-anchor.default\">\n\t\t\t\t<div class=\"elementor-widget-container\">\n\t\t\t\t\t\t\t<div class=\"elementor-menu-anchor\" id=\"en-savoir-plus\"><\/div>\n\t\t\t\t\t\t<\/div>\n\t\t\t\t<\/div>\n\t\t<div class=\"elementor-element elementor-element-d378b69 e-con-full e-flex e-con e-child\" data-id=\"d378b69\" data-element_type=\"container\">\n\t\t<div class=\"elementor-element elementor-element-3208161 e-flex e-con-boxed e-con e-child\" data-id=\"3208161\" data-element_type=\"container\" data-settings=\"{&quot;background_background&quot;:&quot;classic&quot;}\">\n\t\t\t\t\t<div class=\"e-con-inner\">\n\t\t<div class=\"elementor-element elementor-element-cfe1a46 e-con-full e-flex e-con e-child\" data-id=\"cfe1a46\" data-element_type=\"container\">\n\t\t\t\t<\/div>\n\t\t<div class=\"elementor-element elementor-element-076ed5f e-con-full e-flex e-con e-child\" data-id=\"076ed5f\" data-element_type=\"container\">\n\t\t\t\t<div class=\"elementor-element elementor-element-29d059c elementor-widget elementor-widget-heading\" data-id=\"29d059c\" data-element_type=\"widget\" data-widget_type=\"heading.default\">\n\t\t\t\t<div class=\"elementor-widget-container\">\n\t\t\t\t\t<h3 class=\"elementor-heading-title elementor-size-default\">projet missionnaire <span style=\"color:#E72F2A\">en Valais<\/span>\n<\/h3>\t\t\t\t<\/div>\n\t\t\t\t<\/div>\n\t\t\t\t<div class=\"elementor-element elementor-element-fa7f1da elementor-widget elementor-widget-text-editor\" data-id=\"fa7f1da\" data-element_type=\"widget\" data-widget_type=\"text-editor.default\">\n\t\t\t\t<div class=\"elementor-widget-container\">\n\t\t\t\t\t\t\t\t\t<p>Le canton du Valais est tr\u00e8s pauvre en t\u00e9moignage \u00e9vang\u00e9liques (une dizaine d\u2019\u00e9glises en Valais francophone). Actuellement un couple s\u2019est install\u00e9 en Valais central pour d\u00e9velopper un travail de discipulat ainsi qu\u2019un minist\u00e8re aupr\u00e8s de la jeunesse, avec comme l\u2019objectif \u00e0 moyen terme d\u2019ouvrir des \u00e9glises de maison et \u00e0 long terme l\u2019ouverture potentielle d\u2019\u00c9glises plus \u00ab classique \u00bb.<\/p>\t\t\t\t\t\t\t\t<\/div>\n\t\t\t\t<\/div>\n\t\t\t\t<\/div>\n\t\t<div class=\"elementor-element elementor-element-e314646 e-flex e-con-boxed e-con e-child\" data-id=\"e314646\" data-element_type=\"container\">\n\t\t\t\t\t<div class=\"e-con-inner\">\n\t\t\t\t<div class=\"elementor-element elementor-element-d8d9a78 elementor-widget elementor-widget-text-editor\" data-id=\"d8d9a78\" data-element_type=\"widget\" data-widget_type=\"text-editor.default\">\n\t\t\t\t<div class=\"elementor-widget-container\">\n\t\t\t\t\t\t\t\t\t<p><strong>Pour plus d\u2019informations :<\/strong><\/p>\t\t\t\t\t\t\t\t<\/div>\n\t\t\t\t<\/div>\n\t\t\t\t<div class=\"elementor-element elementor-element-9100bd5 elementor-widget elementor-widget-button\" data-id=\"9100bd5\" data-element_type=\"widget\" data-widget_type=\"button.default\">\n\t\t\t\t<div class=\"elementor-widget-container\">\n\t\t\t\t\t\t\t\t\t<div class=\"elementor-button-wrapper\">\n\t\t\t\t\t<a class=\"elementor-button elementor-button-link elementor-size-sm\" href=\"mailto:comite@actionbiblique.org\" target=\"_blank\">\n\t\t\t\t\t\t<span class=\"elementor-button-content-wrapper\">\n\t\t\t\t\t\t\t\t\t<span class=\"elementor-button-text\">contactez-nous par email<\/span>\n\t\t\t\t\t<\/span>\n\t\t\t\t\t<\/a>\n\t\t\t\t<\/div>\n\t\t\t\t\t\t\t\t<\/div>\n\t\t\t\t<\/div>\n\t\t\t\t\t<\/div>\n\t\t\t\t<\/div>\n\t\t\t\t\t<\/div>\n\t\t\t\t<\/div>\n\t\t<div class=\"elementor-element elementor-element-a1aab8e e-flex e-con-boxed e-con e-child\" data-id=\"a1aab8e\" data-element_type=\"container\" data-settings=\"{&quot;background_background&quot;:&quot;classic&quot;}\">\n\t\t\t\t\t<div class=\"e-con-inner\">\n\t\t<div class=\"elementor-element elementor-element-d7327e6 e-con-full e-flex e-con e-child\" data-id=\"d7327e6\" data-element_type=\"container\">\n\t\t\t\t<\/div>\n\t\t<div class=\"elementor-element elementor-element-a876ad3 e-con-full e-flex e-con e-child\" data-id=\"a876ad3\" data-element_type=\"container\">\n\t\t\t\t<div class=\"elementor-element elementor-element-f3d29af elementor-widget elementor-widget-heading\" data-id=\"f3d29af\" data-element_type=\"widget\" data-widget_type=\"heading.default\">\n\t\t\t\t<div class=\"elementor-widget-container\">\n\t\t\t\t\t<h3 class=\"elementor-heading-title elementor-size-default\">projet missionnaire <span style=\"color:#E72F2A\">Chablais fran\u00e7ais <\/span>\n<\/h3>\t\t\t\t<\/div>\n\t\t\t\t<\/div>\n\t\t\t\t<div class=\"elementor-element elementor-element-0a74c46 elementor-widget elementor-widget-text-editor\" data-id=\"0a74c46\" data-element_type=\"widget\" data-widget_type=\"text-editor.default\">\n\t\t\t\t<div class=\"elementor-widget-container\">\n\t\t\t\t\t\t\t\t\t<p><strong>Il y a beaucoup d\u2019\u00c9glises \u00e9vang\u00e9liques dans la r\u00e9gion genevoise (plus de 100) mais tr\u00e8s peu de l\u2019autre c\u00f4t\u00e9 de la fronti\u00e8re !<\/strong><br \/>Dans le Chablais fran\u00e7ais on en recense seulement 3 ou 4, essentiellement \u00e0 Thonon-les-Bains.<br \/>D\u00e8s 2019, l\u2019Action Biblique Suisse a eu \u00e0 c\u0153ur de soutenir le d\u00e9marrage d\u2019un projet missionnaire pour atteindre l\u2019ensemble de la r\u00e9gion (qui compte 140&#8217;000 habitants) avec l\u2019\u00c9vangile.<br \/>Ce projet, bas\u00e9 sur le relationnel, privil\u00e9gie le mandat de J\u00e9sus donn\u00e9 dans Matthieu 28.19-20 d\u2019aller et de former de disciples.<br \/>L\u2019objectif est la multiplication des disciples et leur rassemblement dans des \u00c9glises simples dans les maisons.<br \/>C\u2019est \u00e0 la fois un projet innovant mais aussi tr\u00e8s ancien car il nous renvoie \u00e0 la strat\u00e9gie utilis\u00e9e au premier si\u00e8cle pour r\u00e9pandre l\u2019\u00c9vangile dans le monde connu de l\u2019\u00e9poque.<\/p>\t\t\t\t\t\t\t\t<\/div>\n\t\t\t\t<\/div>\n\t\t\t\t<\/div>\n\t\t<div class=\"elementor-element elementor-element-191e078 e-flex e-con-boxed e-con e-child\" data-id=\"191e078\" data-element_type=\"container\">\n\t\t\t\t\t<div class=\"e-con-inner\">\n\t\t\t\t<div class=\"elementor-element elementor-element-ade0e38 elementor-widget elementor-widget-text-editor\" data-id=\"ade0e38\" data-element_type=\"widget\" data-widget_type=\"text-editor.default\">\n\t\t\t\t<div class=\"elementor-widget-container\">\n\t\t\t\t\t\t\t\t\t<p><strong>Pour plus d\u2019informations :<\/strong><\/p>\t\t\t\t\t\t\t\t<\/div>\n\t\t\t\t<\/div>\n\t\t\t\t<div class=\"elementor-element elementor-element-b6d1a23 elementor-widget elementor-widget-button\" data-id=\"b6d1a23\" data-element_type=\"widget\" data-widget_type=\"button.default\">\n\t\t\t\t<div class=\"elementor-widget-container\">\n\t\t\t\t\t\t\t\t\t<div class=\"elementor-button-wrapper\">\n\t\t\t\t\t<a class=\"elementor-button elementor-button-link elementor-size-sm\" href=\"mailto:abs@actionbiblique.org\" target=\"_blank\">\n\t\t\t\t\t\t<span class=\"elementor-button-content-wrapper\">\n\t\t\t\t\t\t\t\t\t<span class=\"elementor-button-text\">contactez-nous par email<\/span>\n\t\t\t\t\t<\/span>\n\t\t\t\t\t<\/a>\n\t\t\t\t<\/div>\n\t\t\t\t\t\t\t\t<\/div>\n\t\t\t\t<\/div>\n\t\t\t\t\t<\/div>\n\t\t\t\t<\/div>\n\t\t\t\t\t<\/div>\n\t\t\t\t<\/div>\n\t\t<div class=\"elementor-element elementor-element-de38c68 e-con-full e-flex e-con e-child\" data-id=\"de38c68\" data-element_type=\"container\" data-settings=\"{&quot;background_background&quot;:&quot;classic&quot;}\">\n\t\t<div class=\"elementor-element elementor-element-7aa2652 e-flex e-con-boxed e-con e-child\" data-id=\"7aa2652\" data-element_type=\"container\">\n\t\t\t\t\t<div class=\"e-con-inner\">\n\t\t\t\t<div class=\"elementor-element elementor-element-a500670 elementor-widget elementor-widget-heading\" data-id=\"a500670\" data-element_type=\"widget\" data-widget_type=\"heading.default\">\n\t\t\t\t<div class=\"elementor-widget-container\">\n\t\t\t\t\t<h2 class=\"elementor-heading-title elementor-size-default\"><span style=\"color:#E72F2A\">faire un don<\/span><\/h2>\t\t\t\t<\/div>\n\t\t\t\t<\/div>\n\t\t\t\t<div class=\"elementor-element elementor-element-c86cffe elementor-widget-divider--view-line elementor-widget elementor-widget-divider\" data-id=\"c86cffe\" data-element_type=\"widget\" data-widget_type=\"divider.default\">\n\t\t\t\t<div class=\"elementor-widget-container\">\n\t\t\t\t\t\t\t<div class=\"elementor-divider\">\n\t\t\t<span class=\"elementor-divider-separator\">\n\t\t\t\t\t\t<\/span>\n\t\t<\/div>\n\t\t\t\t\t\t<\/div>\n\t\t\t\t<\/div>\n\t\t\t\t\t<\/div>\n\t\t\t\t<\/div>\n\t\t\t\t<div class=\"elementor-element elementor-element-d2a9173 elementor-position-left elementor-vertical-align-top elementor-widget elementor-widget-image-box\" data-id=\"d2a9173\" data-element_type=\"widget\" data-widget_type=\"image-box.default\">\n\t\t\t\t<div class=\"elementor-widget-container\">\n\t\t\t\t\t<div class=\"elementor-image-box-wrapper\"><figure class=\"elementor-image-box-img\"><img decoding=\"async\" width=\"213\" height=\"213\" src=\"https:\/\/actionbiblique.ch\/wp-content\/uploads\/2024\/04\/Faire-un-don-QR-code.png\" class=\"attachment-full size-full wp-image-29887\" alt=\"\" srcset=\"https:\/\/actionbiblique.ch\/wp-content\/uploads\/2024\/04\/Faire-un-don-QR-code.png 213w, https:\/\/actionbiblique.ch\/wp-content\/uploads\/2024\/04\/Faire-un-don-QR-code-150x150.png 150w\" sizes=\"(max-width: 213px) 100vw, 213px\" \/><\/figure><div class=\"elementor-image-box-content\"><p class=\"elementor-image-box-description\"><b>Nos coordonn\u00e9es bancaires :<\/b><br>\nCH43 0900 0000 1202 0051 1<br>\n\u2028B\u00e9n\u00e9ficiaire : Association des \u00c9glises \u00c9vang\u00e9liques Action Biblique de Suisse<br>\nRoute de La-Capite 120<br>\n1253 Vandoeuvres<\/p><\/div><\/div>\t\t\t\t<\/div>\n\t\t\t\t<\/div>\n\t\t\t\t<div class=\"elementor-element elementor-element-2bacfa8 elementor-widget__width-auto elementor-widget elementor-widget-button\" data-id=\"2bacfa8\" data-element_type=\"widget\" data-widget_type=\"button.default\">\n\t\t\t\t<div class=\"elementor-widget-container\">\n\t\t\t\t\t\t\t\t\t<div class=\"elementor-button-wrapper\">\n\t\t\t\t\t<a class=\"elementor-button elementor-button-link elementor-size-sm\" href=\"\/wp-content\/uploads\/2024\/04\/QR_Facture_20240409.pdf\" target=\"_blank\">\n\t\t\t\t\t\t<span class=\"elementor-button-content-wrapper\">\n\t\t\t\t\t\t\t\t\t<span class=\"elementor-button-text\">t\u00e9l\u00e9chargez la qr facture<\/span>\n\t\t\t\t\t<\/span>\n\t\t\t\t\t<\/a>\n\t\t\t\t<\/div>\n\t\t\t\t\t\t\t\t<\/div>\n\t\t\t\t<\/div>\n\t\t\t\t<\/div>\n\t\t\t\t<\/div>\n\t\t\t\t\t<\/div>\n\t\t\t\t<\/div>\n\t\t\t\t<\/div>\n\t\t","protected":false},"excerpt":{"rendered":"<p>Nous soutenir Comme toutes les associations chr\u00e9tiennes \u00e9vang\u00e9liques, l\u2019Action Biblique vit de dons. Ceux-ci contribuent au soutien de certaines petites assembl\u00e9es mais \u00e9galement et surtout au d\u00e9veloppement de projets d\u2019\u00e9vang\u00e9lisation ou d\u2019implantation d\u2019\u00c9glises. Par vos dons, vous contribuez au d\u00e9veloppement des projets suivants : \u00a0 projet missionnaire en Valais Le canton du Valais est tr\u00e8s [&hellip;]<\/p>\n","protected":false},"author":1,"featured_media":0,"parent":0,"menu_order":0,"comment_status":"closed","ping_status":"closed","template":"","meta":{"footnotes":""},"class_list":["post-29883","page","type-page","status-publish","hentry"],"yoast_head":"<!-- This site is optimized with the Yoast SEO plugin v27.4 - https:\/\/yoast.com\/product\/yoast-seo-wordpress\/ -->\n<title>Nous soutenir - Action Biblique Suisse<\/title>\n<meta name=\"description\" content=\"Nous soutenir - Nous soutenir Comme toutes les associations chr\u00e9tiennes \u00e9vang\u00e9liques, l\u2019Action Biblique vit de dons. Ceux-ci contribuent au soutien de certaines petites\" \/>\n<meta name=\"robots\" content=\"index, follow, max-snippet:-1, max-image-preview:large, max-video-preview:-1\" \/>\n<link rel=\"canonical\" href=\"https:\/\/actionbiblique.ch\/fr\/nous-soutenir\/\" \/>\n<meta property=\"og:locale\" content=\"fr_FR\" \/>\n<meta property=\"og:type\" content=\"article\" \/>\n<meta property=\"og:title\" content=\"Nous soutenir - Action Biblique Suisse\" \/>\n<meta property=\"og:description\" content=\"Nous soutenir - Nous soutenir Comme toutes les associations chr\u00e9tiennes \u00e9vang\u00e9liques, l\u2019Action Biblique vit de dons. Ceux-ci contribuent au soutien de certaines petites\" \/>\n<meta property=\"og:url\" content=\"https:\/\/actionbiblique.ch\/fr\/nous-soutenir\/\" \/>\n<meta property=\"og:site_name\" content=\"Action Biblique Suisse\" \/>\n<meta property=\"article:modified_time\" content=\"2024-11-04T17:39:11+00:00\" \/>\n<meta property=\"og:image\" content=\"https:\/\/actionbiblique.ch\/wp-content\/uploads\/2024\/04\/Nous-soutenir.png\" \/>\n<meta name=\"twitter:card\" content=\"summary_large_image\" \/>\n<meta name=\"twitter:label1\" content=\"Dur\u00e9e de lecture estim\u00e9e\" \/>\n\t<meta name=\"twitter:data1\" content=\"2 minutes\" \/>\n<!-- \/ Yoast SEO plugin. -->","yoast_head_json":{"title":"Nous soutenir - Action Biblique Suisse","description":"Nous soutenir - Nous soutenir Comme toutes les associations chr\u00e9tiennes \u00e9vang\u00e9liques, l\u2019Action Biblique vit de dons. Ceux-ci contribuent au soutien de certaines petites","robots":{"index":"index","follow":"follow","max-snippet":"max-snippet:-1","max-image-preview":"max-image-preview:large","max-video-preview":"max-video-preview:-1"},"canonical":"https:\/\/actionbiblique.ch\/fr\/nous-soutenir\/","og_locale":"fr_FR","og_type":"article","og_title":"Nous soutenir - Action Biblique Suisse","og_description":"Nous soutenir - Nous soutenir Comme toutes les associations chr\u00e9tiennes \u00e9vang\u00e9liques, l\u2019Action Biblique vit de dons. Ceux-ci contribuent au soutien de certaines petites","og_url":"https:\/\/actionbiblique.ch\/fr\/nous-soutenir\/","og_site_name":"Action Biblique Suisse","article_modified_time":"2024-11-04T17:39:11+00:00","og_image":[{"url":"https:\/\/actionbiblique.ch\/wp-content\/uploads\/2024\/04\/Nous-soutenir.png","type":"","width":"","height":""}],"twitter_card":"summary_large_image","twitter_misc":{"Dur\u00e9e de lecture estim\u00e9e":"2 minutes"},"schema":{"@context":"https:\/\/schema.org","@graph":[{"@type":"WebPage","@id":"https:\/\/actionbiblique.ch\/nous-soutenir\/","url":"https:\/\/actionbiblique.ch\/nous-soutenir\/","name":"Nous soutenir - Action Biblique Suisse","isPartOf":{"@id":"https:\/\/actionbiblique.ch\/#website"},"primaryImageOfPage":{"@id":"https:\/\/actionbiblique.ch\/nous-soutenir\/#primaryimage"},"image":{"@id":"https:\/\/actionbiblique.ch\/nous-soutenir\/#primaryimage"},"thumbnailUrl":"https:\/\/actionbiblique.ch\/wp-content\/uploads\/2024\/04\/Nous-soutenir.png","datePublished":"2024-04-15T08:38:35+00:00","dateModified":"2024-11-04T17:39:11+00:00","description":"Nous soutenir - Nous soutenir Comme toutes les associations chr\u00e9tiennes \u00e9vang\u00e9liques, l\u2019Action Biblique vit de dons. Ceux-ci contribuent au soutien de certaines petites","breadcrumb":{"@id":"https:\/\/actionbiblique.ch\/nous-soutenir\/#breadcrumb"},"inLanguage":"fr-FR","potentialAction":[{"@type":"ReadAction","target":["https:\/\/actionbiblique.ch\/nous-soutenir\/"]}]},{"@type":"ImageObject","inLanguage":"fr-FR","@id":"https:\/\/actionbiblique.ch\/nous-soutenir\/#primaryimage","url":"https:\/\/actionbiblique.ch\/wp-content\/uploads\/2024\/04\/Nous-soutenir.png","contentUrl":"https:\/\/actionbiblique.ch\/wp-content\/uploads\/2024\/04\/Nous-soutenir.png"},{"@type":"BreadcrumbList","@id":"https:\/\/actionbiblique.ch\/nous-soutenir\/#breadcrumb","itemListElement":[{"@type":"ListItem","position":1,"name":"Accueil","item":"https:\/\/actionbiblique.ch\/fr\/"},{"@type":"ListItem","position":2,"name":"Nous soutenir"}]},{"@type":"WebSite","@id":"https:\/\/actionbiblique.ch\/#website","url":"https:\/\/actionbiblique.ch\/","name":"Action Biblique","description":"Vivre J\u00e9sus Christ et l\u2019\u00e9vangile en Suisse!","publisher":{"@id":"https:\/\/actionbiblique.ch\/#organization"},"potentialAction":[{"@type":"SearchAction","target":{"@type":"EntryPoint","urlTemplate":"https:\/\/actionbiblique.ch\/?s={search_term_string}"},"query-input":{"@type":"PropertyValueSpecification","valueRequired":true,"valueName":"search_term_string"}}],"inLanguage":"fr-FR"},{"@type":"Organization","@id":"https:\/\/actionbiblique.ch\/#organization","name":"Action Biblique","url":"https:\/\/actionbiblique.ch\/","logo":{"@type":"ImageObject","inLanguage":"fr-FR","@id":"https:\/\/actionbiblique.ch\/#\/schema\/logo\/image\/","url":"https:\/\/actionbiblique.ch\/wp-content\/uploads\/2024\/03\/ABSuisse-logo.png","contentUrl":"https:\/\/actionbiblique.ch\/wp-content\/uploads\/2024\/03\/ABSuisse-logo.png","width":255,"height":255,"caption":"Action Biblique"},"image":{"@id":"https:\/\/actionbiblique.ch\/#\/schema\/logo\/image\/"}}]}},"_links":{"self":[{"href":"https:\/\/actionbiblique.ch\/fr\/wp-json\/wp\/v2\/pages\/29883","targetHints":{"allow":["GET"]}}],"collection":[{"href":"https:\/\/actionbiblique.ch\/fr\/wp-json\/wp\/v2\/pages"}],"about":[{"href":"https:\/\/actionbiblique.ch\/fr\/wp-json\/wp\/v2\/types\/page"}],"author":[{"embeddable":true,"href":"https:\/\/actionbiblique.ch\/fr\/wp-json\/wp\/v2\/users\/1"}],"replies":[{"embeddable":true,"href":"https:\/\/actionbiblique.ch\/fr\/wp-json\/wp\/v2\/comments?post=29883"}],"version-history":[{"count":0,"href":"https:\/\/actionbiblique.ch\/fr\/wp-json\/wp\/v2\/pages\/29883\/revisions"}],"wp:attachment":[{"href":"https:\/\/actionbiblique.ch\/fr\/wp-json\/wp\/v2\/media?parent=29883"}],"curies":[{"name":"wp","href":"https:\/\/api.w.org\/{rel}","templated":true}]}}