{"id":29434,"date":"2024-03-28T13:36:13","date_gmt":"2024-03-28T12:36:13","guid":{"rendered":"https:\/\/actionbiblique.ch\/?page_id=29434"},"modified":"2026-02-04T15:07:34","modified_gmt":"2026-02-04T14:07:34","slug":"charte-de-comportement","status":"publish","type":"page","link":"https:\/\/actionbiblique.ch\/fr\/charte-de-comportement\/","title":{"rendered":"Charte de comportement"},"content":{"rendered":"\t\t<div data-elementor-type=\"wp-page\" data-elementor-id=\"29434\" class=\"elementor elementor-29434\" data-elementor-post-type=\"page\">\n\t\t\t\t<div class=\"elementor-element elementor-element-7ececed5 e-flex e-con-boxed e-con e-parent\" data-id=\"7ececed5\" data-element_type=\"container\">\n\t\t\t\t\t<div class=\"e-con-inner\">\n\t\t<div class=\"elementor-element elementor-element-4403f95d e-con-full e-flex e-con e-child\" data-id=\"4403f95d\" data-element_type=\"container\">\n\t\t<div class=\"elementor-element elementor-element-11892af7 e-con-full e-flex e-con e-child\" data-id=\"11892af7\" data-element_type=\"container\">\n\t\t<div class=\"elementor-element elementor-element-6859b868 e-flex e-con-boxed e-con e-child\" data-id=\"6859b868\" data-element_type=\"container\" data-settings=\"{&quot;background_background&quot;:&quot;classic&quot;}\">\n\t\t\t\t\t<div class=\"e-con-inner\">\n\t\t<div class=\"elementor-element elementor-element-296c86e3 e-con-full e-flex e-con e-child\" data-id=\"296c86e3\" data-element_type=\"container\">\n\t\t\t\t<\/div>\n\t\t<div class=\"elementor-element elementor-element-371f554f e-con-full e-flex e-con e-child\" data-id=\"371f554f\" data-element_type=\"container\">\n\t\t\t\t<div class=\"elementor-element elementor-element-344a7db0 elementor-widget elementor-widget-heading\" data-id=\"344a7db0\" data-element_type=\"widget\" data-widget_type=\"heading.default\">\n\t\t\t\t<div class=\"elementor-widget-container\">\n\t\t\t\t\t<h1 class=\"elementor-heading-title elementor-size-default\">charte contre les\u2028comportements transgressifs<\/h1>\t\t\t\t<\/div>\n\t\t\t\t<\/div>\n\t\t\t\t<\/div>\n\t\t\t\t\t<\/div>\n\t\t\t\t<\/div>\n\t\t\t\t<\/div>\n\t\t<div class=\"elementor-element elementor-element-45981bca e-con-full e-flex e-con e-child\" data-id=\"45981bca\" data-element_type=\"container\">\n\t\t\t\t<div class=\"elementor-element elementor-element-7fe5d192 elementor-widget elementor-widget-image\" data-id=\"7fe5d192\" data-element_type=\"widget\" data-widget_type=\"image.default\">\n\t\t\t\t<div class=\"elementor-widget-container\">\n\t\t\t\t\t\t\t\t\t\t\t\t\t\t\t<img fetchpriority=\"high\" decoding=\"async\" width=\"2151\" height=\"855\" src=\"https:\/\/actionbiblique.ch\/wp-content\/uploads\/2024\/03\/charte-contre-les-comportements-transgressifs.png\" class=\"attachment-full size-full wp-image-29436\" alt=\"\u00c9glise AB - charte contre les comportements transgressifs\" srcset=\"https:\/\/actionbiblique.ch\/wp-content\/uploads\/2024\/03\/charte-contre-les-comportements-transgressifs.png 2151w, https:\/\/actionbiblique.ch\/wp-content\/uploads\/2024\/03\/charte-contre-les-comportements-transgressifs-300x119.png 300w, https:\/\/actionbiblique.ch\/wp-content\/uploads\/2024\/03\/charte-contre-les-comportements-transgressifs-1024x407.png 1024w, https:\/\/actionbiblique.ch\/wp-content\/uploads\/2024\/03\/charte-contre-les-comportements-transgressifs-768x305.png 768w, https:\/\/actionbiblique.ch\/wp-content\/uploads\/2024\/03\/charte-contre-les-comportements-transgressifs-1536x611.png 1536w, https:\/\/actionbiblique.ch\/wp-content\/uploads\/2024\/03\/charte-contre-les-comportements-transgressifs-2048x814.png 2048w\" sizes=\"(max-width: 2151px) 100vw, 2151px\" \/>\t\t\t\t\t\t\t\t\t\t\t\t\t\t\t<\/div>\n\t\t\t\t<\/div>\n\t\t\t\t<\/div>\n\t\t\t\t<\/div>\n\t\t<div class=\"elementor-element elementor-element-1a5557fc e-con-full e-flex e-con e-child\" data-id=\"1a5557fc\" data-element_type=\"container\">\n\t\t<div class=\"elementor-element elementor-element-371915fe e-con-full e-flex e-con e-child\" data-id=\"371915fe\" data-element_type=\"container\" data-settings=\"{&quot;background_background&quot;:&quot;classic&quot;}\">\n\t\t\t\t<\/div>\n\t\t\t\t<\/div>\n\t\t\t\t\t<\/div>\n\t\t\t\t<\/div>\n\t\t<div class=\"elementor-element elementor-element-86a336e e-flex e-con-boxed e-con e-parent\" data-id=\"86a336e\" data-element_type=\"container\">\n\t\t\t\t\t<div class=\"e-con-inner\">\n\t\t\t\t<div class=\"elementor-element elementor-element-39f4992 elementor-widget__width-initial elementor-widget elementor-widget-text-editor\" data-id=\"39f4992\" data-element_type=\"widget\" data-widget_type=\"text-editor.default\">\n\t\t\t\t<div class=\"elementor-widget-container\">\n\t\t\t\t\t\t\t\t\t<p>En d\u00e9cembre 2022, une cinquantaine d\u2019associations d\u2019\u00c9glises et \u0153uvres chr\u00e9tiennes dont l\u2019Action Biblique Suisse se sont retrouv\u00e9es pour signer une charte \u00ab contre les comportements transgressifs \u00bb.<\/p>\t\t\t\t\t\t\t\t<\/div>\n\t\t\t\t<\/div>\n\t\t\t\t<div class=\"elementor-element elementor-element-02246d0 elementor-view-default elementor-widget elementor-widget-icon\" data-id=\"02246d0\" data-element_type=\"widget\" data-widget_type=\"icon.default\">\n\t\t\t\t<div class=\"elementor-widget-container\">\n\t\t\t\t\t\t\t<div class=\"elementor-icon-wrapper\">\n\t\t\t<a class=\"elementor-icon\" href=\"#en-savoir-plus\" title=\"en savoir plus\">\n\t\t\t<svg xmlns=\"http:\/\/www.w3.org\/2000\/svg\" width=\"25\" height=\"14\" viewBox=\"0 0 25 14\" fill=\"none\"><g id=\"Groupe 1833\"><path id=\"Trac&#xC3;&#xA9; 147\" d=\"M0.999997 1.0001L12.542 12.543L24.0803 1.00368\" stroke=\"#939393\" stroke-width=\"2\"><\/path><\/g><\/svg>\t\t\t<\/a>\n\t\t<\/div>\n\t\t\t\t\t\t<\/div>\n\t\t\t\t<\/div>\n\t\t\t\t<div class=\"elementor-element elementor-element-3a32eb8 elementor-widget elementor-widget-menu-anchor\" data-id=\"3a32eb8\" data-element_type=\"widget\" data-widget_type=\"menu-anchor.default\">\n\t\t\t\t<div class=\"elementor-widget-container\">\n\t\t\t\t\t\t\t<div class=\"elementor-menu-anchor\" id=\"en-savoir-plus\"><\/div>\n\t\t\t\t\t\t<\/div>\n\t\t\t\t<\/div>\n\t\t<div class=\"elementor-element elementor-element-d378b69 e-con-full e-flex e-con e-child\" data-id=\"d378b69\" data-element_type=\"container\" data-settings=\"{&quot;background_background&quot;:&quot;classic&quot;}\">\n\t\t<div class=\"elementor-element elementor-element-af76a2d e-flex e-con-boxed e-con e-child\" data-id=\"af76a2d\" data-element_type=\"container\">\n\t\t\t\t\t<div class=\"e-con-inner\">\n\t\t<div class=\"elementor-element elementor-element-916fd36 e-con-full e-flex e-con e-child\" data-id=\"916fd36\" data-element_type=\"container\">\n\t\t\t\t<div class=\"elementor-element elementor-element-bca6859 elementor-widget elementor-widget-text-editor\" data-id=\"bca6859\" data-element_type=\"widget\" data-widget_type=\"text-editor.default\">\n\t\t\t\t<div class=\"elementor-widget-container\">\n\t\t\t\t\t\t\t\t\t<p><strong>En quoi consiste cette charte ?<\/strong><br \/>De mani\u00e8re g\u00e9n\u00e9rale, les \u00c9glises sont vues comme des lieux o\u00f9 les personnes peuvent se sentir en confiance et en s\u00e9curit\u00e9, prot\u00e9g\u00e9es de diverses formes d\u2019agressions physique, morale ou spirituelle. Malheureusement, au vu de l\u2019actualit\u00e9 de ces derni\u00e8res ann\u00e9es, cette confiance envers des institutions chr\u00e9tiennes s\u2019est effrit\u00e9e.<br \/>La charte a pour but de r\u00e9tablir cette confiance et d\u2019offrir un cadre s\u00fbr \u00e0 toutes les personnes qui sont en lien avec notre association, nos \u00c9glises ou notre association jeunesse. Nous sommes bien conscients que cette charte ne donne pas la garantie absolue d\u2019\u00e9viter tout probl\u00e8me, mais le fait d\u2019avoir un cadre clair sur ce sujet permet au moins d\u2019intervenir rapidement dans des situations qui pourraient avoir un caract\u00e8re abusif ainsi qu\u2019aupr\u00e8s des personnes qui auraient subi un abus. Elles pourront ainsi le signaler sans craindre un jugement ou un rejet.<\/p><p><strong>Documents ressources<\/strong><br \/>En cliquant sur le lien ci-dessous, vous pourrez acc\u00e9der \u00e0 la charte qui a \u00e9t\u00e9 \u00e9tablie par le R\u00e9seau \u00c9vang\u00e9lique Suisse et sign\u00e9e par les diff\u00e9rents participants \u00e0 la conf\u00e9rence de 2022. Vous pouvez la t\u00e9l\u00e9charger librement. Sur ce m\u00eame site, vous pourrez trouver les associations signataires de cette charte et obtenir plus de renseignements : <a href=\"https:\/\/stopviolationdelimites.ch\">stopviolationdelimites.ch<\/a>.<\/p>\t\t\t\t\t\t\t\t<\/div>\n\t\t\t\t<\/div>\n\t\t\t\t<div class=\"elementor-element elementor-element-9317e7c elementor-widget elementor-widget-button\" data-id=\"9317e7c\" data-element_type=\"widget\" data-widget_type=\"button.default\">\n\t\t\t\t<div class=\"elementor-widget-container\">\n\t\t\t\t\t\t\t\t\t<div class=\"elementor-button-wrapper\">\n\t\t\t\t\t<a class=\"elementor-button elementor-button-link elementor-size-sm\" href=\"https:\/\/stopviolationdelimites.ch\" target=\"_blank\">\n\t\t\t\t\t\t<span class=\"elementor-button-content-wrapper\">\n\t\t\t\t\t\t\t\t\t<span class=\"elementor-button-text\">aller sur le site<\/span>\n\t\t\t\t\t<\/span>\n\t\t\t\t\t<\/a>\n\t\t\t\t<\/div>\n\t\t\t\t\t\t\t\t<\/div>\n\t\t\t\t<\/div>\n\t\t\t\t<\/div>\n\t\t\t\t\t<\/div>\n\t\t\t\t<\/div>\n\t\t<div class=\"elementor-element elementor-element-26ab743 e-flex e-con-boxed e-con e-child\" data-id=\"26ab743\" data-element_type=\"container\">\n\t\t\t\t\t<div class=\"e-con-inner\">\n\t\t<div class=\"elementor-element elementor-element-02a5d59 e-con-full e-flex e-con e-child\" data-id=\"02a5d59\" data-element_type=\"container\">\n\t\t\t\t<div class=\"elementor-element elementor-element-44c1631 elementor-widget elementor-widget-text-editor\" data-id=\"44c1631\" data-element_type=\"widget\" data-widget_type=\"text-editor.default\">\n\t\t\t\t<div class=\"elementor-widget-container\">\n\t\t\t\t\t\t\t\t\t<p>En plus de cette charte, l\u2019Action Biblique Suisse a \u00e9tabli des protocoles en lien avec cette th\u00e9matique, dont une charte pour les pasteurs, collaborateurs et b\u00e9n\u00e9voles de l\u2019association, ainsi qu\u2019une charte des moniteurs et du staff pour les camps. Ces documents sont disponibles uniquement sur demande motiv\u00e9e, adress\u00e9e \u00e0 l\u2019Action Biblique Suisse.<br \/>Pour plus d\u2019information ou pour signaler un \u00e9ventuel abus, vous pouvez \u00e9crire \u00e0 l\u2019adresse suivante :\u00a0 <a href=\"mailto:comite@actionbiblique.org\">comite@actionbiblique.org<\/a><span class=\"Apple-converted-space\">\u00a0<\/span><\/p>\t\t\t\t\t\t\t\t<\/div>\n\t\t\t\t<\/div>\n\t\t\t\t<div class=\"elementor-element elementor-element-f482f0c elementor-widget elementor-widget-button\" data-id=\"f482f0c\" data-element_type=\"widget\" data-widget_type=\"button.default\">\n\t\t\t\t<div class=\"elementor-widget-container\">\n\t\t\t\t\t\t\t\t\t<div class=\"elementor-button-wrapper\">\n\t\t\t\t\t<a class=\"elementor-button elementor-button-link elementor-size-sm\" href=\"mailto:signalement@actionbiblique.org\" target=\"_blank\">\n\t\t\t\t\t\t<span class=\"elementor-button-content-wrapper\">\n\t\t\t\t\t\t\t\t\t<span class=\"elementor-button-text\">Envoyer un message<\/span>\n\t\t\t\t\t<\/span>\n\t\t\t\t\t<\/a>\n\t\t\t\t<\/div>\n\t\t\t\t\t\t\t\t<\/div>\n\t\t\t\t<\/div>\n\t\t\t\t<\/div>\n\t\t\t\t\t<\/div>\n\t\t\t\t<\/div>\n\t\t\t\t<\/div>\n\t\t\t\t\t<\/div>\n\t\t\t\t<\/div>\n\t\t\t\t<\/div>\n\t\t","protected":false},"excerpt":{"rendered":"<p>charte contre les\u2028comportements transgressifs En d\u00e9cembre 2022, une cinquantaine d\u2019associations d\u2019\u00c9glises et \u0153uvres chr\u00e9tiennes dont l\u2019Action Biblique Suisse se sont retrouv\u00e9es pour signer une charte \u00ab contre les comportements transgressifs \u00bb. En quoi consiste cette charte ?De mani\u00e8re g\u00e9n\u00e9rale, les \u00c9glises sont vues comme des lieux o\u00f9 les personnes peuvent se sentir en confiance et [&hellip;]<\/p>\n","protected":false},"author":1,"featured_media":0,"parent":0,"menu_order":0,"comment_status":"closed","ping_status":"closed","template":"","meta":{"footnotes":""},"class_list":["post-29434","page","type-page","status-publish","hentry"],"yoast_head":"<!-- This site is optimized with the Yoast SEO plugin v27.5 - https:\/\/yoast.com\/product\/yoast-seo-wordpress\/ -->\n<title>Charte de comportement - Action Biblique Suisse<\/title>\n<meta name=\"description\" content=\"Une cinquantaine d\u2019associations d\u2019Eglises et \u0153uvres chr\u00e9tiennes se sont retrouv\u00e9es pour signer une charte de comportement\" \/>\n<meta name=\"robots\" content=\"index, follow, max-snippet:-1, max-image-preview:large, max-video-preview:-1\" \/>\n<link rel=\"canonical\" href=\"https:\/\/actionbiblique.ch\/fr\/charte-de-comportement\/\" \/>\n<meta property=\"og:locale\" content=\"fr_FR\" \/>\n<meta property=\"og:type\" content=\"article\" \/>\n<meta property=\"og:title\" content=\"Charte de comportement - Action Biblique Suisse\" \/>\n<meta property=\"og:description\" content=\"Une cinquantaine d\u2019associations d\u2019Eglises et \u0153uvres chr\u00e9tiennes se sont retrouv\u00e9es pour signer une charte de comportement\" \/>\n<meta property=\"og:url\" content=\"https:\/\/actionbiblique.ch\/fr\/charte-de-comportement\/\" \/>\n<meta property=\"og:site_name\" content=\"Action Biblique Suisse\" \/>\n<meta property=\"article:modified_time\" content=\"2026-02-04T14:07:34+00:00\" \/>\n<meta property=\"og:image\" content=\"https:\/\/actionbiblique.ch\/wp-content\/uploads\/2024\/03\/charte-contre-les-comportements-transgressifs-1024x407.png\" \/>\n\t<meta property=\"og:image:width\" content=\"1024\" \/>\n\t<meta property=\"og:image:height\" content=\"407\" \/>\n\t<meta property=\"og:image:type\" content=\"image\/png\" \/>\n<meta name=\"twitter:card\" content=\"summary_large_image\" \/>\n<meta name=\"twitter:label1\" content=\"Dur\u00e9e de lecture estim\u00e9e\" \/>\n\t<meta name=\"twitter:data1\" content=\"2 minutes\" \/>\n<!-- \/ Yoast SEO plugin. -->","yoast_head_json":{"title":"Charte de comportement - Action Biblique Suisse","description":"Une cinquantaine d\u2019associations d\u2019Eglises et \u0153uvres chr\u00e9tiennes se sont retrouv\u00e9es pour signer une charte de comportement","robots":{"index":"index","follow":"follow","max-snippet":"max-snippet:-1","max-image-preview":"max-image-preview:large","max-video-preview":"max-video-preview:-1"},"canonical":"https:\/\/actionbiblique.ch\/fr\/charte-de-comportement\/","og_locale":"fr_FR","og_type":"article","og_title":"Charte de comportement - Action Biblique Suisse","og_description":"Une cinquantaine d\u2019associations d\u2019Eglises et \u0153uvres chr\u00e9tiennes se sont retrouv\u00e9es pour signer une charte de comportement","og_url":"https:\/\/actionbiblique.ch\/fr\/charte-de-comportement\/","og_site_name":"Action Biblique Suisse","article_modified_time":"2026-02-04T14:07:34+00:00","og_image":[{"width":1024,"height":407,"url":"https:\/\/actionbiblique.ch\/wp-content\/uploads\/2024\/03\/charte-contre-les-comportements-transgressifs-1024x407.png","type":"image\/png"}],"twitter_card":"summary_large_image","twitter_misc":{"Dur\u00e9e de lecture estim\u00e9e":"2 minutes"},"schema":{"@context":"https:\/\/schema.org","@graph":[{"@type":"WebPage","@id":"https:\/\/actionbiblique.ch\/fr\/charte-de-comportement\/","url":"https:\/\/actionbiblique.ch\/fr\/charte-de-comportement\/","name":"Charte de comportement - Action Biblique Suisse","isPartOf":{"@id":"https:\/\/actionbiblique.ch\/#website"},"primaryImageOfPage":{"@id":"https:\/\/actionbiblique.ch\/fr\/charte-de-comportement\/#primaryimage"},"image":{"@id":"https:\/\/actionbiblique.ch\/fr\/charte-de-comportement\/#primaryimage"},"thumbnailUrl":"https:\/\/actionbiblique.ch\/wp-content\/uploads\/2024\/03\/charte-contre-les-comportements-transgressifs.png","datePublished":"2024-03-28T12:36:13+00:00","dateModified":"2026-02-04T14:07:34+00:00","description":"Une cinquantaine d\u2019associations d\u2019Eglises et \u0153uvres chr\u00e9tiennes se sont retrouv\u00e9es pour signer une charte de comportement","breadcrumb":{"@id":"https:\/\/actionbiblique.ch\/fr\/charte-de-comportement\/#breadcrumb"},"inLanguage":"fr-FR","potentialAction":[{"@type":"ReadAction","target":["https:\/\/actionbiblique.ch\/fr\/charte-de-comportement\/"]}]},{"@type":"ImageObject","inLanguage":"fr-FR","@id":"https:\/\/actionbiblique.ch\/fr\/charte-de-comportement\/#primaryimage","url":"https:\/\/actionbiblique.ch\/wp-content\/uploads\/2024\/03\/charte-contre-les-comportements-transgressifs.png","contentUrl":"https:\/\/actionbiblique.ch\/wp-content\/uploads\/2024\/03\/charte-contre-les-comportements-transgressifs.png"},{"@type":"BreadcrumbList","@id":"https:\/\/actionbiblique.ch\/fr\/charte-de-comportement\/#breadcrumb","itemListElement":[{"@type":"ListItem","position":1,"name":"Accueil","item":"https:\/\/actionbiblique.ch\/fr\/"},{"@type":"ListItem","position":2,"name":"Charte de comportement"}]},{"@type":"WebSite","@id":"https:\/\/actionbiblique.ch\/#website","url":"https:\/\/actionbiblique.ch\/","name":"Action Biblique","description":"Vivre J\u00e9sus Christ et l\u2019\u00e9vangile en Suisse!","publisher":{"@id":"https:\/\/actionbiblique.ch\/#organization"},"potentialAction":[{"@type":"SearchAction","target":{"@type":"EntryPoint","urlTemplate":"https:\/\/actionbiblique.ch\/?s={search_term_string}"},"query-input":{"@type":"PropertyValueSpecification","valueRequired":true,"valueName":"search_term_string"}}],"inLanguage":"fr-FR"},{"@type":"Organization","@id":"https:\/\/actionbiblique.ch\/#organization","name":"Action Biblique","url":"https:\/\/actionbiblique.ch\/","logo":{"@type":"ImageObject","inLanguage":"fr-FR","@id":"https:\/\/actionbiblique.ch\/#\/schema\/logo\/image\/","url":"https:\/\/actionbiblique.ch\/wp-content\/uploads\/2024\/03\/ABSuisse-logo.png","contentUrl":"https:\/\/actionbiblique.ch\/wp-content\/uploads\/2024\/03\/ABSuisse-logo.png","width":255,"height":255,"caption":"Action Biblique"},"image":{"@id":"https:\/\/actionbiblique.ch\/#\/schema\/logo\/image\/"}}]}},"_links":{"self":[{"href":"https:\/\/actionbiblique.ch\/fr\/wp-json\/wp\/v2\/pages\/29434","targetHints":{"allow":["GET"]}}],"collection":[{"href":"https:\/\/actionbiblique.ch\/fr\/wp-json\/wp\/v2\/pages"}],"about":[{"href":"https:\/\/actionbiblique.ch\/fr\/wp-json\/wp\/v2\/types\/page"}],"author":[{"embeddable":true,"href":"https:\/\/actionbiblique.ch\/fr\/wp-json\/wp\/v2\/users\/1"}],"replies":[{"embeddable":true,"href":"https:\/\/actionbiblique.ch\/fr\/wp-json\/wp\/v2\/comments?post=29434"}],"version-history":[{"count":3,"href":"https:\/\/actionbiblique.ch\/fr\/wp-json\/wp\/v2\/pages\/29434\/revisions"}],"predecessor-version":[{"id":30648,"href":"https:\/\/actionbiblique.ch\/fr\/wp-json\/wp\/v2\/pages\/29434\/revisions\/30648"}],"wp:attachment":[{"href":"https:\/\/actionbiblique.ch\/fr\/wp-json\/wp\/v2\/media?parent=29434"}],"curies":[{"name":"wp","href":"https:\/\/api.w.org\/{rel}","templated":true}]}}