{"id":29411,"date":"2024-03-28T13:14:32","date_gmt":"2024-03-28T12:14:32","guid":{"rendered":"https:\/\/actionbiblique.ch\/?page_id=29411"},"modified":"2024-12-19T10:54:55","modified_gmt":"2024-12-19T09:54:55","slug":"confession-de-foi","status":"publish","type":"page","link":"https:\/\/actionbiblique.ch\/fr\/confession-de-foi\/","title":{"rendered":"Confession de foi"},"content":{"rendered":"\t\t<div data-elementor-type=\"wp-page\" data-elementor-id=\"29411\" class=\"elementor elementor-29411\" data-elementor-post-type=\"page\">\n\t\t\t\t<div class=\"elementor-element elementor-element-7ececed5 e-flex e-con-boxed e-con e-parent\" data-id=\"7ececed5\" data-element_type=\"container\">\n\t\t\t\t\t<div class=\"e-con-inner\">\n\t\t<div class=\"elementor-element elementor-element-4403f95d e-con-full e-flex e-con e-child\" data-id=\"4403f95d\" data-element_type=\"container\">\n\t\t<div class=\"elementor-element elementor-element-11892af7 e-con-full e-flex e-con e-child\" data-id=\"11892af7\" data-element_type=\"container\">\n\t\t<div class=\"elementor-element elementor-element-6859b868 e-flex e-con-boxed e-con e-child\" data-id=\"6859b868\" data-element_type=\"container\" data-settings=\"{&quot;background_background&quot;:&quot;classic&quot;}\">\n\t\t\t\t\t<div class=\"e-con-inner\">\n\t\t<div class=\"elementor-element elementor-element-296c86e3 e-con-full e-flex e-con e-child\" data-id=\"296c86e3\" data-element_type=\"container\">\n\t\t\t\t<\/div>\n\t\t<div class=\"elementor-element elementor-element-371f554f e-con-full e-flex e-con e-child\" data-id=\"371f554f\" data-element_type=\"container\">\n\t\t\t\t<div class=\"elementor-element elementor-element-344a7db0 elementor-widget elementor-widget-heading\" data-id=\"344a7db0\" data-element_type=\"widget\" data-widget_type=\"heading.default\">\n\t\t\t\t<div class=\"elementor-widget-container\">\n\t\t\t\t\t<h1 class=\"elementor-heading-title elementor-size-default\">ce que nous croyons<\/h1>\t\t\t\t<\/div>\n\t\t\t\t<\/div>\n\t\t\t\t<div class=\"elementor-element elementor-element-73e7a209 elementor-widget elementor-widget-heading\" data-id=\"73e7a209\" data-element_type=\"widget\" data-widget_type=\"heading.default\">\n\t\t\t\t<div class=\"elementor-widget-container\">\n\t\t\t\t\t<h2 class=\"elementor-heading-title elementor-size-default\">R\u00e9sum\u00e9 de notre confession de foi<\/h2>\t\t\t\t<\/div>\n\t\t\t\t<\/div>\n\t\t\t\t<\/div>\n\t\t\t\t\t<\/div>\n\t\t\t\t<\/div>\n\t\t\t\t<\/div>\n\t\t<div class=\"elementor-element elementor-element-45981bca e-con-full e-flex e-con e-child\" data-id=\"45981bca\" data-element_type=\"container\">\n\t\t\t\t<div class=\"elementor-element elementor-element-7fe5d192 elementor-widget elementor-widget-image\" data-id=\"7fe5d192\" data-element_type=\"widget\" data-widget_type=\"image.default\">\n\t\t\t\t<div class=\"elementor-widget-container\">\n\t\t\t\t\t\t\t\t\t\t\t\t\t\t\t<img fetchpriority=\"high\" decoding=\"async\" width=\"2151\" height=\"855\" src=\"https:\/\/actionbiblique.ch\/wp-content\/uploads\/2024\/03\/Ce-que-nous-croyons-banniere-principale.png\" class=\"attachment-full size-full wp-image-29413\" alt=\"\u00c9glise AB - Confession de foi - Ce que nous croyons - banni\u00e8re principale\" srcset=\"https:\/\/actionbiblique.ch\/wp-content\/uploads\/2024\/03\/Ce-que-nous-croyons-banniere-principale.png 2151w, https:\/\/actionbiblique.ch\/wp-content\/uploads\/2024\/03\/Ce-que-nous-croyons-banniere-principale-300x119.png 300w, https:\/\/actionbiblique.ch\/wp-content\/uploads\/2024\/03\/Ce-que-nous-croyons-banniere-principale-1024x407.png 1024w, https:\/\/actionbiblique.ch\/wp-content\/uploads\/2024\/03\/Ce-que-nous-croyons-banniere-principale-768x305.png 768w, https:\/\/actionbiblique.ch\/wp-content\/uploads\/2024\/03\/Ce-que-nous-croyons-banniere-principale-1536x611.png 1536w, https:\/\/actionbiblique.ch\/wp-content\/uploads\/2024\/03\/Ce-que-nous-croyons-banniere-principale-2048x814.png 2048w\" sizes=\"(max-width: 2151px) 100vw, 2151px\" \/>\t\t\t\t\t\t\t\t\t\t\t\t\t\t\t<\/div>\n\t\t\t\t<\/div>\n\t\t\t\t<\/div>\n\t\t\t\t<\/div>\n\t\t<div class=\"elementor-element elementor-element-1a5557fc e-con-full e-flex e-con e-child\" data-id=\"1a5557fc\" data-element_type=\"container\">\n\t\t<div class=\"elementor-element elementor-element-371915fe e-con-full e-flex e-con e-child\" data-id=\"371915fe\" data-element_type=\"container\" data-settings=\"{&quot;background_background&quot;:&quot;classic&quot;}\">\n\t\t\t\t<\/div>\n\t\t\t\t<\/div>\n\t\t\t\t\t<\/div>\n\t\t\t\t<\/div>\n\t\t<div class=\"elementor-element elementor-element-86a336e e-flex e-con-boxed e-con e-parent\" data-id=\"86a336e\" data-element_type=\"container\">\n\t\t\t\t\t<div class=\"e-con-inner\">\n\t\t\t\t<div class=\"elementor-element elementor-element-7d6ea3c elementor-widget elementor-widget-heading\" data-id=\"7d6ea3c\" data-element_type=\"widget\" data-widget_type=\"heading.default\">\n\t\t\t\t<div class=\"elementor-widget-container\">\n\t\t\t\t\t<h2 class=\"elementor-heading-title elementor-size-default\">fondements<\/h2>\t\t\t\t<\/div>\n\t\t\t\t<\/div>\n\t\t\t\t<div class=\"elementor-element elementor-element-39f4992 elementor-widget__width-initial elementor-widget elementor-widget-text-editor\" data-id=\"39f4992\" data-element_type=\"widget\" data-widget_type=\"text-editor.default\">\n\t\t\t\t<div class=\"elementor-widget-container\">\n\t\t\t\t\t\t\t\t\t<p>Dans les lignes qui suivent, vous trouverez, en r\u00e9sum\u00e9, les points essentiels sur lesquels s\u2019appuient notre foi. Pour nous, ces v\u00e9rit\u00e9s sont centrales et elles nous sont donn\u00e9es par Dieu au travers de sa Parole, la Bible.<\/p>\t\t\t\t\t\t\t\t<\/div>\n\t\t\t\t<\/div>\n\t\t\t\t<div class=\"elementor-element elementor-element-02246d0 elementor-view-default elementor-widget elementor-widget-icon\" data-id=\"02246d0\" data-element_type=\"widget\" data-widget_type=\"icon.default\">\n\t\t\t\t<div class=\"elementor-widget-container\">\n\t\t\t\t\t\t\t<div class=\"elementor-icon-wrapper\">\n\t\t\t<a class=\"elementor-icon\" href=\"#en-savoir-plus\" title=\"en savoir plus\">\n\t\t\t<svg xmlns=\"http:\/\/www.w3.org\/2000\/svg\" width=\"25\" height=\"14\" viewBox=\"0 0 25 14\" fill=\"none\"><g id=\"Groupe 1833\"><path id=\"Trac&#xC3;&#xA9; 147\" d=\"M0.999997 1.0001L12.542 12.543L24.0803 1.00368\" stroke=\"#939393\" stroke-width=\"2\"><\/path><\/g><\/svg>\t\t\t<\/a>\n\t\t<\/div>\n\t\t\t\t\t\t<\/div>\n\t\t\t\t<\/div>\n\t\t\t\t<div class=\"elementor-element elementor-element-3a32eb8 elementor-widget elementor-widget-menu-anchor\" data-id=\"3a32eb8\" data-element_type=\"widget\" data-widget_type=\"menu-anchor.default\">\n\t\t\t\t<div class=\"elementor-widget-container\">\n\t\t\t\t\t\t\t<div class=\"elementor-menu-anchor\" id=\"en-savoir-plus\"><\/div>\n\t\t\t\t\t\t<\/div>\n\t\t\t\t<\/div>\n\t\t<div class=\"elementor-element elementor-element-d378b69 e-con-full e-flex e-con e-child\" data-id=\"d378b69\" data-element_type=\"container\">\n\t\t<div class=\"elementor-element elementor-element-af76a2d e-flex e-con-boxed e-con e-child\" data-id=\"af76a2d\" data-element_type=\"container\" data-settings=\"{&quot;background_background&quot;:&quot;classic&quot;}\">\n\t\t\t\t\t<div class=\"e-con-inner\">\n\t\t<div class=\"elementor-element elementor-element-916fd36 e-con-full e-flex e-con e-child\" data-id=\"916fd36\" data-element_type=\"container\">\n\t\t\t\t<div class=\"elementor-element elementor-element-bca6859 elementor-widget elementor-widget-text-editor\" data-id=\"bca6859\" data-element_type=\"widget\" data-widget_type=\"text-editor.default\">\n\t\t\t\t<div class=\"elementor-widget-container\">\n\t\t\t\t\t\t\t\t\t<p><strong>Dieu<\/strong><br \/>Dieu est unique, seul v\u00e9ritable Dieu, Saint, \u00c9ternel et Tout-Puissant, Cr\u00e9ateur des cieux et de la terre. Nous croyons \u00e0 son unit\u00e9 tout en affirmant la distinction des trois personnes qui le composent : P\u00e8re, Fils et Saint-Esprit.<\/p><p><strong>J\u00e9sus-Christ<\/strong><br \/>J\u00e9sus-Christ est Dieu, il existe \u00e9ternellement, tout a \u00e9t\u00e9 cr\u00e9\u00e9 par lui et pour lui. Il a \u00e9t\u00e9 con\u00e7u de mani\u00e8re miraculeuse dans le sein de la vierge Marie. Il est devenu homme, mais n\u2019a jamais commis de p\u00e9ch\u00e9. Il est mort \u00e0 notre place sur la croix, en ran\u00e7on de nos p\u00e9ch\u00e9s (sacrifice expiatoire). Il est ressuscit\u00e9 corporellement, il est mont\u00e9 au ciel o\u00f9 il exerce son minist\u00e8re parfait en faveur de ceux qui l\u2019ont accept\u00e9 dans leur vie. Nous croyons \u00e0 son retour futur, pour \u00e9tablir son r\u00e8gne de gloire et juger l\u2019humanit\u00e9.<\/p><p><strong>Le Saint-Esprit<\/strong><br \/>Le St-Esprit est Dieu, il existe \u00e9ternellement, il est une personne. Il fut r\u00e9pandu sur la terre \u00e0 la Pentec\u00f4te (jour historique et unique) cons\u00e9cutivement \u00e0 la mont\u00e9e au ciel de J\u00e9sus. Le Saint-Esprit convainc de p\u00e9ch\u00e9, r\u00e9g\u00e9n\u00e8re celui qui croit, l&#8217;incorpore \u00e0 l&#8217;\u00c9glise, l&#8217;habite et le conduit dans sa marche chr\u00e9tienne. Il administre l&#8217;\u00c9glise, qui est le corps de Christ.<\/p><p><strong>La Bible<\/strong><br \/>La Bible est la Parole r\u00e9v\u00e9l\u00e9e de Dieu, notre unique autorit\u00e9. Nous croyons en son inh\u00e9rence (exempte d\u2019erreur dans ses manuscrits originaux). Elle est compos\u00e9e de 66 livres qui forment l\u2019Ancien et le Nouveau Testament. Ils ont \u00e9t\u00e9 inspir\u00e9s par Dieu au cours de l\u2019histoire \u00e0 divers \u00e9crivains, pour nous faire connaitre sa volont\u00e9. Nous croyons \u00e0 son unit\u00e9, malgr\u00e9 le temps \u00e9coul\u00e9 entre le premier et le dernier \u00e9crit. C\u2019est par l\u2019aide du Saint-Esprit que nous pouvons la comprendre et l\u2019interpr\u00e9ter.<\/p><p><strong>L\u2019humanit\u00e9<\/strong><br \/>Dieu a cr\u00e9\u00e9 l\u2019homme et la femme \u00e0 son image. Tout \u00eatre humain porte ainsi l\u2019image de Dieu en lui. Le p\u00e9ch\u00e9 d\u2019Adam a plong\u00e9 l\u2019humanit\u00e9 dans une condition de mort spirituelle qui l\u2019a \u00e9loign\u00e9 \u00e9ternellement de Dieu. Une autre cons\u00e9quence de ce p\u00e9ch\u00e9 est qu\u2019il conduit tous les hommes \u00e0 une mort physique, dans l\u2019attente du jugement final.<\/p><p><strong>Le salut<\/strong><br \/>Dieu accorde cependant son salut par sa seule gr\u00e2ce, \u00e0 tous ceux qui placent leur confiance en lui. C\u2019est un don gratuit de Dieu, par la seule foi personnelle en J\u00e9sus-Christ et en son \u0153uvre r\u00e9demptrice accomplie \u00e0 la croix. Ce salut est d\u00e9finitif et \u00e9ternel pour celui qui croit, Dieu achevant l\u2019\u0153uvre qu&#8217;Il a commenc\u00e9e.<\/p><p><strong>L&#8217;\u00c9glise<\/strong><br \/>Il existe une seule et vraie \u00c9glise, universelle, compos\u00e9e de l\u2019ensemble de ceux qui ont accept\u00e9 J\u00e9sus-Christ comme seul Sauveur. Elle est pr\u00e9sent\u00e9e dans la Bible comme \u00e9tant le Corps de Christ, unie en lui par l\u2019action du Saint-Esprit. l\u2019\u00c9glise locale est l&#8217;expression visible de la r\u00e9alit\u00e9 du Corps de Christ.<\/p><p><strong>Satan<\/strong><br \/>Dieu a cr\u00e9\u00e9 une multitude d\u2019\u00eatres spirituels (les anges). Satan, un ange d\u00e9chu, est devenu l\u2019ennemi de Dieu et de son peuple par sa d\u00e9sob\u00e9issance. Bien qu\u2019il soit une personnalit\u00e9 puissante, il reste inf\u00e9rieur \u00e0 Dieu et il a \u00e9t\u00e9 vaincu par la mort, la r\u00e9surrection et la glorification de Christ. Son activit\u00e9 vise tous les hommes, afin de les emp\u00eacher de conna\u00eetre Dieu et plus sp\u00e9cialement les croyants, dans le but de les d\u00e9sarmer, de les accuser et de les s\u00e9duire.<\/p><p><strong>Les derniers temps<\/strong><br \/>Nous avons la conviction d\u2019\u00eatre dans les temps de la fin, avec leurs caract\u00e9ristiques ind\u00e9niables : abandon de Dieu (apostasie), iniquit\u00e9, impi\u00e9t\u00e9, violence, s\u00e9ductions, bouleversements sociaux, \u00e9conomiques, \u00e9cologiques et politiques. Ces conditions pr\u00e9parent la manifestation de l&#8217;Antichrist et appellent le jugement de Dieu sur l\u2019humanit\u00e9.<\/p><p><strong>Le r\u00e8gne de J\u00e9sus-Christ et la vie \u00e9ternelle<\/strong><br \/>Au temps d\u00e9cid\u00e9 par Dieu, notre Seigneur J\u00e9sus-Christ reviendra pour \u00e9tablir son r\u00e8gne de justice et de paix avec les siens. Dans ce temps sera \u00e9tabli un ciel d\u2019\u00e9ternel et parfait bonheur pour les croyants, dans la pr\u00e9sence imm\u00e9diate de Dieu, ainsi qu\u2019un lieu de s\u00e9paration \u00e9ternelle d\u2019avec Dieu pour ceux qui auront refus\u00e9 de croire en J\u00e9sus-Christ.<\/p>\t\t\t\t\t\t\t\t<\/div>\n\t\t\t\t<\/div>\n\t\t\t\t<\/div>\n\t\t\t\t\t<\/div>\n\t\t\t\t<\/div>\n\t\t\t\t<\/div>\n\t\t\t\t\t<\/div>\n\t\t\t\t<\/div>\n\t\t<div class=\"elementor-element elementor-element-7068605 e-flex e-con-boxed e-con e-parent\" data-id=\"7068605\" data-element_type=\"container\">\n\t\t\t\t\t<div class=\"e-con-inner\">\n\t\t\t\t<div class=\"elementor-element elementor-element-b08840f elementor-align-center elementor-widget elementor-widget-button\" data-id=\"b08840f\" data-element_type=\"widget\" data-widget_type=\"button.default\">\n\t\t\t\t<div class=\"elementor-widget-container\">\n\t\t\t\t\t\t\t\t\t<div class=\"elementor-button-wrapper\">\n\t\t\t\t\t<a class=\"elementor-button elementor-button-link elementor-size-sm\" href=\"https:\/\/actionbiblique.ch\/wp-content\/uploads\/2024\/12\/Declaration-de-foi-2000.pdf\">\n\t\t\t\t\t\t<span class=\"elementor-button-content-wrapper\">\n\t\t\t\t\t\t\t\t\t<span class=\"elementor-button-text\">Confession de foi compl\u00e8te<\/span>\n\t\t\t\t\t<\/span>\n\t\t\t\t\t<\/a>\n\t\t\t\t<\/div>\n\t\t\t\t\t\t\t\t<\/div>\n\t\t\t\t<\/div>\n\t\t\t\t\t<\/div>\n\t\t\t\t<\/div>\n\t\t\t\t<\/div>\n\t\t","protected":false},"excerpt":{"rendered":"<p>ce que nous croyons R\u00e9sum\u00e9 de notre confession de foi fondements Dans les lignes qui suivent, vous trouverez, en r\u00e9sum\u00e9, les points essentiels sur lesquels s\u2019appuient notre foi. Pour nous, ces v\u00e9rit\u00e9s sont centrales et elles nous sont donn\u00e9es par Dieu au travers de sa Parole, la Bible. DieuDieu est unique, seul v\u00e9ritable Dieu, Saint, [&hellip;]<\/p>\n","protected":false},"author":1,"featured_media":0,"parent":0,"menu_order":0,"comment_status":"closed","ping_status":"closed","template":"","meta":{"footnotes":""},"class_list":["post-29411","page","type-page","status-publish","hentry"],"yoast_head":"<!-- This site is optimized with the Yoast SEO plugin v27.6 - https:\/\/yoast.com\/product\/yoast-seo-wordpress\/ -->\n<title>Confession de foi - Action Biblique Suisse<\/title>\n<meta name=\"description\" content=\"CONFESSION DE FOI. Ce que nous croyons. R\u00e9sum\u00e9 de notre confession de foi. Les points essentiels sur lesquels s\u2019appuient notre foi.\" \/>\n<meta name=\"robots\" content=\"index, follow, max-snippet:-1, max-image-preview:large, max-video-preview:-1\" \/>\n<link rel=\"canonical\" href=\"https:\/\/actionbiblique.ch\/fr\/confession-de-foi\/\" \/>\n<meta property=\"og:locale\" content=\"fr_FR\" \/>\n<meta property=\"og:type\" content=\"article\" \/>\n<meta property=\"og:title\" content=\"Confession de foi - Action Biblique Suisse\" \/>\n<meta property=\"og:description\" content=\"CONFESSION DE FOI. Ce que nous croyons. R\u00e9sum\u00e9 de notre confession de foi. Les points essentiels sur lesquels s\u2019appuient notre foi.\" \/>\n<meta property=\"og:url\" content=\"https:\/\/actionbiblique.ch\/fr\/confession-de-foi\/\" \/>\n<meta property=\"og:site_name\" content=\"Action Biblique Suisse\" \/>\n<meta property=\"article:modified_time\" content=\"2024-12-19T09:54:55+00:00\" \/>\n<meta property=\"og:image\" content=\"https:\/\/actionbiblique.ch\/wp-content\/uploads\/2024\/03\/Ce-que-nous-croyons-banniere-principale-1024x407.png\" \/>\n\t<meta property=\"og:image:width\" content=\"1024\" \/>\n\t<meta property=\"og:image:height\" content=\"407\" \/>\n\t<meta property=\"og:image:type\" content=\"image\/png\" \/>\n<meta name=\"twitter:card\" content=\"summary_large_image\" \/>\n<meta name=\"twitter:label1\" content=\"Dur\u00e9e de lecture estim\u00e9e\" \/>\n\t<meta name=\"twitter:data1\" content=\"4 minutes\" \/>\n<!-- \/ Yoast SEO plugin. -->","yoast_head_json":{"title":"Confession de foi - Action Biblique Suisse","description":"CONFESSION DE FOI. Ce que nous croyons. R\u00e9sum\u00e9 de notre confession de foi. Les points essentiels sur lesquels s\u2019appuient notre foi.","robots":{"index":"index","follow":"follow","max-snippet":"max-snippet:-1","max-image-preview":"max-image-preview:large","max-video-preview":"max-video-preview:-1"},"canonical":"https:\/\/actionbiblique.ch\/fr\/confession-de-foi\/","og_locale":"fr_FR","og_type":"article","og_title":"Confession de foi - Action Biblique Suisse","og_description":"CONFESSION DE FOI. Ce que nous croyons. R\u00e9sum\u00e9 de notre confession de foi. Les points essentiels sur lesquels s\u2019appuient notre foi.","og_url":"https:\/\/actionbiblique.ch\/fr\/confession-de-foi\/","og_site_name":"Action Biblique Suisse","article_modified_time":"2024-12-19T09:54:55+00:00","og_image":[{"width":1024,"height":407,"url":"https:\/\/actionbiblique.ch\/wp-content\/uploads\/2024\/03\/Ce-que-nous-croyons-banniere-principale-1024x407.png","type":"image\/png"}],"twitter_card":"summary_large_image","twitter_misc":{"Dur\u00e9e de lecture estim\u00e9e":"4 minutes"},"schema":{"@context":"https:\/\/schema.org","@graph":[{"@type":"WebPage","@id":"https:\/\/actionbiblique.ch\/fr\/confession-de-foi\/","url":"https:\/\/actionbiblique.ch\/fr\/confession-de-foi\/","name":"Confession de foi - Action Biblique Suisse","isPartOf":{"@id":"https:\/\/actionbiblique.ch\/#website"},"primaryImageOfPage":{"@id":"https:\/\/actionbiblique.ch\/fr\/confession-de-foi\/#primaryimage"},"image":{"@id":"https:\/\/actionbiblique.ch\/fr\/confession-de-foi\/#primaryimage"},"thumbnailUrl":"https:\/\/actionbiblique.ch\/wp-content\/uploads\/2024\/03\/Ce-que-nous-croyons-banniere-principale.png","datePublished":"2024-03-28T12:14:32+00:00","dateModified":"2024-12-19T09:54:55+00:00","description":"CONFESSION DE FOI. Ce que nous croyons. R\u00e9sum\u00e9 de notre confession de foi. Les points essentiels sur lesquels s\u2019appuient notre foi.","breadcrumb":{"@id":"https:\/\/actionbiblique.ch\/fr\/confession-de-foi\/#breadcrumb"},"inLanguage":"fr-FR","potentialAction":[{"@type":"ReadAction","target":["https:\/\/actionbiblique.ch\/fr\/confession-de-foi\/"]}]},{"@type":"ImageObject","inLanguage":"fr-FR","@id":"https:\/\/actionbiblique.ch\/fr\/confession-de-foi\/#primaryimage","url":"https:\/\/actionbiblique.ch\/wp-content\/uploads\/2024\/03\/Ce-que-nous-croyons-banniere-principale.png","contentUrl":"https:\/\/actionbiblique.ch\/wp-content\/uploads\/2024\/03\/Ce-que-nous-croyons-banniere-principale.png"},{"@type":"BreadcrumbList","@id":"https:\/\/actionbiblique.ch\/fr\/confession-de-foi\/#breadcrumb","itemListElement":[{"@type":"ListItem","position":1,"name":"Accueil","item":"https:\/\/actionbiblique.ch\/fr\/"},{"@type":"ListItem","position":2,"name":"Confession de foi"}]},{"@type":"WebSite","@id":"https:\/\/actionbiblique.ch\/#website","url":"https:\/\/actionbiblique.ch\/","name":"Action Biblique","description":"Vivre J\u00e9sus Christ et l\u2019\u00e9vangile en Suisse!","publisher":{"@id":"https:\/\/actionbiblique.ch\/#organization"},"potentialAction":[{"@type":"SearchAction","target":{"@type":"EntryPoint","urlTemplate":"https:\/\/actionbiblique.ch\/?s={search_term_string}"},"query-input":{"@type":"PropertyValueSpecification","valueRequired":true,"valueName":"search_term_string"}}],"inLanguage":"fr-FR"},{"@type":"Organization","@id":"https:\/\/actionbiblique.ch\/#organization","name":"Action Biblique","url":"https:\/\/actionbiblique.ch\/","logo":{"@type":"ImageObject","inLanguage":"fr-FR","@id":"https:\/\/actionbiblique.ch\/#\/schema\/logo\/image\/","url":"https:\/\/actionbiblique.ch\/wp-content\/uploads\/2024\/03\/ABSuisse-logo.png","contentUrl":"https:\/\/actionbiblique.ch\/wp-content\/uploads\/2024\/03\/ABSuisse-logo.png","width":255,"height":255,"caption":"Action Biblique"},"image":{"@id":"https:\/\/actionbiblique.ch\/#\/schema\/logo\/image\/"}}]}},"_links":{"self":[{"href":"https:\/\/actionbiblique.ch\/fr\/wp-json\/wp\/v2\/pages\/29411","targetHints":{"allow":["GET"]}}],"collection":[{"href":"https:\/\/actionbiblique.ch\/fr\/wp-json\/wp\/v2\/pages"}],"about":[{"href":"https:\/\/actionbiblique.ch\/fr\/wp-json\/wp\/v2\/types\/page"}],"author":[{"embeddable":true,"href":"https:\/\/actionbiblique.ch\/fr\/wp-json\/wp\/v2\/users\/1"}],"replies":[{"embeddable":true,"href":"https:\/\/actionbiblique.ch\/fr\/wp-json\/wp\/v2\/comments?post=29411"}],"version-history":[{"count":0,"href":"https:\/\/actionbiblique.ch\/fr\/wp-json\/wp\/v2\/pages\/29411\/revisions"}],"wp:attachment":[{"href":"https:\/\/actionbiblique.ch\/fr\/wp-json\/wp\/v2\/media?parent=29411"}],"curies":[{"name":"wp","href":"https:\/\/api.w.org\/{rel}","templated":true}]}}