{"id":29347,"date":"2024-03-28T13:03:46","date_gmt":"2024-03-28T12:03:46","guid":{"rendered":"https:\/\/actionbiblique.ch\/?page_id=29347"},"modified":"2024-11-06T15:59:37","modified_gmt":"2024-11-06T14:59:37","slug":"notre-vision","status":"publish","type":"page","link":"https:\/\/actionbiblique.ch\/fr\/notre-vision\/","title":{"rendered":"Notre vision"},"content":{"rendered":"\t\t<div data-elementor-type=\"wp-page\" data-elementor-id=\"29347\" class=\"elementor elementor-29347\" data-elementor-post-type=\"page\">\n\t\t\t\t<div class=\"elementor-element elementor-element-7ececed5 e-flex e-con-boxed e-con e-parent\" data-id=\"7ececed5\" data-element_type=\"container\">\n\t\t\t\t\t<div class=\"e-con-inner\">\n\t\t<div class=\"elementor-element elementor-element-4403f95d e-con-full e-flex e-con e-child\" data-id=\"4403f95d\" data-element_type=\"container\">\n\t\t<div class=\"elementor-element elementor-element-11892af7 e-con-full e-flex e-con e-child\" data-id=\"11892af7\" data-element_type=\"container\">\n\t\t<div class=\"elementor-element elementor-element-6859b868 e-flex e-con-boxed e-con e-child\" data-id=\"6859b868\" data-element_type=\"container\" data-settings=\"{&quot;background_background&quot;:&quot;classic&quot;}\">\n\t\t\t\t\t<div class=\"e-con-inner\">\n\t\t<div class=\"elementor-element elementor-element-296c86e3 e-con-full e-flex e-con e-child\" data-id=\"296c86e3\" data-element_type=\"container\">\n\t\t\t\t<\/div>\n\t\t<div class=\"elementor-element elementor-element-371f554f e-con-full e-flex e-con e-child\" data-id=\"371f554f\" data-element_type=\"container\">\n\t\t\t\t<div class=\"elementor-element elementor-element-344a7db0 elementor-widget elementor-widget-heading\" data-id=\"344a7db0\" data-element_type=\"widget\" data-widget_type=\"heading.default\">\n\t\t\t\t<div class=\"elementor-widget-container\">\n\t\t\t\t\t<h1 class=\"elementor-heading-title elementor-size-default\">notre vision<\/h1>\t\t\t\t<\/div>\n\t\t\t\t<\/div>\n\t\t\t\t<div class=\"elementor-element elementor-element-73e7a209 elementor-widget elementor-widget-heading\" data-id=\"73e7a209\" data-element_type=\"widget\" data-widget_type=\"heading.default\">\n\t\t\t\t<div class=\"elementor-widget-container\">\n\t\t\t\t\t<h2 class=\"elementor-heading-title elementor-size-default\">une association au service des \u00c9glises, de la jeunesse, du discipulat et de la mission<\/h2>\t\t\t\t<\/div>\n\t\t\t\t<\/div>\n\t\t\t\t<\/div>\n\t\t\t\t\t<\/div>\n\t\t\t\t<\/div>\n\t\t\t\t<\/div>\n\t\t<div class=\"elementor-element elementor-element-45981bca e-con-full e-flex e-con e-child\" data-id=\"45981bca\" data-element_type=\"container\">\n\t\t\t\t<div class=\"elementor-element elementor-element-7fe5d192 elementor-widget elementor-widget-image\" data-id=\"7fe5d192\" data-element_type=\"widget\" data-widget_type=\"image.default\">\n\t\t\t\t<div class=\"elementor-widget-container\">\n\t\t\t\t\t\t\t\t\t\t\t\t\t\t\t<img fetchpriority=\"high\" decoding=\"async\" width=\"2154\" height=\"855\" src=\"https:\/\/actionbiblique.ch\/wp-content\/uploads\/2024\/03\/Notre-vision-Banniere-principale.png\" class=\"attachment-full size-full wp-image-29364\" alt=\"\u00c9glise AB - Notre vision - Banni\u00e8re principale\" srcset=\"https:\/\/actionbiblique.ch\/wp-content\/uploads\/2024\/03\/Notre-vision-Banniere-principale.png 2154w, https:\/\/actionbiblique.ch\/wp-content\/uploads\/2024\/03\/Notre-vision-Banniere-principale-300x119.png 300w, https:\/\/actionbiblique.ch\/wp-content\/uploads\/2024\/03\/Notre-vision-Banniere-principale-1024x406.png 1024w, https:\/\/actionbiblique.ch\/wp-content\/uploads\/2024\/03\/Notre-vision-Banniere-principale-768x305.png 768w, https:\/\/actionbiblique.ch\/wp-content\/uploads\/2024\/03\/Notre-vision-Banniere-principale-1536x610.png 1536w, https:\/\/actionbiblique.ch\/wp-content\/uploads\/2024\/03\/Notre-vision-Banniere-principale-2048x813.png 2048w\" sizes=\"(max-width: 2154px) 100vw, 2154px\" \/>\t\t\t\t\t\t\t\t\t\t\t\t\t\t\t<\/div>\n\t\t\t\t<\/div>\n\t\t\t\t<\/div>\n\t\t\t\t<\/div>\n\t\t<div class=\"elementor-element elementor-element-1a5557fc e-con-full e-flex e-con e-child\" data-id=\"1a5557fc\" data-element_type=\"container\">\n\t\t<div class=\"elementor-element elementor-element-371915fe e-con-full e-flex e-con e-child\" data-id=\"371915fe\" data-element_type=\"container\" data-settings=\"{&quot;background_background&quot;:&quot;classic&quot;}\">\n\t\t\t\t<\/div>\n\t\t\t\t<\/div>\n\t\t\t\t\t<\/div>\n\t\t\t\t<\/div>\n\t\t<div class=\"elementor-element elementor-element-86a336e e-flex e-con-boxed e-con e-parent\" data-id=\"86a336e\" data-element_type=\"container\">\n\t\t\t\t\t<div class=\"e-con-inner\">\n\t\t\t\t<div class=\"elementor-element elementor-element-7d6ea3c elementor-widget elementor-widget-heading\" data-id=\"7d6ea3c\" data-element_type=\"widget\" data-widget_type=\"heading.default\">\n\t\t\t\t<div class=\"elementor-widget-container\">\n\t\t\t\t\t<h2 class=\"elementor-heading-title elementor-size-default\">notre vision en <span style=\"color:#E72F2A\">4 axes<\/span><\/h2>\t\t\t\t<\/div>\n\t\t\t\t<\/div>\n\t\t\t\t<div class=\"elementor-element elementor-element-39f4992 elementor-widget__width-initial elementor-widget elementor-widget-text-editor\" data-id=\"39f4992\" data-element_type=\"widget\" data-widget_type=\"text-editor.default\">\n\t\t\t\t<div class=\"elementor-widget-container\">\n\t\t\t\t\t\t\t\t\t<p>Nous d\u00e9sirons participer au progr\u00e8s de l\u2019\u00e9vangile en Suisse et dans le monde. Par la gr\u00e2ce de Dieu, nous souhaitons d\u00e9velopper cette vision selon les axes suivants :<\/p>\t\t\t\t\t\t\t\t<\/div>\n\t\t\t\t<\/div>\n\t\t\t\t<div class=\"elementor-element elementor-element-02246d0 elementor-view-default elementor-widget elementor-widget-icon\" data-id=\"02246d0\" data-element_type=\"widget\" data-widget_type=\"icon.default\">\n\t\t\t\t<div class=\"elementor-widget-container\">\n\t\t\t\t\t\t\t<div class=\"elementor-icon-wrapper\">\n\t\t\t<a class=\"elementor-icon\" href=\"#en-savoir-plus\" title=\"en savoir plus\">\n\t\t\t<svg xmlns=\"http:\/\/www.w3.org\/2000\/svg\" width=\"25\" height=\"14\" viewBox=\"0 0 25 14\" fill=\"none\"><g id=\"Groupe 1833\"><path id=\"Trac&#xC3;&#xA9; 147\" d=\"M0.999997 1.0001L12.542 12.543L24.0803 1.00368\" stroke=\"#939393\" stroke-width=\"2\"><\/path><\/g><\/svg>\t\t\t<\/a>\n\t\t<\/div>\n\t\t\t\t\t\t<\/div>\n\t\t\t\t<\/div>\n\t\t\t\t<div class=\"elementor-element elementor-element-3a32eb8 elementor-widget elementor-widget-menu-anchor\" data-id=\"3a32eb8\" data-element_type=\"widget\" data-widget_type=\"menu-anchor.default\">\n\t\t\t\t<div class=\"elementor-widget-container\">\n\t\t\t\t\t\t\t<div class=\"elementor-menu-anchor\" id=\"en-savoir-plus\"><\/div>\n\t\t\t\t\t\t<\/div>\n\t\t\t\t<\/div>\n\t\t<div class=\"elementor-element elementor-element-d378b69 e-con-full e-flex e-con e-child\" data-id=\"d378b69\" data-element_type=\"container\">\n\t\t<div class=\"elementor-element elementor-element-af76a2d e-flex e-con-boxed e-con e-child\" data-id=\"af76a2d\" data-element_type=\"container\" data-settings=\"{&quot;background_background&quot;:&quot;classic&quot;}\">\n\t\t\t\t\t<div class=\"e-con-inner\">\n\t\t<div class=\"elementor-element elementor-element-ed92c05 e-con-full e-flex e-con e-child\" data-id=\"ed92c05\" data-element_type=\"container\">\n\t\t\t\t<\/div>\n\t\t<div class=\"elementor-element elementor-element-916fd36 e-con-full e-flex e-con e-child\" data-id=\"916fd36\" data-element_type=\"container\">\n\t\t\t\t<div class=\"elementor-element elementor-element-5f17dad elementor-widget elementor-widget-heading\" data-id=\"5f17dad\" data-element_type=\"widget\" data-widget_type=\"heading.default\">\n\t\t\t\t<div class=\"elementor-widget-container\">\n\t\t\t\t\t<h3 class=\"elementor-heading-title elementor-size-default\">les <span style=\"color:#E72F2A\">\u00e9glises<\/span><\/h3>\t\t\t\t<\/div>\n\t\t\t\t<\/div>\n\t\t\t\t<div class=\"elementor-element elementor-element-bca6859 elementor-widget elementor-widget-text-editor\" data-id=\"bca6859\" data-element_type=\"widget\" data-widget_type=\"text-editor.default\">\n\t\t\t\t<div class=\"elementor-widget-container\">\n\t\t\t\t\t\t\t\t\t<p>Les \u00c9glises locales \u00e9tant des \u00ab flambeaux \u00bb l\u00e0 o\u00f9 elles sont implant\u00e9es, il est important qu\u2019elles soient non seulement consolid\u00e9es, mais \u00e9galement qu\u2019elles grandissent et se d\u00e9veloppent afin d\u2019en implanter d\u2019autres. Le travail en r\u00e9seau, le soutien mutuel par la formation, l\u2019aide dans la construction de nouveaux projets font partie de la vision de l\u2019ABS pour leur d\u00e9veloppement en qualit\u00e9 et en nombre.<\/p>\t\t\t\t\t\t\t\t<\/div>\n\t\t\t\t<\/div>\n\t\t\t\t<\/div>\n\t\t\t\t\t<\/div>\n\t\t\t\t<\/div>\n\t\t<div class=\"elementor-element elementor-element-f847f69 e-flex e-con-boxed e-con e-child\" data-id=\"f847f69\" data-element_type=\"container\" data-settings=\"{&quot;background_background&quot;:&quot;classic&quot;}\">\n\t\t\t\t\t<div class=\"e-con-inner\">\n\t\t<div class=\"elementor-element elementor-element-1b8cbd6 e-con-full e-flex e-con e-child\" data-id=\"1b8cbd6\" data-element_type=\"container\">\n\t\t\t\t<\/div>\n\t\t<div class=\"elementor-element elementor-element-8c174e5 e-con-full e-flex e-con e-child\" data-id=\"8c174e5\" data-element_type=\"container\">\n\t\t\t\t<div class=\"elementor-element elementor-element-8ec416a elementor-widget elementor-widget-heading\" data-id=\"8ec416a\" data-element_type=\"widget\" data-widget_type=\"heading.default\">\n\t\t\t\t<div class=\"elementor-widget-container\">\n\t\t\t\t\t<h3 class=\"elementor-heading-title elementor-size-default\">Le travail <span style=\"color:#E72F2A\"> jeunesse<\/span><\/h3>\t\t\t\t<\/div>\n\t\t\t\t<\/div>\n\t\t\t\t<div class=\"elementor-element elementor-element-181eef3 elementor-widget elementor-widget-text-editor\" data-id=\"181eef3\" data-element_type=\"widget\" data-widget_type=\"text-editor.default\">\n\t\t\t\t<div class=\"elementor-widget-container\">\n\t\t\t\t\t\t\t\t\t<p>La volont\u00e9 de l\u2019ABS, au travers de son organe Jeunesse la JAB (Jeunesse Action Biblique), est d\u2019augmenter et diversifier l\u2019offre des camps, d&#8217;organiser des \u00e9v\u00e9nements annuels pour encourager les jeunes et les remotiver dans leur foi. La devise de la JAB : \u00ab Des jeunes qui changent de vie, des disciples qui changent des vies \u00bb, avec la vision \u00e0 moyen terme que ces jeunes s\u2019int\u00e8grent dans leurs \u00c9glises locales et s\u2019y engagent.<\/p>\t\t\t\t\t\t\t\t<\/div>\n\t\t\t\t<\/div>\n\t\t\t\t<\/div>\n\t\t\t\t\t<\/div>\n\t\t\t\t<\/div>\n\t\t<div class=\"elementor-element elementor-element-589b6e6 e-flex e-con-boxed e-con e-child\" data-id=\"589b6e6\" data-element_type=\"container\" data-settings=\"{&quot;background_background&quot;:&quot;classic&quot;}\">\n\t\t\t\t\t<div class=\"e-con-inner\">\n\t\t<div class=\"elementor-element elementor-element-1de6bad e-con-full e-flex e-con e-child\" data-id=\"1de6bad\" data-element_type=\"container\">\n\t\t\t\t<\/div>\n\t\t<div class=\"elementor-element elementor-element-4ace28e e-con-full e-flex e-con e-child\" data-id=\"4ace28e\" data-element_type=\"container\">\n\t\t\t\t<div class=\"elementor-element elementor-element-a422b9f elementor-widget elementor-widget-heading\" data-id=\"a422b9f\" data-element_type=\"widget\" data-widget_type=\"heading.default\">\n\t\t\t\t<div class=\"elementor-widget-container\">\n\t\t\t\t\t<h3 class=\"elementor-heading-title elementor-size-default\">Le mouvement de<span style=\"color:#E72F2A\"> disciples <\/span><\/h3>\t\t\t\t<\/div>\n\t\t\t\t<\/div>\n\t\t\t\t<div class=\"elementor-element elementor-element-cbe38ad elementor-widget elementor-widget-text-editor\" data-id=\"cbe38ad\" data-element_type=\"widget\" data-widget_type=\"text-editor.default\">\n\t\t\t\t<div class=\"elementor-widget-container\">\n\t\t\t\t\t\t\t\t\t<p>J\u00e9sus nous a donn\u00e9 le mandat de faire des disciples (Mt.28.18-20). Nous voulons poursuivre intentionnellement ce mandat \u00e0 travers les \u00c9glises existantes et le travail jeunesse de l&#8217;association. Nous voulons former des disciples qui aiment Dieu, aiment leur prochain et forment des disciples \u00e0 leur tour. Nous voulons initier et favoriser des mouvements de discipulat qui partent des \u00c9glises locales existantes ou qui se d\u00e9veloppent dans des r\u00e9gions d\u00e9pourvues en \u00c9glises. Dans ces contextes plus pionniers, ces efforts de discipulat contribuent \u00e0 la naissance de nouvelles \u00c9glises locales.<\/p>\t\t\t\t\t\t\t\t<\/div>\n\t\t\t\t<\/div>\n\t\t\t\t<\/div>\n\t\t\t\t\t<\/div>\n\t\t\t\t<\/div>\n\t\t<div class=\"elementor-element elementor-element-5eaa5ec e-flex e-con-boxed e-con e-child\" data-id=\"5eaa5ec\" data-element_type=\"container\" data-settings=\"{&quot;background_background&quot;:&quot;classic&quot;}\">\n\t\t\t\t\t<div class=\"e-con-inner\">\n\t\t<div class=\"elementor-element elementor-element-683d970 e-con-full e-flex e-con e-child\" data-id=\"683d970\" data-element_type=\"container\">\n\t\t\t\t<\/div>\n\t\t<div class=\"elementor-element elementor-element-3b24ddf e-con-full e-flex e-con e-child\" data-id=\"3b24ddf\" data-element_type=\"container\">\n\t\t\t\t<div class=\"elementor-element elementor-element-7f0a87d elementor-widget elementor-widget-heading\" data-id=\"7f0a87d\" data-element_type=\"widget\" data-widget_type=\"heading.default\">\n\t\t\t\t<div class=\"elementor-widget-container\">\n\t\t\t\t\t<h3 class=\"elementor-heading-title elementor-size-default\">La <span style=\"color:#E72F2A\">mission <\/span> locale et \u00e0 l\u2019\u00e9tranger<\/h3>\t\t\t\t<\/div>\n\t\t\t\t<\/div>\n\t\t\t\t<div class=\"elementor-element elementor-element-e2639c2 elementor-widget elementor-widget-text-editor\" data-id=\"e2639c2\" data-element_type=\"widget\" data-widget_type=\"text-editor.default\">\n\t\t\t\t<div class=\"elementor-widget-container\">\n\t\t\t\t\t\t\t\t\t<p>D\u00e8s le d\u00e9but de l\u2019\u00c9cole Biblique, d\u2019abord du Ried sur Bienne (1919) puis de Gen\u00e8ve (1927), des missionnaires ont \u00e9t\u00e9 envoy\u00e9s en Europe et \u00e0 travers le monde. Aujourd\u2019hui, la mission en Suisse est pour nous une priorit\u00e9, car il y a quantit\u00e9 d\u2019endroits pauvres en t\u00e9moignage \u00e9vang\u00e9lique. L\u2019AB Suisse a donc \u00e0 c\u0153ur d\u2019encourager et mettre sur pied des projets pionniers dans des r\u00e9gions peu atteintes par l\u2019\u00e9vangile. Cependant, la mission au loin ne devant pas \u00eatre n\u00e9glig\u00e9e, l\u2019Action Biblique Suisse collabore avec des associations missionnaires et continue de soutenir et d\u2019envoyer des missionnaires outre-mer en partenariat avec ces associations.\u00c9<\/p>\t\t\t\t\t\t\t\t<\/div>\n\t\t\t\t<\/div>\n\t\t\t\t<\/div>\n\t\t\t\t\t<\/div>\n\t\t\t\t<\/div>\n\t\t\t\t<\/div>\n\t\t\t\t\t<\/div>\n\t\t\t\t<\/div>\n\t\t\t\t<\/div>\n\t\t","protected":false},"excerpt":{"rendered":"<p>notre vision une association au service des \u00c9glises, de la jeunesse, du discipulat et de la mission notre vision en 4 axes Nous d\u00e9sirons participer au progr\u00e8s de l\u2019\u00e9vangile en Suisse et dans le monde. Par la gr\u00e2ce de Dieu, nous souhaitons d\u00e9velopper cette vision selon les axes suivants : les \u00e9glises Les \u00c9glises locales [&hellip;]<\/p>\n","protected":false},"author":1,"featured_media":0,"parent":0,"menu_order":0,"comment_status":"closed","ping_status":"closed","template":"","meta":{"footnotes":""},"class_list":["post-29347","page","type-page","status-publish","hentry"],"yoast_head":"<!-- This site is optimized with the Yoast SEO plugin v27.6 - https:\/\/yoast.com\/product\/yoast-seo-wordpress\/ -->\n<title>Notre vision - Action Biblique Suisse<\/title>\n<meta name=\"description\" content=\"Notre vision - notre vision une association au service des \u00c9glises, de la jeunesse, du discipulat et de la mission notre vision en 4 axes Nous d\u00e9sirons participer au\" \/>\n<meta name=\"robots\" content=\"index, follow, max-snippet:-1, max-image-preview:large, max-video-preview:-1\" \/>\n<link rel=\"canonical\" href=\"https:\/\/actionbiblique.ch\/fr\/notre-vision\/\" \/>\n<meta property=\"og:locale\" content=\"fr_FR\" \/>\n<meta property=\"og:type\" content=\"article\" \/>\n<meta property=\"og:title\" content=\"Notre vision - Action Biblique Suisse\" \/>\n<meta property=\"og:description\" content=\"Notre vision - notre vision une association au service des \u00c9glises, de la jeunesse, du discipulat et de la mission notre vision en 4 axes Nous d\u00e9sirons participer au\" \/>\n<meta property=\"og:url\" content=\"https:\/\/actionbiblique.ch\/fr\/notre-vision\/\" \/>\n<meta property=\"og:site_name\" content=\"Action Biblique Suisse\" \/>\n<meta property=\"article:modified_time\" content=\"2024-11-06T14:59:37+00:00\" \/>\n<meta property=\"og:image\" content=\"https:\/\/actionbiblique.ch\/wp-content\/uploads\/2024\/03\/Notre-vision-Banniere-principale.png\" \/>\n<meta name=\"twitter:card\" content=\"summary_large_image\" \/>\n<meta name=\"twitter:label1\" content=\"Dur\u00e9e de lecture estim\u00e9e\" \/>\n\t<meta name=\"twitter:data1\" content=\"3 minutes\" \/>\n<!-- \/ Yoast SEO plugin. -->","yoast_head_json":{"title":"Notre vision - Action Biblique Suisse","description":"Notre vision - notre vision une association au service des \u00c9glises, de la jeunesse, du discipulat et de la mission notre vision en 4 axes Nous d\u00e9sirons participer au","robots":{"index":"index","follow":"follow","max-snippet":"max-snippet:-1","max-image-preview":"max-image-preview:large","max-video-preview":"max-video-preview:-1"},"canonical":"https:\/\/actionbiblique.ch\/fr\/notre-vision\/","og_locale":"fr_FR","og_type":"article","og_title":"Notre vision - Action Biblique Suisse","og_description":"Notre vision - notre vision une association au service des \u00c9glises, de la jeunesse, du discipulat et de la mission notre vision en 4 axes Nous d\u00e9sirons participer au","og_url":"https:\/\/actionbiblique.ch\/fr\/notre-vision\/","og_site_name":"Action Biblique Suisse","article_modified_time":"2024-11-06T14:59:37+00:00","og_image":[{"url":"https:\/\/actionbiblique.ch\/wp-content\/uploads\/2024\/03\/Notre-vision-Banniere-principale.png","type":"","width":"","height":""}],"twitter_card":"summary_large_image","twitter_misc":{"Dur\u00e9e de lecture estim\u00e9e":"3 minutes"},"schema":{"@context":"https:\/\/schema.org","@graph":[{"@type":"WebPage","@id":"https:\/\/actionbiblique.ch\/notre-vision\/","url":"https:\/\/actionbiblique.ch\/notre-vision\/","name":"Notre vision - Action Biblique Suisse","isPartOf":{"@id":"https:\/\/actionbiblique.ch\/#website"},"primaryImageOfPage":{"@id":"https:\/\/actionbiblique.ch\/notre-vision\/#primaryimage"},"image":{"@id":"https:\/\/actionbiblique.ch\/notre-vision\/#primaryimage"},"thumbnailUrl":"https:\/\/actionbiblique.ch\/wp-content\/uploads\/2024\/03\/Notre-vision-Banniere-principale.png","datePublished":"2024-03-28T12:03:46+00:00","dateModified":"2024-11-06T14:59:37+00:00","description":"Notre vision - notre vision une association au service des \u00c9glises, de la jeunesse, du discipulat et de la mission notre vision en 4 axes Nous d\u00e9sirons participer au","breadcrumb":{"@id":"https:\/\/actionbiblique.ch\/notre-vision\/#breadcrumb"},"inLanguage":"fr-FR","potentialAction":[{"@type":"ReadAction","target":["https:\/\/actionbiblique.ch\/notre-vision\/"]}]},{"@type":"ImageObject","inLanguage":"fr-FR","@id":"https:\/\/actionbiblique.ch\/notre-vision\/#primaryimage","url":"https:\/\/actionbiblique.ch\/wp-content\/uploads\/2024\/03\/Notre-vision-Banniere-principale.png","contentUrl":"https:\/\/actionbiblique.ch\/wp-content\/uploads\/2024\/03\/Notre-vision-Banniere-principale.png"},{"@type":"BreadcrumbList","@id":"https:\/\/actionbiblique.ch\/notre-vision\/#breadcrumb","itemListElement":[{"@type":"ListItem","position":1,"name":"Accueil","item":"https:\/\/actionbiblique.ch\/fr\/"},{"@type":"ListItem","position":2,"name":"Notre vision"}]},{"@type":"WebSite","@id":"https:\/\/actionbiblique.ch\/#website","url":"https:\/\/actionbiblique.ch\/","name":"Action Biblique","description":"Vivre J\u00e9sus Christ et l\u2019\u00e9vangile en Suisse!","publisher":{"@id":"https:\/\/actionbiblique.ch\/#organization"},"potentialAction":[{"@type":"SearchAction","target":{"@type":"EntryPoint","urlTemplate":"https:\/\/actionbiblique.ch\/?s={search_term_string}"},"query-input":{"@type":"PropertyValueSpecification","valueRequired":true,"valueName":"search_term_string"}}],"inLanguage":"fr-FR"},{"@type":"Organization","@id":"https:\/\/actionbiblique.ch\/#organization","name":"Action Biblique","url":"https:\/\/actionbiblique.ch\/","logo":{"@type":"ImageObject","inLanguage":"fr-FR","@id":"https:\/\/actionbiblique.ch\/#\/schema\/logo\/image\/","url":"https:\/\/actionbiblique.ch\/wp-content\/uploads\/2024\/03\/ABSuisse-logo.png","contentUrl":"https:\/\/actionbiblique.ch\/wp-content\/uploads\/2024\/03\/ABSuisse-logo.png","width":255,"height":255,"caption":"Action Biblique"},"image":{"@id":"https:\/\/actionbiblique.ch\/#\/schema\/logo\/image\/"}}]}},"_links":{"self":[{"href":"https:\/\/actionbiblique.ch\/fr\/wp-json\/wp\/v2\/pages\/29347","targetHints":{"allow":["GET"]}}],"collection":[{"href":"https:\/\/actionbiblique.ch\/fr\/wp-json\/wp\/v2\/pages"}],"about":[{"href":"https:\/\/actionbiblique.ch\/fr\/wp-json\/wp\/v2\/types\/page"}],"author":[{"embeddable":true,"href":"https:\/\/actionbiblique.ch\/fr\/wp-json\/wp\/v2\/users\/1"}],"replies":[{"embeddable":true,"href":"https:\/\/actionbiblique.ch\/fr\/wp-json\/wp\/v2\/comments?post=29347"}],"version-history":[{"count":0,"href":"https:\/\/actionbiblique.ch\/fr\/wp-json\/wp\/v2\/pages\/29347\/revisions"}],"wp:attachment":[{"href":"https:\/\/actionbiblique.ch\/fr\/wp-json\/wp\/v2\/media?parent=29347"}],"curies":[{"name":"wp","href":"https:\/\/api.w.org\/{rel}","templated":true}]}}