{"id":29417,"date":"2024-03-28T13:20:17","date_gmt":"2024-03-28T12:20:17","guid":{"rendered":"https:\/\/actionbiblique.ch\/?page_id=29417"},"modified":"2024-07-16T14:01:16","modified_gmt":"2024-07-16T12:01:16","slug":"prasentation","status":"publish","type":"page","link":"https:\/\/actionbiblique.ch\/de\/prasentation\/","title":{"rendered":"Pr\u00e4sentation"},"content":{"rendered":"<div data-elementor-type=\"wp-page\" data-elementor-id=\"29417\" class=\"elementor elementor-29417\" data-elementor-post-type=\"page\">\n\t\t\t\t<div class=\"elementor-element elementor-element-7ececed5 e-flex e-con-boxed e-con e-parent\" data-id=\"7ececed5\" data-element_type=\"container\">\n\t\t\t\t\t<div class=\"e-con-inner\">\n\t\t<div class=\"elementor-element elementor-element-4403f95d e-con-full e-flex e-con e-child\" data-id=\"4403f95d\" data-element_type=\"container\">\n\t\t<div class=\"elementor-element elementor-element-11892af7 e-con-full e-flex e-con e-child\" data-id=\"11892af7\" data-element_type=\"container\">\n\t\t<div class=\"elementor-element elementor-element-6859b868 e-flex e-con-boxed e-con e-child\" data-id=\"6859b868\" data-element_type=\"container\" data-settings=\"{&quot;background_background&quot;:&quot;classic&quot;}\">\n\t\t\t\t\t<div class=\"e-con-inner\">\n\t\t<div class=\"elementor-element elementor-element-296c86e3 e-con-full e-flex e-con e-child\" data-id=\"296c86e3\" data-element_type=\"container\">\n\t\t\t\t<\/div>\n\t\t<div class=\"elementor-element elementor-element-371f554f e-con-full e-flex e-con e-child\" data-id=\"371f554f\" data-element_type=\"container\">\n\t\t\t\t<div class=\"elementor-element elementor-element-344a7db0 elementor-widget elementor-widget-heading\" data-id=\"344a7db0\" data-element_type=\"widget\" data-widget_type=\"heading.default\">\n\t\t\t\t<div class=\"elementor-widget-container\">\n\t\t\t\t\t<h1 class=\"elementor-heading-title elementor-size-default\">WER SIND WIR ?<\/h1>\t\t\t\t<\/div>\n\t\t\t\t<\/div>\n\t\t\t\t<div class=\"elementor-element elementor-element-73e7a209 elementor-widget elementor-widget-heading\" data-id=\"73e7a209\" data-element_type=\"widget\" data-widget_type=\"heading.default\">\n\t\t\t\t<div class=\"elementor-widget-container\">\n\t\t\t\t\t<h2 class=\"elementor-heading-title elementor-size-default\">Wir stellen uns vor \u00fcber 100 Jahre alt<\/h2>\t\t\t\t<\/div>\n\t\t\t\t<\/div>\n\t\t\t\t<\/div>\n\t\t\t\t\t<\/div>\n\t\t\t\t<\/div>\n\t\t\t\t<\/div>\n\t\t<div class=\"elementor-element elementor-element-45981bca e-con-full e-flex e-con e-child\" data-id=\"45981bca\" data-element_type=\"container\">\n\t\t\t\t<div class=\"elementor-element elementor-element-7fe5d192 elementor-widget elementor-widget-image\" data-id=\"7fe5d192\" data-element_type=\"widget\" data-widget_type=\"image.default\">\n\t\t\t\t<div class=\"elementor-widget-container\">\n\t\t\t\t\t\t\t\t\t\t\t\t\t\t\t<img fetchpriority=\"high\" decoding=\"async\" width=\"2154\" height=\"855\" src=\"https:\/\/actionbiblique.ch\/wp-content\/uploads\/2024\/03\/Qui-sommes-nous-Banniere-principale.png\" class=\"attachment-full size-full wp-image-29419\" alt=\"\u00c9glise AB - Pr\u00e9sentation - Qui sommes-nous - Banni\u00e8re principale\" srcset=\"https:\/\/actionbiblique.ch\/wp-content\/uploads\/2024\/03\/Qui-sommes-nous-Banniere-principale.png 2154w, https:\/\/actionbiblique.ch\/wp-content\/uploads\/2024\/03\/Qui-sommes-nous-Banniere-principale-300x119.png 300w, https:\/\/actionbiblique.ch\/wp-content\/uploads\/2024\/03\/Qui-sommes-nous-Banniere-principale-1024x406.png 1024w, https:\/\/actionbiblique.ch\/wp-content\/uploads\/2024\/03\/Qui-sommes-nous-Banniere-principale-768x305.png 768w, https:\/\/actionbiblique.ch\/wp-content\/uploads\/2024\/03\/Qui-sommes-nous-Banniere-principale-1536x610.png 1536w, https:\/\/actionbiblique.ch\/wp-content\/uploads\/2024\/03\/Qui-sommes-nous-Banniere-principale-2048x813.png 2048w\" sizes=\"(max-width: 2154px) 100vw, 2154px\" \/>\t\t\t\t\t\t\t\t\t\t\t\t\t\t\t<\/div>\n\t\t\t\t<\/div>\n\t\t\t\t<\/div>\n\t\t\t\t<\/div>\n\t\t<div class=\"elementor-element elementor-element-1a5557fc e-con-full e-flex e-con e-child\" data-id=\"1a5557fc\" data-element_type=\"container\">\n\t\t<div class=\"elementor-element elementor-element-371915fe e-con-full e-flex e-con e-child\" data-id=\"371915fe\" data-element_type=\"container\" data-settings=\"{&quot;background_background&quot;:&quot;classic&quot;}\">\n\t\t\t\t<\/div>\n\t\t\t\t<\/div>\n\t\t\t\t\t<\/div>\n\t\t\t\t<\/div>\n\t\t<div class=\"elementor-element elementor-element-86a336e e-flex e-con-boxed e-con e-parent\" data-id=\"86a336e\" data-element_type=\"container\">\n\t\t\t\t\t<div class=\"e-con-inner\">\n\t\t\t\t<div class=\"elementor-element elementor-element-7d6ea3c elementor-widget elementor-widget-heading\" data-id=\"7d6ea3c\" data-element_type=\"widget\" data-widget_type=\"heading.default\">\n\t\t\t\t<div class=\"elementor-widget-container\">\n\t\t\t\t\t<h2 class=\"elementor-heading-title elementor-size-default\">DIE ACTION BIBLIQUE SCHWEIZ <span style=\"color:#E72F2A\">IN WENIGEN WORTEN<\/span><\/h2>\t\t\t\t<\/div>\n\t\t\t\t<\/div>\n\t\t\t\t<div class=\"elementor-element elementor-element-39f4992 elementor-widget__width-initial elementor-widget elementor-widget-text-editor\" data-id=\"39f4992\" data-element_type=\"widget\" data-widget_type=\"text-editor.default\">\n\t\t\t\t<div class=\"elementor-widget-container\">\n\t\t\t\t\t\t\t\t\t<p>Die Action Biblique ist die Frucht von Evangelisationskampagnen, \ndie ein schottischer Evangelist namens Hugh Edward Alexander \nzwischen 1907 und 1918 organisierte.<\/p>\t\t\t\t\t\t\t\t<\/div>\n\t\t\t\t<\/div>\n\t\t\t\t<div class=\"elementor-element elementor-element-02246d0 elementor-view-default elementor-widget elementor-widget-icon\" data-id=\"02246d0\" data-element_type=\"widget\" data-widget_type=\"icon.default\">\n\t\t\t\t<div class=\"elementor-widget-container\">\n\t\t\t\t\t\t\t<div class=\"elementor-icon-wrapper\">\n\t\t\t<a class=\"elementor-icon\" href=\"#en-savoir-plus\" title=\"en savoir plus\">\n\t\t\t<svg xmlns=\"http:\/\/www.w3.org\/2000\/svg\" width=\"25\" height=\"14\" viewbox=\"0 0 25 14\" fill=\"none\"><g id=\"Groupe 1833\"><path id=\"Trac&#xC3;&#xA9; 147\" d=\"M0.999997 1.0001L12.542 12.543L24.0803 1.00368\" stroke=\"#939393\" stroke-width=\"2\"><\/path><\/g><\/svg>\t\t\t<\/a>\n\t\t<\/div>\n\t\t\t\t\t\t<\/div>\n\t\t\t\t<\/div>\n\t\t\t\t<div class=\"elementor-element elementor-element-3a32eb8 elementor-widget elementor-widget-menu-anchor\" data-id=\"3a32eb8\" data-element_type=\"widget\" data-widget_type=\"menu-anchor.default\">\n\t\t\t\t<div class=\"elementor-widget-container\">\n\t\t\t\t\t\t\t<div class=\"elementor-menu-anchor\" id=\"en-savoir-plus\"><\/div>\n\t\t\t\t\t\t<\/div>\n\t\t\t\t<\/div>\n\t\t<div class=\"elementor-element elementor-element-d378b69 e-con-full e-flex e-con e-child\" data-id=\"d378b69\" data-element_type=\"container\">\n\t\t<div class=\"elementor-element elementor-element-af76a2d e-flex e-con-boxed e-con e-child\" data-id=\"af76a2d\" data-element_type=\"container\" data-settings=\"{&quot;background_background&quot;:&quot;classic&quot;}\">\n\t\t\t\t\t<div class=\"e-con-inner\">\n\t\t<div class=\"elementor-element elementor-element-916fd36 e-con-full e-flex e-con e-child\" data-id=\"916fd36\" data-element_type=\"container\">\n\t\t\t\t<div class=\"elementor-element elementor-element-5b43607 elementor-widget elementor-widget-image\" data-id=\"5b43607\" data-element_type=\"widget\" data-widget_type=\"image.default\">\n\t\t\t\t<div class=\"elementor-widget-container\">\n\t\t\t\t\t\t\t\t\t\t\t\t\t\t\t<img decoding=\"async\" width=\"224\" height=\"314\" src=\"https:\/\/actionbiblique.ch\/wp-content\/uploads\/2024\/03\/H.-E.-Alexander-.png\" class=\"attachment-full size-full wp-image-29420\" alt=\"\u00c9glise AB - Qui sommes-nous - H.-E. Alexander portrait\" srcset=\"https:\/\/actionbiblique.ch\/wp-content\/uploads\/2024\/03\/H.-E.-Alexander-.png 224w, https:\/\/actionbiblique.ch\/wp-content\/uploads\/2024\/03\/H.-E.-Alexander--214x300.png 214w\" sizes=\"(max-width: 224px) 100vw, 224px\" \/>\t\t\t\t\t\t\t\t\t\t\t\t\t\t\t<\/div>\n\t\t\t\t<\/div>\n\t\t\t\t<div class=\"elementor-element elementor-element-bca6859 elementor-widget__width-initial elementor-widget elementor-widget-text-editor\" data-id=\"bca6859\" data-element_type=\"widget\" data-widget_type=\"text-editor.default\">\n\t\t\t\t<div class=\"elementor-widget-container\">\n\t\t\t\t\t\t\t\t\t<p>H.-E. Alexander lag auch die Mission am Herzen, weshalb er 1927 die Genfer Bibelschule gr\u00fcndete (die sp\u00e4ter zum Genfer Bibelinstitut wurde), ein Institut, welches seither Dutzende von Missionaren ausgebildet und ausgesandt hat.<\/p><p>Er legte ebenfalls einen Schwerpunkt auf die Jugendarbeit und schuf mehrere Lagerorte in Frankreich und der Schweiz. Aus dieser evangelistischen Arbeit entstanden Gemeinden in mehreren L\u00e4ndern <strong>auf der ganzen Welt.<\/strong>.<\/p><p><strong>Heute<\/strong>, ist die Action Biblique Schweiz eine Vereinigung von Gemeinden, die sich f\u00fcr die Ausbildung und Erbauung der Gl\u00e4ubigen auf die Lehre der Bibel st\u00fctzt. Im Vordergrund steht das Streben nach Einheit in der Vielfalt, wobei die eigene Identit\u00e4t jeder Mitgliedsgemeinde respektiert wird.<\/p><p><strong>Wir glauben<\/strong> , dass das Kommen von Jesus Christus auf die Erde eine gute Nachricht f\u00fcr jeden Menschen ist. Die Botschaft des Evangeliums weiterzugeben, hat f\u00fcr unsere Vereinigung immer Priorit\u00e4t, so wie es auch f\u00fcr H.-E. Alexander der Fall war. Diese Weitergabe geschieht heute durch die Ortsgemeinden, durch die JAB (Jugend Action Biblique, die Lager organisiert und J\u00fcngerschaft-Arbeit leistet) sowie durch das Aussenden von Missionaren in Partnerschaft mit verschiedenen Missionswerken.<\/p>\t\t\t\t\t\t\t\t<\/div>\n\t\t\t\t<\/div>\n\t\t\t\t<\/div>\n\t\t\t\t\t<\/div>\n\t\t\t\t<\/div>\n\t\t\t\t<\/div>\n\t\t\t\t\t<\/div>\n\t\t\t\t<\/div>\n\t\t\t\t<\/div>","protected":false},"excerpt":{"rendered":"<p>qui sommes-nous? Plus de 100 ans d&rsquo;existence L&rsquo;Action Biblique Suisse en quelques mots L\u2019Action Biblique est le fruit des campagnes d\u2019\u00e9vang\u00e9lisation qu\u2019organisa un \u00e9vang\u00e9liste \u00e9cossais du nom de Hugh Edward Alexander, entre 1907 et 1918. H.-E. Alexander avait \u00e9galement \u00e0 c\u0153ur la mission, raison pour laquelle il fonda en 1927 l\u2019\u00c9cole Biblique de Gen\u00e8ve (devenue [&hellip;]<\/p>\n","protected":false},"author":1,"featured_media":0,"parent":0,"menu_order":0,"comment_status":"closed","ping_status":"closed","template":"","meta":{"footnotes":""},"class_list":["post-29417","page","type-page","status-publish","hentry"],"yoast_head":"<!-- This site is optimized with the Yoast SEO plugin v27.4 - https:\/\/yoast.com\/product\/yoast-seo-wordpress\/ -->\n<title>Pr\u00e9sentation - Action Biblique Suisse<\/title>\n<meta name=\"description\" content=\"Pr\u00e9sentation - qui sommes-nous? Plus de 100 ans d&#039;existence L&#039;Action Biblique Suisse en quelques mots L\u2019Action Biblique est le fruit des campagnes d\u2019\u00e9vang\u00e9lisation\" \/>\n<meta name=\"robots\" content=\"index, follow, max-snippet:-1, max-image-preview:large, max-video-preview:-1\" \/>\n<link rel=\"canonical\" href=\"https:\/\/actionbiblique.ch\/de\/prasentation\/\" \/>\n<meta property=\"og:locale\" content=\"de_DE\" \/>\n<meta property=\"og:type\" content=\"article\" \/>\n<meta property=\"og:title\" content=\"Pr\u00e9sentation - Action Biblique Suisse\" \/>\n<meta property=\"og:description\" content=\"Pr\u00e9sentation - qui sommes-nous? Plus de 100 ans d&#039;existence L&#039;Action Biblique Suisse en quelques mots L\u2019Action Biblique est le fruit des campagnes d\u2019\u00e9vang\u00e9lisation\" \/>\n<meta property=\"og:url\" content=\"https:\/\/actionbiblique.ch\/de\/prasentation\/\" \/>\n<meta property=\"og:site_name\" content=\"Action Biblique Suisse\" \/>\n<meta property=\"article:modified_time\" content=\"2024-07-16T12:01:16+00:00\" \/>\n<meta property=\"og:image\" content=\"https:\/\/actionbiblique.ch\/wp-content\/uploads\/2024\/03\/Qui-sommes-nous-Banniere-principale.png\" \/>\n<meta name=\"twitter:card\" content=\"summary_large_image\" \/>\n<meta name=\"twitter:label1\" content=\"Gesch\u00e4tzte Lesezeit\" \/>\n\t<meta name=\"twitter:data1\" content=\"2\u00a0Minuten\" \/>\n<!-- \/ Yoast SEO plugin. -->","yoast_head_json":{"title":"Pr\u00e9sentation - Action Biblique Suisse","description":"Pr\u00e9sentation - qui sommes-nous? Plus de 100 ans d'existence L'Action Biblique Suisse en quelques mots L\u2019Action Biblique est le fruit des campagnes d\u2019\u00e9vang\u00e9lisation","robots":{"index":"index","follow":"follow","max-snippet":"max-snippet:-1","max-image-preview":"max-image-preview:large","max-video-preview":"max-video-preview:-1"},"canonical":"https:\/\/actionbiblique.ch\/de\/prasentation\/","og_locale":"de_DE","og_type":"article","og_title":"Pr\u00e9sentation - Action Biblique Suisse","og_description":"Pr\u00e9sentation - qui sommes-nous? Plus de 100 ans d'existence L'Action Biblique Suisse en quelques mots L\u2019Action Biblique est le fruit des campagnes d\u2019\u00e9vang\u00e9lisation","og_url":"https:\/\/actionbiblique.ch\/de\/prasentation\/","og_site_name":"Action Biblique Suisse","article_modified_time":"2024-07-16T12:01:16+00:00","og_image":[{"url":"https:\/\/actionbiblique.ch\/wp-content\/uploads\/2024\/03\/Qui-sommes-nous-Banniere-principale.png","type":"","width":"","height":""}],"twitter_card":"summary_large_image","twitter_misc":{"Gesch\u00e4tzte Lesezeit":"2\u00a0Minuten"},"schema":{"@context":"https:\/\/schema.org","@graph":[{"@type":"WebPage","@id":"https:\/\/actionbiblique.ch\/presentation\/","url":"https:\/\/actionbiblique.ch\/presentation\/","name":"Pr\u00e9sentation - Action Biblique Suisse","isPartOf":{"@id":"https:\/\/actionbiblique.ch\/#website"},"primaryImageOfPage":{"@id":"https:\/\/actionbiblique.ch\/presentation\/#primaryimage"},"image":{"@id":"https:\/\/actionbiblique.ch\/presentation\/#primaryimage"},"thumbnailUrl":"https:\/\/actionbiblique.ch\/wp-content\/uploads\/2024\/03\/Qui-sommes-nous-Banniere-principale.png","datePublished":"2024-03-28T12:20:17+00:00","dateModified":"2024-07-16T12:01:16+00:00","description":"Pr\u00e9sentation - qui sommes-nous? Plus de 100 ans d'existence L'Action Biblique Suisse en quelques mots L\u2019Action Biblique est le fruit des campagnes d\u2019\u00e9vang\u00e9lisation","breadcrumb":{"@id":"https:\/\/actionbiblique.ch\/presentation\/#breadcrumb"},"inLanguage":"de","potentialAction":[{"@type":"ReadAction","target":["https:\/\/actionbiblique.ch\/presentation\/"]}]},{"@type":"ImageObject","inLanguage":"de","@id":"https:\/\/actionbiblique.ch\/presentation\/#primaryimage","url":"https:\/\/actionbiblique.ch\/wp-content\/uploads\/2024\/03\/Qui-sommes-nous-Banniere-principale.png","contentUrl":"https:\/\/actionbiblique.ch\/wp-content\/uploads\/2024\/03\/Qui-sommes-nous-Banniere-principale.png"},{"@type":"BreadcrumbList","@id":"https:\/\/actionbiblique.ch\/presentation\/#breadcrumb","itemListElement":[{"@type":"ListItem","position":1,"name":"Accueil","item":"https:\/\/actionbiblique.ch\/fr\/"},{"@type":"ListItem","position":2,"name":"Pr\u00e9sentation"}]},{"@type":"WebSite","@id":"https:\/\/actionbiblique.ch\/#website","url":"https:\/\/actionbiblique.ch\/","name":"ACTION BIBLIQUE","description":"Vivre J\u00e9sus Christ et l\u2019\u00e9vangile en Suisse!","publisher":{"@id":"https:\/\/actionbiblique.ch\/#organization"},"potentialAction":[{"@type":"SearchAction","target":{"@type":"EntryPoint","urlTemplate":"https:\/\/actionbiblique.ch\/?s={search_term_string}"},"query-input":{"@type":"PropertyValueSpecification","valueRequired":true,"valueName":"search_term_string"}}],"inLanguage":"de"},{"@type":"Organization","@id":"https:\/\/actionbiblique.ch\/#organization","name":"ACTION BIBLIQUE","url":"https:\/\/actionbiblique.ch\/","logo":{"@type":"ImageObject","inLanguage":"de","@id":"https:\/\/actionbiblique.ch\/#\/schema\/logo\/image\/","url":"https:\/\/actionbiblique.ch\/wp-content\/uploads\/2024\/03\/ABSuisse-logo.png","contentUrl":"https:\/\/actionbiblique.ch\/wp-content\/uploads\/2024\/03\/ABSuisse-logo.png","width":255,"height":255,"caption":"Action Biblique"},"image":{"@id":"https:\/\/actionbiblique.ch\/#\/schema\/logo\/image\/"}}]}},"_links":{"self":[{"href":"https:\/\/actionbiblique.ch\/de\/wp-json\/wp\/v2\/pages\/29417","targetHints":{"allow":["GET"]}}],"collection":[{"href":"https:\/\/actionbiblique.ch\/de\/wp-json\/wp\/v2\/pages"}],"about":[{"href":"https:\/\/actionbiblique.ch\/de\/wp-json\/wp\/v2\/types\/page"}],"author":[{"embeddable":true,"href":"https:\/\/actionbiblique.ch\/de\/wp-json\/wp\/v2\/users\/1"}],"replies":[{"embeddable":true,"href":"https:\/\/actionbiblique.ch\/de\/wp-json\/wp\/v2\/comments?post=29417"}],"version-history":[{"count":0,"href":"https:\/\/actionbiblique.ch\/de\/wp-json\/wp\/v2\/pages\/29417\/revisions"}],"wp:attachment":[{"href":"https:\/\/actionbiblique.ch\/de\/wp-json\/wp\/v2\/media?parent=29417"}],"curies":[{"name":"wp","href":"https:\/\/api.w.org\/{rel}","templated":true}]}}