{"id":29411,"date":"2024-03-28T13:14:32","date_gmt":"2024-03-28T12:14:32","guid":{"rendered":"https:\/\/actionbiblique.ch\/?page_id=29411"},"modified":"2024-12-19T10:54:55","modified_gmt":"2024-12-19T09:54:55","slug":"glaubensbekenntnis","status":"publish","type":"page","link":"https:\/\/actionbiblique.ch\/de\/glaubensbekenntnis\/","title":{"rendered":"Glaubensbekenntnis"},"content":{"rendered":"<div data-elementor-type=\"wp-page\" data-elementor-id=\"29411\" class=\"elementor elementor-29411\" data-elementor-post-type=\"page\">\n\t\t\t\t<div class=\"elementor-element elementor-element-7ececed5 e-flex e-con-boxed e-con e-parent\" data-id=\"7ececed5\" data-element_type=\"container\">\n\t\t\t\t\t<div class=\"e-con-inner\">\n\t\t<div class=\"elementor-element elementor-element-4403f95d e-con-full e-flex e-con e-child\" data-id=\"4403f95d\" data-element_type=\"container\">\n\t\t<div class=\"elementor-element elementor-element-11892af7 e-con-full e-flex e-con e-child\" data-id=\"11892af7\" data-element_type=\"container\">\n\t\t<div class=\"elementor-element elementor-element-6859b868 e-flex e-con-boxed e-con e-child\" data-id=\"6859b868\" data-element_type=\"container\" data-settings=\"{&quot;background_background&quot;:&quot;classic&quot;}\">\n\t\t\t\t\t<div class=\"e-con-inner\">\n\t\t<div class=\"elementor-element elementor-element-296c86e3 e-con-full e-flex e-con e-child\" data-id=\"296c86e3\" data-element_type=\"container\">\n\t\t\t\t<\/div>\n\t\t<div class=\"elementor-element elementor-element-371f554f e-con-full e-flex e-con e-child\" data-id=\"371f554f\" data-element_type=\"container\">\n\t\t\t\t<div class=\"elementor-element elementor-element-344a7db0 elementor-widget elementor-widget-heading\" data-id=\"344a7db0\" data-element_type=\"widget\" data-widget_type=\"heading.default\">\n\t\t\t\t<div class=\"elementor-widget-container\">\n\t\t\t\t\t<h1 class=\"elementor-heading-title elementor-size-default\">Was wir glauben<\/h1>\t\t\t\t<\/div>\n\t\t\t\t<\/div>\n\t\t\t\t<div class=\"elementor-element elementor-element-73e7a209 elementor-widget elementor-widget-heading\" data-id=\"73e7a209\" data-element_type=\"widget\" data-widget_type=\"heading.default\">\n\t\t\t\t<div class=\"elementor-widget-container\">\n\t\t\t\t\t<h2 class=\"elementor-heading-title elementor-size-default\">Unser Glaubensbekenntnis<\/h2>\t\t\t\t<\/div>\n\t\t\t\t<\/div>\n\t\t\t\t<\/div>\n\t\t\t\t\t<\/div>\n\t\t\t\t<\/div>\n\t\t\t\t<\/div>\n\t\t<div class=\"elementor-element elementor-element-45981bca e-con-full e-flex e-con e-child\" data-id=\"45981bca\" data-element_type=\"container\">\n\t\t\t\t<div class=\"elementor-element elementor-element-7fe5d192 elementor-widget elementor-widget-image\" data-id=\"7fe5d192\" data-element_type=\"widget\" data-widget_type=\"image.default\">\n\t\t\t\t<div class=\"elementor-widget-container\">\n\t\t\t\t\t\t\t\t\t\t\t\t\t\t\t<img fetchpriority=\"high\" decoding=\"async\" width=\"2151\" height=\"855\" src=\"https:\/\/actionbiblique.ch\/wp-content\/uploads\/2024\/03\/Ce-que-nous-croyons-banniere-principale.png\" class=\"attachment-full size-full wp-image-29413\" alt=\"\u00c9glise AB - Confession de foi - Ce que nous croyons - banni\u00e8re principale\" srcset=\"https:\/\/actionbiblique.ch\/wp-content\/uploads\/2024\/03\/Ce-que-nous-croyons-banniere-principale.png 2151w, https:\/\/actionbiblique.ch\/wp-content\/uploads\/2024\/03\/Ce-que-nous-croyons-banniere-principale-300x119.png 300w, https:\/\/actionbiblique.ch\/wp-content\/uploads\/2024\/03\/Ce-que-nous-croyons-banniere-principale-1024x407.png 1024w, https:\/\/actionbiblique.ch\/wp-content\/uploads\/2024\/03\/Ce-que-nous-croyons-banniere-principale-768x305.png 768w, https:\/\/actionbiblique.ch\/wp-content\/uploads\/2024\/03\/Ce-que-nous-croyons-banniere-principale-1536x611.png 1536w, https:\/\/actionbiblique.ch\/wp-content\/uploads\/2024\/03\/Ce-que-nous-croyons-banniere-principale-2048x814.png 2048w\" sizes=\"(max-width: 2151px) 100vw, 2151px\" \/>\t\t\t\t\t\t\t\t\t\t\t\t\t\t\t<\/div>\n\t\t\t\t<\/div>\n\t\t\t\t<\/div>\n\t\t\t\t<\/div>\n\t\t<div class=\"elementor-element elementor-element-1a5557fc e-con-full e-flex e-con e-child\" data-id=\"1a5557fc\" data-element_type=\"container\">\n\t\t<div class=\"elementor-element elementor-element-371915fe e-con-full e-flex e-con e-child\" data-id=\"371915fe\" data-element_type=\"container\" data-settings=\"{&quot;background_background&quot;:&quot;classic&quot;}\">\n\t\t\t\t<\/div>\n\t\t\t\t<\/div>\n\t\t\t\t\t<\/div>\n\t\t\t\t<\/div>\n\t\t<div class=\"elementor-element elementor-element-86a336e e-flex e-con-boxed e-con e-parent\" data-id=\"86a336e\" data-element_type=\"container\">\n\t\t\t\t\t<div class=\"e-con-inner\">\n\t\t\t\t<div class=\"elementor-element elementor-element-7d6ea3c elementor-widget elementor-widget-heading\" data-id=\"7d6ea3c\" data-element_type=\"widget\" data-widget_type=\"heading.default\">\n\t\t\t\t<div class=\"elementor-widget-container\">\n\t\t\t\t\t<h2 class=\"elementor-heading-title elementor-size-default\">Grundlagen<\/h2>\t\t\t\t<\/div>\n\t\t\t\t<\/div>\n\t\t\t\t<div class=\"elementor-element elementor-element-39f4992 elementor-widget__width-initial elementor-widget elementor-widget-text-editor\" data-id=\"39f4992\" data-element_type=\"widget\" data-widget_type=\"text-editor.default\">\n\t\t\t\t<div class=\"elementor-widget-container\">\n\t\t\t\t\t\t\t\t\t<p>Hier die wesentlichen Punkte, auf denen unser Glaube beruht. F\u00fcr uns sind diese Wahrheiten zentral, sie werden uns von Gott durch Sein Wort, die Bibel, gegeben.<\/p>\t\t\t\t\t\t\t\t<\/div>\n\t\t\t\t<\/div>\n\t\t\t\t<div class=\"elementor-element elementor-element-02246d0 elementor-view-default elementor-widget elementor-widget-icon\" data-id=\"02246d0\" data-element_type=\"widget\" data-widget_type=\"icon.default\">\n\t\t\t\t<div class=\"elementor-widget-container\">\n\t\t\t\t\t\t\t<div class=\"elementor-icon-wrapper\">\n\t\t\t<a class=\"elementor-icon\" href=\"#en-savoir-plus\" title=\"en savoir plus\">\n\t\t\t<svg xmlns=\"http:\/\/www.w3.org\/2000\/svg\" width=\"25\" height=\"14\" viewbox=\"0 0 25 14\" fill=\"none\"><g id=\"Groupe 1833\"><path id=\"Trac&#xC3;&#xA9; 147\" d=\"M0.999997 1.0001L12.542 12.543L24.0803 1.00368\" stroke=\"#939393\" stroke-width=\"2\"><\/path><\/g><\/svg>\t\t\t<\/a>\n\t\t<\/div>\n\t\t\t\t\t\t<\/div>\n\t\t\t\t<\/div>\n\t\t\t\t<div class=\"elementor-element elementor-element-3a32eb8 elementor-widget elementor-widget-menu-anchor\" data-id=\"3a32eb8\" data-element_type=\"widget\" data-widget_type=\"menu-anchor.default\">\n\t\t\t\t<div class=\"elementor-widget-container\">\n\t\t\t\t\t\t\t<div class=\"elementor-menu-anchor\" id=\"en-savoir-plus\"><\/div>\n\t\t\t\t\t\t<\/div>\n\t\t\t\t<\/div>\n\t\t<div class=\"elementor-element elementor-element-d378b69 e-con-full e-flex e-con e-child\" data-id=\"d378b69\" data-element_type=\"container\">\n\t\t<div class=\"elementor-element elementor-element-af76a2d e-flex e-con-boxed e-con e-child\" data-id=\"af76a2d\" data-element_type=\"container\" data-settings=\"{&quot;background_background&quot;:&quot;classic&quot;}\">\n\t\t\t\t\t<div class=\"e-con-inner\">\n\t\t<div class=\"elementor-element elementor-element-916fd36 e-con-full e-flex e-con e-child\" data-id=\"916fd36\" data-element_type=\"container\">\n\t\t\t\t<div class=\"elementor-element elementor-element-bca6859 elementor-widget elementor-widget-text-editor\" data-id=\"bca6859\" data-element_type=\"widget\" data-widget_type=\"text-editor.default\">\n\t\t\t\t<div class=\"elementor-widget-container\">\n\t\t\t\t\t\t\t\t\t<p><strong>Die Bibel<\/strong><br \/>Wir glauben, dass die Bibel das Wort Gottes und die Offenbarung Gottes ist, unsere einzige und unfehlbare Autorit\u00e4t.\n\nWir glauben an die Irrtumslosigkeit der Schrift, da die 66 B\u00fccher des Kanons von Gott inspiriert sind (vgl. 2. Timotheus 3,16). Gott hat die Schreiber erw\u00e4hlt, inspiriert, gef\u00fchrt und bewahrt, um uns sein Wort zu offenbaren. Die Urtexte der 66 B\u00fccher in den Originalsprachen sind w\u00f6rtlich inspiriert (1. Korinther 2,12-13).\n\nWir glauben an die v\u00f6llige Wahrheit und ganze Einheit der Bibel auf den drei Ebenen der Botschaft, der Geschichte und der Wissenschaft. F\u00fcr das Verst\u00e4ndnis und die Auslegung der Schrift bed\u00fcrfen wir der Hilfe des Geistes, der die Schreiber geheiligt und geleitet hat und der auch uns das Verst\u00e4ndnis \u00f6ffnen kann, damit wir \"die Wunder des Gesetzes\" erblicken (Psalm 119,18).\n\n2. Petrus 1,19-21; 1. Petrus 1,10-12; Johannes 14,26; 16,12-14; 1. Korinther 2,10-11; 1. Johannes 2,20-21.26-27.<\/p><p><strong>Gott<\/strong><br \/>Wir glauben an einen einzigen Gott, der heilig, ewig und allm\u00e4chtig ist, den Sch\u00f6pfer des Himmels und der Erde (Jesaja 43,10-13).\n\nWir glauben an die Einheit der Gottheit, unterscheiden aber zwischen den Personen Vater, Sohn und Heiliger Geist (Dreieinigkeit).\n\n1. Korinther 8,6; Matth\u00e4us 28,19; 2. Korinther 13,13; Epheser 2,18; 4,1-6.<\/p><p><strong>Jesus Christus, sein Heilswerk und seine Wiederkunft<\/strong><br \/>Wir glauben an die absolute Gottheit Jesu Christi, des ewigen Sohnes Gottes.\n\nR\u00f6mer 9,5; Johannes 1,1; 20,28; Kolosser 2,9; Titus 2,13; Hebr\u00e4er 1,7-12; 1. Johannes 5,20-21; Offenbarung 7,10.\n\nWir glauben, dass Jesus durch ein Wunder im Scho\u00df der Jungfrau Maria vom Heiligen Geist gezeugt wurde(Menschwerdung).\n\nJesaja 7,14; Matth\u00e4us 1,18-25; Lukas 1,35; Johannes 1,14; Galater 4,4; 1. Timotheus 3,16).\n\nWir glauben an die S\u00fchnung der S\u00fcnde durch das Blut des Sohnes Gottes, der am Kreuz sein Leben f\u00fcr uns lie\u00df.\n\nMatth\u00e4us 26,28; R\u00f6mer 3,25; Epheser 1,7; Kolosser 1,19-20; Hebr\u00e4er 9,12.\n\nWir glauben an die leibliche Auferstehung Jesu Christi, seine Himmelfahrt, seine Gegenwart zur Rechten des Vaters und seinen vollkommenen stetigen Priesterdienst f\u00fcr die Seinen auf Erden.\n\nLukas 24,34-39.50-51; Apostelgeschichte 1,3.9-11; 2,32-33; R\u00f6mer 4,25; 8,34; 1. Korinther 15; 1. Timotheus 2,5; Hebr\u00e4er 4,14-16; 7,25; 9,14.24; 1. Johannes 2,1-2.\n\nWir glauben, dass Jesus Christus wiederkommen wird, um die Toten aufzuerwecken, die Gemeinde zu entr\u00fccken, die Menschheit zu richten und sein Reich der Herrlichkeit aufzurichten.\n\nJohannes 5,25-29; Apostelgeschichte 24,15; 1. Korinther 15,20-23.51-55; 1. Thessalonicher 4,13-18; 5,1-11; 1. Timotheus 6,13-16; 2. Petrus 3; Offenbarung 1,7-8.<\/p><p><strong>Der Heilige Geist<\/strong><br \/>Wir glauben an den Heiligen Geist als g\u00f6ttliche Person (Apostelgeschichte 5,3-4; Epheser 4,30; Hebr\u00e4er 10,29). Er ist an dem geschichtlichen und einmaligen Tag von Pfingsten, nach der Aufnahme Jesu in die Herrlichkeit, in F\u00fclle auf die Erde ausgegossen worden.\n\nJohannes 7,37-39; 14,15-20; 16,7; Apostelgeschichte 1,4-5; 2,32-33.\n\nDer Heilige Geist \u00fcberf\u00fchrt den Menschen von S\u00fcnde und schenkt ihm neues Leben. So wird der Gl\u00e4ubige im Heiligen Geist getauft (die erste Erfahrung im Christenleben) und wird dadurch ein Glied der Gemeinde Jesu: Der Geist Gottes wohnt in ihm und heiligt ihn. Der Heilige Geist steht der Gemeinde, dem Leib Christi, vor.\n\nJohannes 16,8; Apostelgeschichte 2,37-40; 9,31; 13,1-4, Titus 3,5-b; 1. Korinther 12,13; 6,11.19; 12,4-11; R\u00f6mer 8,9; 1. Thessalonicher 4,7-8; 2. Thessalonicher 2,13.<\/p><p><strong>Die Verlorenheit des Menschen<\/strong><br \/>Wir glauben, dass der Mensch in seinen S\u00fcnden verloren und unf\u00e4hig ist, sich selbst zu erl\u00f6sen; dass alle Menschen S\u00fcnder und darum vor Gott schuldig sind.\n\n1. Mose 3,1-8; 6,3.5; Jeremia 17,9; Matth\u00e4us 7,11; R\u00f6mer 3,9-23; 5,12-19; Epheser 2,1-3.<\/p><p><strong>Das Heil<\/strong><br \/>Wir glauben an das Heil allein aus Gnade, das die Rechtfertigung, das neue Leben in Christus, den Sieg \u00fcber die S\u00fcnde, die F\u00fclle des Heiligen Geistes, die Erl\u00f6sung des Leibes und das ewige Erbteil umfasst.\n\nWir glauben, dass ein Wiedergeborener f\u00fcr Zeit und Ewigkeit gerettet ist und da\u00df Gott das in ihm begonnene Werk fortsetzt und vollenden wird.\n\nR\u00f6mer 3,23-24; 6,1-14; 8,23-25; Epheser 2,8-9; 5,18; 2. Korinther 5,17; 1. Petrus 1,3-5; Philipper 1,6.<\/p><p><strong>Die Weltweite Gemeinde Jesu<\/strong><br \/>Wir glauben an die Einheit der Glieder am Leib Christi, der Gemeinde; diese setzt sich zusammen aus den Erl\u00f6sten, die durch den unverg\u00e4nglichen Samen des Wortes und durch den Geist Gottes wiedergeboren sind. Wir machen einen Unterschied zwischen der Gemeinde und der Christenheit; letztere ist ein mit Weltlichkeit vermischtes religi\u00f6ses Gebilde.\n\nEpheser 4,1-16; Johannes 3,3.5.8; 1. Petrus 1,23-25; Matth\u00e4us 13,24-43; Offenbarung 18,1-4.<\/p><p><strong>Satan<\/strong><br \/>Wir glauben, dass Satan existiert und dass er eine m\u00e4chtige Pers\u00f6nlichkeit ist.\n\nJohannes 14,30; 2. Korinther 4,4; Epheser 2,2; 1. Johannes 5,19.\n\nWir glauben, dass er seine T\u00e4tigkeit besonders gegen die Glieder der Gemeinde Gottes richtet, um sie zu verf\u00fchren, zu entwaffnen und anzuklagen.\n\nLukas 22,31-32; 2. Korinther 11,1-4.13-15; Epheser 6,10-12; 1. Timotheus 3,6-7; 2. Timotheus 2,26; 1. Petrus 5,8-9; Offenbarung 12,10-12.<\/p><p><strong>Endzeit und Antichrist<\/strong><br \/>Wir glauben, dass wir in der Endzeit mit ihren unbestreitbaren Kennzeichen leben: Abfall von Gott, Ungerechtigkeit, Gottlosigkeit, Gewaltt\u00e4tigkeit, Verf\u00fchrungen, soziale und politische Umw\u00e4lzungen, skandal\u00f6se Gewinne.\n\nMatth\u00e4us 24,1-14; 1. Timotheus 4,1-3; 2. Timotheus 3,1-5; 4,1-4; Jakobus 5,1-9.\n\nWir glauben, dass diese Verh\u00e4ltnisse das Kommen des Antichrists vorbereiten und das Gericht Gottes herbeirufen.\n\nJesaja 61,2; Johannes 5,43; Kolosser 3,6; 2. Thessalonicher 2,1-12; 2. Petrus 3,8-10; 1. Johannes 2,18; 4,3; Offenbarung 13,1-10.\n\nHerrschaft Jesu\n\nWir glauben, dass Jesus Christus mit den Seinen in Gerechtigkeit und Frieden auf der Erde herrschen wird.\n\nPsalm 2; 45; 72; Jesaja 9,5; 11,1-10; 49,5-7; 52,13-15; 65,18-25; Jeremia 23,5-8; Daniel 7,14; Sacharja 14,1-5; 1. Thessalonicher 3,13; 2. Thessalonicher 1,6-10; Offenbarung 2,26-27,19,15; 20,4-6.<\/p><p><strong>Ewige Verlorenheit oder ewiges Leben im Himmel<\/strong><br \/>Wir glauben an einen Ort ewiger, bewusst empfundener Strafe f\u00fcr die Gottlosen im Feuer- und Schwefelsee, fern von Gott, zusammen mit Satan, dem Tier und dem falschen Propheten, und an den Himmel, einen Ort ewigen, vollkommenen Gl\u00fccks f\u00fcr die Erl\u00f6sten in der unmittelbaren Gegenwart Gottes.\n\nMatth\u00e4us 25,46; Offenbarung 20,10-15.21-22.<\/p>\t\t\t\t\t\t\t\t<\/div>\n\t\t\t\t<\/div>\n\t\t\t\t<\/div>\n\t\t\t\t\t<\/div>\n\t\t\t\t<\/div>\n\t\t\t\t<\/div>\n\t\t\t\t\t<\/div>\n\t\t\t\t<\/div>\n\t\t<div class=\"elementor-element elementor-element-7068605 e-flex e-con-boxed e-con e-parent\" data-id=\"7068605\" data-element_type=\"container\">\n\t\t\t\t\t<div class=\"e-con-inner\">\n\t\t\t\t<div class=\"elementor-element elementor-element-b08840f elementor-align-center elementor-widget elementor-widget-button\" data-id=\"b08840f\" data-element_type=\"widget\" data-widget_type=\"button.default\">\n\t\t\t\t<div class=\"elementor-widget-container\">\n\t\t\t\t\t\t\t\t\t<div class=\"elementor-button-wrapper\">\n\t\t\t\t\t<a class=\"elementor-button elementor-button-link elementor-size-sm\" href=\"https:\/\/actionbiblique.ch\/wp-content\/uploads\/2024\/12\/Declaration-de-foi-2000.pdf\">\n\t\t\t\t\t\t<span class=\"elementor-button-content-wrapper\">\n\t\t\t\t\t\t\t\t\t<span class=\"elementor-button-text\">Confession de foi compl\u00e8te<\/span>\n\t\t\t\t\t<\/span>\n\t\t\t\t\t<\/a>\n\t\t\t\t<\/div>\n\t\t\t\t\t\t\t\t<\/div>\n\t\t\t\t<\/div>\n\t\t\t\t\t<\/div>\n\t\t\t\t<\/div>\n\t\t\t\t<\/div>","protected":false},"excerpt":{"rendered":"<p>ce que nous croyons R\u00e9sum\u00e9 de notre confession de foi fondements Dans les lignes qui suivent, vous trouverez, en r\u00e9sum\u00e9, les points essentiels sur lesquels s\u2019appuient notre foi. Pour nous, ces v\u00e9rit\u00e9s sont centrales et elles nous sont donn\u00e9es par Dieu au travers de sa Parole, la Bible. DieuDieu est unique, seul v\u00e9ritable Dieu, Saint, [&hellip;]<\/p>\n","protected":false},"author":1,"featured_media":0,"parent":0,"menu_order":0,"comment_status":"closed","ping_status":"closed","template":"","meta":{"footnotes":""},"class_list":["post-29411","page","type-page","status-publish","hentry"],"yoast_head":"<!-- This site is optimized with the Yoast SEO plugin v27.4 - https:\/\/yoast.com\/product\/yoast-seo-wordpress\/ -->\n<title>Confession de foi - Action Biblique Suisse<\/title>\n<meta name=\"description\" content=\"CONFESSION DE FOI. Ce que nous croyons. R\u00e9sum\u00e9 de notre confession de foi. Les points essentiels sur lesquels s\u2019appuient notre foi.\" \/>\n<meta name=\"robots\" content=\"index, follow, max-snippet:-1, max-image-preview:large, max-video-preview:-1\" \/>\n<link rel=\"canonical\" href=\"https:\/\/actionbiblique.ch\/de\/glaubensbekenntnis\/\" \/>\n<meta property=\"og:locale\" content=\"de_DE\" \/>\n<meta property=\"og:type\" content=\"article\" \/>\n<meta property=\"og:title\" content=\"Confession de foi - Action Biblique Suisse\" \/>\n<meta property=\"og:description\" content=\"CONFESSION DE FOI. Ce que nous croyons. R\u00e9sum\u00e9 de notre confession de foi. Les points essentiels sur lesquels s\u2019appuient notre foi.\" \/>\n<meta property=\"og:url\" content=\"https:\/\/actionbiblique.ch\/de\/glaubensbekenntnis\/\" \/>\n<meta property=\"og:site_name\" content=\"Action Biblique Suisse\" \/>\n<meta property=\"article:modified_time\" content=\"2024-12-19T09:54:55+00:00\" \/>\n<meta property=\"og:image\" content=\"https:\/\/actionbiblique.ch\/wp-content\/uploads\/2024\/03\/Ce-que-nous-croyons-banniere-principale-1024x407.png\" \/>\n\t<meta property=\"og:image:width\" content=\"1024\" \/>\n\t<meta property=\"og:image:height\" content=\"407\" \/>\n\t<meta property=\"og:image:type\" content=\"image\/png\" \/>\n<meta name=\"twitter:card\" content=\"summary_large_image\" \/>\n<meta name=\"twitter:label1\" content=\"Gesch\u00e4tzte Lesezeit\" \/>\n\t<meta name=\"twitter:data1\" content=\"4\u00a0Minuten\" \/>\n<!-- \/ Yoast SEO plugin. -->","yoast_head_json":{"title":"Confession de foi - Action Biblique Suisse","description":"CONFESSION DE FOI. Ce que nous croyons. R\u00e9sum\u00e9 de notre confession de foi. Les points essentiels sur lesquels s\u2019appuient notre foi.","robots":{"index":"index","follow":"follow","max-snippet":"max-snippet:-1","max-image-preview":"max-image-preview:large","max-video-preview":"max-video-preview:-1"},"canonical":"https:\/\/actionbiblique.ch\/de\/glaubensbekenntnis\/","og_locale":"de_DE","og_type":"article","og_title":"Confession de foi - Action Biblique Suisse","og_description":"CONFESSION DE FOI. Ce que nous croyons. R\u00e9sum\u00e9 de notre confession de foi. Les points essentiels sur lesquels s\u2019appuient notre foi.","og_url":"https:\/\/actionbiblique.ch\/de\/glaubensbekenntnis\/","og_site_name":"Action Biblique Suisse","article_modified_time":"2024-12-19T09:54:55+00:00","og_image":[{"width":1024,"height":407,"url":"https:\/\/actionbiblique.ch\/wp-content\/uploads\/2024\/03\/Ce-que-nous-croyons-banniere-principale-1024x407.png","type":"image\/png"}],"twitter_card":"summary_large_image","twitter_misc":{"Gesch\u00e4tzte Lesezeit":"4\u00a0Minuten"},"schema":{"@context":"https:\/\/schema.org","@graph":[{"@type":"WebPage","@id":"https:\/\/actionbiblique.ch\/fr\/confession-de-foi\/","url":"https:\/\/actionbiblique.ch\/fr\/confession-de-foi\/","name":"Confession de foi - Action Biblique Suisse","isPartOf":{"@id":"https:\/\/actionbiblique.ch\/#website"},"primaryImageOfPage":{"@id":"https:\/\/actionbiblique.ch\/fr\/confession-de-foi\/#primaryimage"},"image":{"@id":"https:\/\/actionbiblique.ch\/fr\/confession-de-foi\/#primaryimage"},"thumbnailUrl":"https:\/\/actionbiblique.ch\/wp-content\/uploads\/2024\/03\/Ce-que-nous-croyons-banniere-principale.png","datePublished":"2024-03-28T12:14:32+00:00","dateModified":"2024-12-19T09:54:55+00:00","description":"CONFESSION DE FOI. Ce que nous croyons. R\u00e9sum\u00e9 de notre confession de foi. Les points essentiels sur lesquels s\u2019appuient notre foi.","breadcrumb":{"@id":"https:\/\/actionbiblique.ch\/fr\/confession-de-foi\/#breadcrumb"},"inLanguage":"de","potentialAction":[{"@type":"ReadAction","target":["https:\/\/actionbiblique.ch\/fr\/confession-de-foi\/"]}]},{"@type":"ImageObject","inLanguage":"de","@id":"https:\/\/actionbiblique.ch\/fr\/confession-de-foi\/#primaryimage","url":"https:\/\/actionbiblique.ch\/wp-content\/uploads\/2024\/03\/Ce-que-nous-croyons-banniere-principale.png","contentUrl":"https:\/\/actionbiblique.ch\/wp-content\/uploads\/2024\/03\/Ce-que-nous-croyons-banniere-principale.png"},{"@type":"BreadcrumbList","@id":"https:\/\/actionbiblique.ch\/fr\/confession-de-foi\/#breadcrumb","itemListElement":[{"@type":"ListItem","position":1,"name":"Accueil","item":"https:\/\/actionbiblique.ch\/fr\/"},{"@type":"ListItem","position":2,"name":"Confession de foi"}]},{"@type":"WebSite","@id":"https:\/\/actionbiblique.ch\/#website","url":"https:\/\/actionbiblique.ch\/","name":"ACTION BIBLIQUE","description":"Vivre J\u00e9sus Christ et l\u2019\u00e9vangile en Suisse!","publisher":{"@id":"https:\/\/actionbiblique.ch\/#organization"},"potentialAction":[{"@type":"SearchAction","target":{"@type":"EntryPoint","urlTemplate":"https:\/\/actionbiblique.ch\/?s={search_term_string}"},"query-input":{"@type":"PropertyValueSpecification","valueRequired":true,"valueName":"search_term_string"}}],"inLanguage":"de"},{"@type":"Organization","@id":"https:\/\/actionbiblique.ch\/#organization","name":"ACTION BIBLIQUE","url":"https:\/\/actionbiblique.ch\/","logo":{"@type":"ImageObject","inLanguage":"de","@id":"https:\/\/actionbiblique.ch\/#\/schema\/logo\/image\/","url":"https:\/\/actionbiblique.ch\/wp-content\/uploads\/2024\/03\/ABSuisse-logo.png","contentUrl":"https:\/\/actionbiblique.ch\/wp-content\/uploads\/2024\/03\/ABSuisse-logo.png","width":255,"height":255,"caption":"Action Biblique"},"image":{"@id":"https:\/\/actionbiblique.ch\/#\/schema\/logo\/image\/"}}]}},"_links":{"self":[{"href":"https:\/\/actionbiblique.ch\/de\/wp-json\/wp\/v2\/pages\/29411","targetHints":{"allow":["GET"]}}],"collection":[{"href":"https:\/\/actionbiblique.ch\/de\/wp-json\/wp\/v2\/pages"}],"about":[{"href":"https:\/\/actionbiblique.ch\/de\/wp-json\/wp\/v2\/types\/page"}],"author":[{"embeddable":true,"href":"https:\/\/actionbiblique.ch\/de\/wp-json\/wp\/v2\/users\/1"}],"replies":[{"embeddable":true,"href":"https:\/\/actionbiblique.ch\/de\/wp-json\/wp\/v2\/comments?post=29411"}],"version-history":[{"count":0,"href":"https:\/\/actionbiblique.ch\/de\/wp-json\/wp\/v2\/pages\/29411\/revisions"}],"wp:attachment":[{"href":"https:\/\/actionbiblique.ch\/de\/wp-json\/wp\/v2\/media?parent=29411"}],"curies":[{"name":"wp","href":"https:\/\/api.w.org\/{rel}","templated":true}]}}