{"id":29398,"date":"2024-03-28T13:05:53","date_gmt":"2024-03-28T12:05:53","guid":{"rendered":"https:\/\/actionbiblique.ch\/?page_id=29398"},"modified":"2024-07-16T13:52:18","modified_gmt":"2024-07-16T11:52:18","slug":"unsere-werte","status":"publish","type":"page","link":"https:\/\/actionbiblique.ch\/de\/unsere-werte\/","title":{"rendered":"Unsere Werte"},"content":{"rendered":"\t\t<div data-elementor-type=\"wp-page\" data-elementor-id=\"29398\" class=\"elementor elementor-29398\" data-elementor-post-type=\"page\">\n\t\t\t\t<div class=\"elementor-element elementor-element-7ececed5 e-flex e-con-boxed e-con e-parent\" data-id=\"7ececed5\" data-element_type=\"container\">\n\t\t\t\t\t<div class=\"e-con-inner\">\n\t\t<div class=\"elementor-element elementor-element-4403f95d e-con-full e-flex e-con e-child\" data-id=\"4403f95d\" data-element_type=\"container\">\n\t\t<div class=\"elementor-element elementor-element-11892af7 e-con-full e-flex e-con e-child\" data-id=\"11892af7\" data-element_type=\"container\">\n\t\t<div class=\"elementor-element elementor-element-6859b868 e-flex e-con-boxed e-con e-child\" data-id=\"6859b868\" data-element_type=\"container\" data-settings=\"{&quot;background_background&quot;:&quot;classic&quot;}\">\n\t\t\t\t\t<div class=\"e-con-inner\">\n\t\t<div class=\"elementor-element elementor-element-296c86e3 e-con-full e-flex e-con e-child\" data-id=\"296c86e3\" data-element_type=\"container\">\n\t\t\t\t<\/div>\n\t\t<div class=\"elementor-element elementor-element-371f554f e-con-full e-flex e-con e-child\" data-id=\"371f554f\" data-element_type=\"container\">\n\t\t\t\t<div class=\"elementor-element elementor-element-344a7db0 elementor-widget elementor-widget-heading\" data-id=\"344a7db0\" data-element_type=\"widget\" data-widget_type=\"heading.default\">\n\t\t\t\t<div class=\"elementor-widget-container\">\n\t\t\t\t\t<h1 class=\"elementor-heading-title elementor-size-default\">nos valeurs<\/h1>\t\t\t\t<\/div>\n\t\t\t\t<\/div>\n\t\t\t\t<div class=\"elementor-element elementor-element-73e7a209 elementor-widget elementor-widget-heading\" data-id=\"73e7a209\" data-element_type=\"widget\" data-widget_type=\"heading.default\">\n\t\t\t\t<div class=\"elementor-widget-container\">\n\t\t\t\t\t<h2 class=\"elementor-heading-title elementor-size-default\">vivre dans le respect des valeurs bibliques<\/h2>\t\t\t\t<\/div>\n\t\t\t\t<\/div>\n\t\t\t\t<\/div>\n\t\t\t\t\t<\/div>\n\t\t\t\t<\/div>\n\t\t\t\t<\/div>\n\t\t<div class=\"elementor-element elementor-element-45981bca e-con-full e-flex e-con e-child\" data-id=\"45981bca\" data-element_type=\"container\">\n\t\t\t\t<div class=\"elementor-element elementor-element-7fe5d192 elementor-widget elementor-widget-image\" data-id=\"7fe5d192\" data-element_type=\"widget\" data-widget_type=\"image.default\">\n\t\t\t\t<div class=\"elementor-widget-container\">\n\t\t\t\t\t\t\t\t\t\t\t\t\t\t\t<img fetchpriority=\"high\" decoding=\"async\" width=\"2151\" height=\"855\" src=\"https:\/\/actionbiblique.ch\/wp-content\/uploads\/2024\/03\/Nos-valeurs-banniere-principales.png\" class=\"attachment-full size-full wp-image-29399\" alt=\"\u00c9glise AB - Nos valeurs - banni\u00e8re principales\" srcset=\"https:\/\/actionbiblique.ch\/wp-content\/uploads\/2024\/03\/Nos-valeurs-banniere-principales.png 2151w, https:\/\/actionbiblique.ch\/wp-content\/uploads\/2024\/03\/Nos-valeurs-banniere-principales-300x119.png 300w, https:\/\/actionbiblique.ch\/wp-content\/uploads\/2024\/03\/Nos-valeurs-banniere-principales-1024x407.png 1024w, https:\/\/actionbiblique.ch\/wp-content\/uploads\/2024\/03\/Nos-valeurs-banniere-principales-768x305.png 768w, https:\/\/actionbiblique.ch\/wp-content\/uploads\/2024\/03\/Nos-valeurs-banniere-principales-1536x611.png 1536w, https:\/\/actionbiblique.ch\/wp-content\/uploads\/2024\/03\/Nos-valeurs-banniere-principales-2048x814.png 2048w\" sizes=\"(max-width: 2151px) 100vw, 2151px\" \/>\t\t\t\t\t\t\t\t\t\t\t\t\t\t\t<\/div>\n\t\t\t\t<\/div>\n\t\t\t\t<\/div>\n\t\t\t\t<\/div>\n\t\t<div class=\"elementor-element elementor-element-1a5557fc e-con-full e-flex e-con e-child\" data-id=\"1a5557fc\" data-element_type=\"container\">\n\t\t<div class=\"elementor-element elementor-element-371915fe e-con-full e-flex e-con e-child\" data-id=\"371915fe\" data-element_type=\"container\" data-settings=\"{&quot;background_background&quot;:&quot;classic&quot;}\">\n\t\t\t\t<\/div>\n\t\t\t\t<\/div>\n\t\t\t\t\t<\/div>\n\t\t\t\t<\/div>\n\t\t<div class=\"elementor-element elementor-element-86a336e e-flex e-con-boxed e-con e-parent\" data-id=\"86a336e\" data-element_type=\"container\">\n\t\t\t\t\t<div class=\"e-con-inner\">\n\t\t\t\t<div class=\"elementor-element elementor-element-7d6ea3c elementor-widget elementor-widget-heading\" data-id=\"7d6ea3c\" data-element_type=\"widget\" data-widget_type=\"heading.default\">\n\t\t\t\t<div class=\"elementor-widget-container\">\n\t\t\t\t\t<h2 class=\"elementor-heading-title elementor-size-default\">fond\u00e9s sur <span style=\"color:#E72F2A\">la bible<\/span><\/h2>\t\t\t\t<\/div>\n\t\t\t\t<\/div>\n\t\t\t\t<div class=\"elementor-element elementor-element-39f4992 elementor-widget__width-initial elementor-widget elementor-widget-text-editor\" data-id=\"39f4992\" data-element_type=\"widget\" data-widget_type=\"text-editor.default\">\n\t\t\t\t<div class=\"elementor-widget-container\">\n\t\t\t\t\t\t\t\t\t<p>Dans l\u2019esprit de ce que nous enseigne la Bible, notre souhait en tant qu\u2019association d\u2019\u00c9glises est de vivre dans le respect des valeurs qui y sont enseign\u00e9es.<\/p>\t\t\t\t\t\t\t\t<\/div>\n\t\t\t\t<\/div>\n\t\t\t\t<div class=\"elementor-element elementor-element-02246d0 elementor-view-default elementor-widget elementor-widget-icon\" data-id=\"02246d0\" data-element_type=\"widget\" data-widget_type=\"icon.default\">\n\t\t\t\t<div class=\"elementor-widget-container\">\n\t\t\t\t\t\t\t<div class=\"elementor-icon-wrapper\">\n\t\t\t<a class=\"elementor-icon\" href=\"#en-savoir-plus\" title=\"en savoir plus\">\n\t\t\t<svg xmlns=\"http:\/\/www.w3.org\/2000\/svg\" width=\"25\" height=\"14\" viewBox=\"0 0 25 14\" fill=\"none\"><g id=\"Groupe 1833\"><path id=\"Trac&#xC3;&#xA9; 147\" d=\"M0.999997 1.0001L12.542 12.543L24.0803 1.00368\" stroke=\"#939393\" stroke-width=\"2\"><\/path><\/g><\/svg>\t\t\t<\/a>\n\t\t<\/div>\n\t\t\t\t\t\t<\/div>\n\t\t\t\t<\/div>\n\t\t\t\t<div class=\"elementor-element elementor-element-3a32eb8 elementor-widget elementor-widget-menu-anchor\" data-id=\"3a32eb8\" data-element_type=\"widget\" data-widget_type=\"menu-anchor.default\">\n\t\t\t\t<div class=\"elementor-widget-container\">\n\t\t\t\t\t\t\t<div class=\"elementor-menu-anchor\" id=\"en-savoir-plus\"><\/div>\n\t\t\t\t\t\t<\/div>\n\t\t\t\t<\/div>\n\t\t<div class=\"elementor-element elementor-element-d378b69 e-con-full e-flex e-con e-child\" data-id=\"d378b69\" data-element_type=\"container\">\n\t\t<div class=\"elementor-element elementor-element-af76a2d e-flex e-con-boxed e-con e-child\" data-id=\"af76a2d\" data-element_type=\"container\" data-settings=\"{&quot;background_background&quot;:&quot;classic&quot;}\">\n\t\t\t\t\t<div class=\"e-con-inner\">\n\t\t<div class=\"elementor-element elementor-element-ed92c05 e-con-full e-flex e-con e-child\" data-id=\"ed92c05\" data-element_type=\"container\">\n\t\t\t\t<\/div>\n\t\t<div class=\"elementor-element elementor-element-916fd36 e-con-full e-flex e-con e-child\" data-id=\"916fd36\" data-element_type=\"container\">\n\t\t\t\t<div class=\"elementor-element elementor-element-5f17dad elementor-widget elementor-widget-heading\" data-id=\"5f17dad\" data-element_type=\"widget\" data-widget_type=\"heading.default\">\n\t\t\t\t<div class=\"elementor-widget-container\">\n\t\t\t\t\t<h3 class=\"elementor-heading-title elementor-size-default\">Aimer <span style=\"color:#E72F2A\">Dieu <\/span><\/h3>\t\t\t\t<\/div>\n\t\t\t\t<\/div>\n\t\t\t\t<div class=\"elementor-element elementor-element-bca6859 elementor-widget elementor-widget-text-editor\" data-id=\"bca6859\" data-element_type=\"widget\" data-widget_type=\"text-editor.default\">\n\t\t\t\t<div class=\"elementor-widget-container\">\n\t\t\t\t\t\t\t\t\t<p>Nous croyons que conna\u00eetre Dieu et le rencontrer de mani\u00e8re personnelle sont les choses les plus pr\u00e9cieuses dans une vie. Il transforme la vie de ceux qui lui font confiance, les aide et les guide dans leur vie quotidienne, il change leur vision du monde et les invite \u00e0 se recentrer sur ce qui est essentiel. C\u2019est aussi la base de toute foi authentique et le commandement le plus important selon le Seigneur J\u00e9sus.<\/p><p><em>\u00ab Tu aimeras le Seigneur, ton Dieu, de tout ton c\u0153ur, de toute ton \u00e2me et de toute ta pens\u00e9e. \u00bb Mt. 22.37<\/em><\/p>\t\t\t\t\t\t\t\t<\/div>\n\t\t\t\t<\/div>\n\t\t\t\t<\/div>\n\t\t\t\t\t<\/div>\n\t\t\t\t<\/div>\n\t\t<div class=\"elementor-element elementor-element-f847f69 e-flex e-con-boxed e-con e-child\" data-id=\"f847f69\" data-element_type=\"container\" data-settings=\"{&quot;background_background&quot;:&quot;classic&quot;}\">\n\t\t\t\t\t<div class=\"e-con-inner\">\n\t\t<div class=\"elementor-element elementor-element-1b8cbd6 e-con-full e-flex e-con e-child\" data-id=\"1b8cbd6\" data-element_type=\"container\">\n\t\t\t\t<\/div>\n\t\t<div class=\"elementor-element elementor-element-8c174e5 e-con-full e-flex e-con e-child\" data-id=\"8c174e5\" data-element_type=\"container\">\n\t\t\t\t<div class=\"elementor-element elementor-element-8ec416a elementor-widget elementor-widget-heading\" data-id=\"8ec416a\" data-element_type=\"widget\" data-widget_type=\"heading.default\">\n\t\t\t\t<div class=\"elementor-widget-container\">\n\t\t\t\t\t<h3 class=\"elementor-heading-title elementor-size-default\">Pour aimer<span style=\"color:#E72F2A\">  notre prochain<\/span><\/h3>\t\t\t\t<\/div>\n\t\t\t\t<\/div>\n\t\t\t\t<div class=\"elementor-element elementor-element-181eef3 elementor-widget elementor-widget-text-editor\" data-id=\"181eef3\" data-element_type=\"widget\" data-widget_type=\"text-editor.default\">\n\t\t\t\t<div class=\"elementor-widget-container\">\n\t\t\t\t\t\t\t\t\t<p>Connaitre et aimer Dieu nous conduit \u00e0 aimer notre prochain, de mani\u00e8re sinc\u00e8re, en portant sur chaque personne le m\u00eame regard que Dieu porte sur nous. Parce que Dieu nous a aim\u00e9s le premier, nous sommes invit\u00e9s \u00e0 faire de m\u00eame envers lui et notre prochain. C\u2019est le 2\u00e8me commandement le plus important, toujours selon le Seigneur J\u00e9sus.<\/p><p><em>\u00ab [\u2026] Tu aimeras ton prochain comme toi-m\u00eame. \u00bb Mt.22.39<\/em><\/p>\t\t\t\t\t\t\t\t<\/div>\n\t\t\t\t<\/div>\n\t\t\t\t<\/div>\n\t\t\t\t\t<\/div>\n\t\t\t\t<\/div>\n\t\t<div class=\"elementor-element elementor-element-589b6e6 e-flex e-con-boxed e-con e-child\" data-id=\"589b6e6\" data-element_type=\"container\" data-settings=\"{&quot;background_background&quot;:&quot;classic&quot;}\">\n\t\t\t\t\t<div class=\"e-con-inner\">\n\t\t<div class=\"elementor-element elementor-element-1de6bad e-con-full e-flex e-con e-child\" data-id=\"1de6bad\" data-element_type=\"container\">\n\t\t\t\t<\/div>\n\t\t<div class=\"elementor-element elementor-element-4ace28e e-con-full e-flex e-con e-child\" data-id=\"4ace28e\" data-element_type=\"container\">\n\t\t\t\t<div class=\"elementor-element elementor-element-a422b9f elementor-widget elementor-widget-heading\" data-id=\"a422b9f\" data-element_type=\"widget\" data-widget_type=\"heading.default\">\n\t\t\t\t<div class=\"elementor-widget-container\">\n\t\t\t\t\t<h3 class=\"elementor-heading-title elementor-size-default\">Pour \u00eatre des<span style=\"color:#E72F2A\"> serviteurs<\/span><\/h3>\t\t\t\t<\/div>\n\t\t\t\t<\/div>\n\t\t\t\t<div class=\"elementor-element elementor-element-cbe38ad elementor-widget elementor-widget-text-editor\" data-id=\"cbe38ad\" data-element_type=\"widget\" data-widget_type=\"text-editor.default\">\n\t\t\t\t<div class=\"elementor-widget-container\">\n\t\t\t\t\t\t\t\t\t<p>\u00catre au service de l\u2019autre, rechercher l\u2019int\u00e9r\u00eat du plus grand nombre plut\u00f4t que le n\u00f4tre, agir de mani\u00e8re concr\u00e8te et pratique en apportant notre soutien par divers moyens, comme le soutien spirituel, l\u2019aide sociale, l\u2019aide mat\u00e9rielle.<\/p>\t\t\t\t\t\t\t\t<\/div>\n\t\t\t\t<\/div>\n\t\t\t\t<\/div>\n\t\t\t\t\t<\/div>\n\t\t\t\t<\/div>\n\t\t<div class=\"elementor-element elementor-element-5eaa5ec e-flex e-con-boxed e-con e-child\" data-id=\"5eaa5ec\" data-element_type=\"container\" data-settings=\"{&quot;background_background&quot;:&quot;classic&quot;}\">\n\t\t\t\t\t<div class=\"e-con-inner\">\n\t\t<div class=\"elementor-element elementor-element-683d970 e-con-full e-flex e-con e-child\" data-id=\"683d970\" data-element_type=\"container\">\n\t\t\t\t<\/div>\n\t\t<div class=\"elementor-element elementor-element-3b24ddf e-con-full e-flex e-con e-child\" data-id=\"3b24ddf\" data-element_type=\"container\">\n\t\t\t\t<div class=\"elementor-element elementor-element-7f0a87d elementor-widget elementor-widget-heading\" data-id=\"7f0a87d\" data-element_type=\"widget\" data-widget_type=\"heading.default\">\n\t\t\t\t<div class=\"elementor-widget-container\">\n\t\t\t\t\t<h3 class=\"elementor-heading-title elementor-size-default\">Dans <span style=\"color:#E72F2A\">le respect <\/span> de chacun\n<\/h3>\t\t\t\t<\/div>\n\t\t\t\t<\/div>\n\t\t\t\t<div class=\"elementor-element elementor-element-e2639c2 elementor-widget elementor-widget-text-editor\" data-id=\"e2639c2\" data-element_type=\"widget\" data-widget_type=\"text-editor.default\">\n\t\t\t\t<div class=\"elementor-widget-container\">\n\t\t\t\t\t\t\t\t\t<p>Respecter chacun avec ses diff\u00e9rences et ses sp\u00e9cificit\u00e9s culturelles et sociales, tout en restant attach\u00e9s \u00e0 nos valeurs propres, sans toutefois les imposer, cela fait partie int\u00e9grante de la vie chr\u00e9tienne et de ce que nous souhaitons promouvoir dans nos \u00c9glises.<\/p>\t\t\t\t\t\t\t\t<\/div>\n\t\t\t\t<\/div>\n\t\t\t\t<\/div>\n\t\t\t\t\t<\/div>\n\t\t\t\t<\/div>\n\t\t<div class=\"elementor-element elementor-element-bb8caa0 e-flex e-con-boxed e-con e-child\" data-id=\"bb8caa0\" data-element_type=\"container\" data-settings=\"{&quot;background_background&quot;:&quot;classic&quot;}\">\n\t\t\t\t\t<div class=\"e-con-inner\">\n\t\t<div class=\"elementor-element elementor-element-bf2b729 e-con-full e-flex e-con e-child\" data-id=\"bf2b729\" data-element_type=\"container\">\n\t\t\t\t<\/div>\n\t\t<div class=\"elementor-element elementor-element-7e7d38d e-con-full e-flex e-con e-child\" data-id=\"7e7d38d\" data-element_type=\"container\">\n\t\t\t\t<div class=\"elementor-element elementor-element-720d62b elementor-widget elementor-widget-heading\" data-id=\"720d62b\" data-element_type=\"widget\" data-widget_type=\"heading.default\">\n\t\t\t\t<div class=\"elementor-widget-container\">\n\t\t\t\t\t<h3 class=\"elementor-heading-title elementor-size-default\">Par <span style=\"color:#E72F2A\">le t\u00e9moignage <\/span> de notre foi\n<\/h3>\t\t\t\t<\/div>\n\t\t\t\t<\/div>\n\t\t\t\t<div class=\"elementor-element elementor-element-080d4fb elementor-widget elementor-widget-text-editor\" data-id=\"080d4fb\" data-element_type=\"widget\" data-widget_type=\"text-editor.default\">\n\t\t\t\t<div class=\"elementor-widget-container\">\n\t\t\t\t\t\t\t\t\t<p>La foi faisant partie de la vie de chaque croyant, nous sommes invit\u00e9s \u00e0 la partager, car aimer notre prochain, c\u2019est aussi lui faire part de la bonne nouvelle du salut en Christ que nous avons nous-m\u00eames re\u00e7ue, et lui permettre de conna\u00eetre Dieu.<\/p>\t\t\t\t\t\t\t\t<\/div>\n\t\t\t\t<\/div>\n\t\t\t\t<\/div>\n\t\t\t\t\t<\/div>\n\t\t\t\t<\/div>\n\t\t<div class=\"elementor-element elementor-element-2bc2b40 e-flex e-con-boxed e-con e-child\" data-id=\"2bc2b40\" data-element_type=\"container\" data-settings=\"{&quot;background_background&quot;:&quot;classic&quot;}\">\n\t\t\t\t\t<div class=\"e-con-inner\">\n\t\t<div class=\"elementor-element elementor-element-1452666 e-con-full e-flex e-con e-child\" data-id=\"1452666\" data-element_type=\"container\">\n\t\t\t\t<\/div>\n\t\t<div class=\"elementor-element elementor-element-975ba94 e-con-full e-flex e-con e-child\" data-id=\"975ba94\" data-element_type=\"container\">\n\t\t\t\t<div class=\"elementor-element elementor-element-36c6e53 elementor-widget elementor-widget-heading\" data-id=\"36c6e53\" data-element_type=\"widget\" data-widget_type=\"heading.default\">\n\t\t\t\t<div class=\"elementor-widget-container\">\n\t\t\t\t\t<h3 class=\"elementor-heading-title elementor-size-default\">En \u00e9tant des <span style=\"color:#E72F2A\">artisans de paix<\/span><\/h3>\t\t\t\t<\/div>\n\t\t\t\t<\/div>\n\t\t\t\t<div class=\"elementor-element elementor-element-fa4d313 elementor-widget elementor-widget-text-editor\" data-id=\"fa4d313\" data-element_type=\"widget\" data-widget_type=\"text-editor.default\">\n\t\t\t\t<div class=\"elementor-widget-container\">\n\t\t\t\t\t\t\t\t\t<p>Dans un monde de plus en plus dur, anxiog\u00e8ne et violent, nous souhaitons \u00eatre des artisans de paix, ceci dans nos \u00c9glises, dans la vie de chaque croyant qui les fr\u00e9quente ainsi que pour toutes les personnes que nous c\u00f4toyons au quotidien.<\/p>\t\t\t\t\t\t\t\t<\/div>\n\t\t\t\t<\/div>\n\t\t\t\t<\/div>\n\t\t\t\t\t<\/div>\n\t\t\t\t<\/div>\n\t\t\t\t<\/div>\n\t\t\t\t\t<\/div>\n\t\t\t\t<\/div>\n\t\t\t\t<\/div>\n\t\t","protected":false},"excerpt":{"rendered":"<p>nos valeurs vivre dans le respect des valeurs bibliques fond\u00e9s sur la bible Dans l\u2019esprit de ce que nous enseigne la Bible, notre souhait en tant qu\u2019association d\u2019\u00c9glises est de vivre dans le respect des valeurs qui y sont enseign\u00e9es. Aimer Dieu Nous croyons que conna\u00eetre Dieu et le rencontrer de mani\u00e8re personnelle sont les [&hellip;]<\/p>\n","protected":false},"author":1,"featured_media":0,"parent":0,"menu_order":0,"comment_status":"closed","ping_status":"closed","template":"","meta":{"footnotes":""},"class_list":["post-29398","page","type-page","status-publish","hentry"],"yoast_head":"<!-- This site is optimized with the Yoast SEO plugin v27.4 - https:\/\/yoast.com\/product\/yoast-seo-wordpress\/ -->\n<title>Nos valeurs - Action Biblique Suisse<\/title>\n<meta name=\"description\" content=\"Nos valeurs. Vivre dans le respect des valeurs bibliques. Vivre dans le respect des valeurs qui y sont enseign\u00e9es.\" \/>\n<meta name=\"robots\" content=\"index, follow, max-snippet:-1, max-image-preview:large, max-video-preview:-1\" \/>\n<link rel=\"canonical\" href=\"https:\/\/actionbiblique.ch\/de\/fr_fr\/unsere-werte\/\" \/>\n<meta property=\"og:locale\" content=\"de_DE\" \/>\n<meta property=\"og:type\" content=\"article\" \/>\n<meta property=\"og:title\" content=\"Nos valeurs - Action Biblique Suisse\" \/>\n<meta property=\"og:description\" content=\"Nos valeurs. Vivre dans le respect des valeurs bibliques. Vivre dans le respect des valeurs qui y sont enseign\u00e9es.\" \/>\n<meta property=\"og:url\" content=\"https:\/\/actionbiblique.ch\/de\/fr_fr\/unsere-werte\/\" \/>\n<meta property=\"og:site_name\" content=\"Action Biblique Suisse\" \/>\n<meta property=\"article:modified_time\" content=\"2024-07-16T11:52:18+00:00\" \/>\n<meta property=\"og:image\" content=\"https:\/\/actionbiblique.ch\/wp-content\/uploads\/2024\/03\/Nos-valeurs-banniere-principales.png\" \/>\n<meta name=\"twitter:card\" content=\"summary_large_image\" \/>\n<meta name=\"twitter:label1\" content=\"Gesch\u00e4tzte Lesezeit\" \/>\n\t<meta name=\"twitter:data1\" content=\"3\u00a0Minuten\" \/>\n<!-- \/ Yoast SEO plugin. -->","yoast_head_json":{"title":"Nos valeurs - Action Biblique Suisse","description":"Nos valeurs. Vivre dans le respect des valeurs bibliques. Vivre dans le respect des valeurs qui y sont enseign\u00e9es.","robots":{"index":"index","follow":"follow","max-snippet":"max-snippet:-1","max-image-preview":"max-image-preview:large","max-video-preview":"max-video-preview:-1"},"canonical":"https:\/\/actionbiblique.ch\/de\/fr_fr\/unsere-werte\/","og_locale":"de_DE","og_type":"article","og_title":"Nos valeurs - Action Biblique Suisse","og_description":"Nos valeurs. Vivre dans le respect des valeurs bibliques. Vivre dans le respect des valeurs qui y sont enseign\u00e9es.","og_url":"https:\/\/actionbiblique.ch\/de\/fr_fr\/unsere-werte\/","og_site_name":"Action Biblique Suisse","article_modified_time":"2024-07-16T11:52:18+00:00","og_image":[{"url":"https:\/\/actionbiblique.ch\/wp-content\/uploads\/2024\/03\/Nos-valeurs-banniere-principales.png","type":"","width":"","height":""}],"twitter_card":"summary_large_image","twitter_misc":{"Gesch\u00e4tzte Lesezeit":"3\u00a0Minuten"},"schema":{"@context":"https:\/\/schema.org","@graph":[{"@type":"WebPage","@id":"https:\/\/actionbiblique.ch\/fr_fr\/nos-valeurs\/","url":"https:\/\/actionbiblique.ch\/fr_fr\/nos-valeurs\/","name":"Nos valeurs - Action Biblique Suisse","isPartOf":{"@id":"https:\/\/actionbiblique.ch\/#website"},"primaryImageOfPage":{"@id":"https:\/\/actionbiblique.ch\/fr_fr\/nos-valeurs\/#primaryimage"},"image":{"@id":"https:\/\/actionbiblique.ch\/fr_fr\/nos-valeurs\/#primaryimage"},"thumbnailUrl":"https:\/\/actionbiblique.ch\/wp-content\/uploads\/2024\/03\/Nos-valeurs-banniere-principales.png","datePublished":"2024-03-28T12:05:53+00:00","dateModified":"2024-07-16T11:52:18+00:00","description":"Nos valeurs. Vivre dans le respect des valeurs bibliques. Vivre dans le respect des valeurs qui y sont enseign\u00e9es.","breadcrumb":{"@id":"https:\/\/actionbiblique.ch\/fr_fr\/nos-valeurs\/#breadcrumb"},"inLanguage":"de","potentialAction":[{"@type":"ReadAction","target":["https:\/\/actionbiblique.ch\/fr_fr\/nos-valeurs\/"]}]},{"@type":"ImageObject","inLanguage":"de","@id":"https:\/\/actionbiblique.ch\/fr_fr\/nos-valeurs\/#primaryimage","url":"https:\/\/actionbiblique.ch\/wp-content\/uploads\/2024\/03\/Nos-valeurs-banniere-principales.png","contentUrl":"https:\/\/actionbiblique.ch\/wp-content\/uploads\/2024\/03\/Nos-valeurs-banniere-principales.png"},{"@type":"BreadcrumbList","@id":"https:\/\/actionbiblique.ch\/fr_fr\/nos-valeurs\/#breadcrumb","itemListElement":[{"@type":"ListItem","position":1,"name":"Accueil","item":"https:\/\/actionbiblique.ch\/fr\/"},{"@type":"ListItem","position":2,"name":"Nos valeurs"}]},{"@type":"WebSite","@id":"https:\/\/actionbiblique.ch\/#website","url":"https:\/\/actionbiblique.ch\/","name":"ACTION BIBLIQUE","description":"Vivre J\u00e9sus Christ et l\u2019\u00e9vangile en Suisse!","publisher":{"@id":"https:\/\/actionbiblique.ch\/#organization"},"potentialAction":[{"@type":"SearchAction","target":{"@type":"EntryPoint","urlTemplate":"https:\/\/actionbiblique.ch\/?s={search_term_string}"},"query-input":{"@type":"PropertyValueSpecification","valueRequired":true,"valueName":"search_term_string"}}],"inLanguage":"de"},{"@type":"Organization","@id":"https:\/\/actionbiblique.ch\/#organization","name":"ACTION BIBLIQUE","url":"https:\/\/actionbiblique.ch\/","logo":{"@type":"ImageObject","inLanguage":"de","@id":"https:\/\/actionbiblique.ch\/#\/schema\/logo\/image\/","url":"https:\/\/actionbiblique.ch\/wp-content\/uploads\/2024\/03\/ABSuisse-logo.png","contentUrl":"https:\/\/actionbiblique.ch\/wp-content\/uploads\/2024\/03\/ABSuisse-logo.png","width":255,"height":255,"caption":"Action Biblique"},"image":{"@id":"https:\/\/actionbiblique.ch\/#\/schema\/logo\/image\/"}}]}},"_links":{"self":[{"href":"https:\/\/actionbiblique.ch\/de\/wp-json\/wp\/v2\/pages\/29398","targetHints":{"allow":["GET"]}}],"collection":[{"href":"https:\/\/actionbiblique.ch\/de\/wp-json\/wp\/v2\/pages"}],"about":[{"href":"https:\/\/actionbiblique.ch\/de\/wp-json\/wp\/v2\/types\/page"}],"author":[{"embeddable":true,"href":"https:\/\/actionbiblique.ch\/de\/wp-json\/wp\/v2\/users\/1"}],"replies":[{"embeddable":true,"href":"https:\/\/actionbiblique.ch\/de\/wp-json\/wp\/v2\/comments?post=29398"}],"version-history":[{"count":0,"href":"https:\/\/actionbiblique.ch\/de\/wp-json\/wp\/v2\/pages\/29398\/revisions"}],"wp:attachment":[{"href":"https:\/\/actionbiblique.ch\/de\/wp-json\/wp\/v2\/media?parent=29398"}],"curies":[{"name":"wp","href":"https:\/\/api.w.org\/{rel}","templated":true}]}}