{"id":29347,"date":"2024-03-28T13:03:46","date_gmt":"2024-03-28T12:03:46","guid":{"rendered":"https:\/\/actionbiblique.ch\/?page_id=29347"},"modified":"2024-11-06T15:59:37","modified_gmt":"2024-11-06T14:59:37","slug":"unsere-vision","status":"publish","type":"page","link":"https:\/\/actionbiblique.ch\/de\/unsere-vision\/","title":{"rendered":"Unsere Vision"},"content":{"rendered":"<div data-elementor-type=\"wp-page\" data-elementor-id=\"29347\" class=\"elementor elementor-29347\" data-elementor-post-type=\"page\">\n\t\t\t\t<div class=\"elementor-element elementor-element-7ececed5 e-flex e-con-boxed e-con e-parent\" data-id=\"7ececed5\" data-element_type=\"container\">\n\t\t\t\t\t<div class=\"e-con-inner\">\n\t\t<div class=\"elementor-element elementor-element-4403f95d e-con-full e-flex e-con e-child\" data-id=\"4403f95d\" data-element_type=\"container\">\n\t\t<div class=\"elementor-element elementor-element-11892af7 e-con-full e-flex e-con e-child\" data-id=\"11892af7\" data-element_type=\"container\">\n\t\t<div class=\"elementor-element elementor-element-6859b868 e-flex e-con-boxed e-con e-child\" data-id=\"6859b868\" data-element_type=\"container\" data-settings=\"{&quot;background_background&quot;:&quot;classic&quot;}\">\n\t\t\t\t\t<div class=\"e-con-inner\">\n\t\t<div class=\"elementor-element elementor-element-296c86e3 e-con-full e-flex e-con e-child\" data-id=\"296c86e3\" data-element_type=\"container\">\n\t\t\t\t<\/div>\n\t\t<div class=\"elementor-element elementor-element-371f554f e-con-full e-flex e-con e-child\" data-id=\"371f554f\" data-element_type=\"container\">\n\t\t\t\t<div class=\"elementor-element elementor-element-344a7db0 elementor-widget elementor-widget-heading\" data-id=\"344a7db0\" data-element_type=\"widget\" data-widget_type=\"heading.default\">\n\t\t\t\t<div class=\"elementor-widget-container\">\n\t\t\t\t\t<h1 class=\"elementor-heading-title elementor-size-default\">Unsere Vision<\/h1>\t\t\t\t<\/div>\n\t\t\t\t<\/div>\n\t\t\t\t<div class=\"elementor-element elementor-element-73e7a209 elementor-widget elementor-widget-heading\" data-id=\"73e7a209\" data-element_type=\"widget\" data-widget_type=\"heading.default\">\n\t\t\t\t<div class=\"elementor-widget-container\">\n\t\t\t\t\t<h2 class=\"elementor-heading-title elementor-size-default\">Eine Vereinigung im Dienst der Gemeinden, der Jugend, der J\u00fcngerschaftsbewegung und der Mission<\/h2>\t\t\t\t<\/div>\n\t\t\t\t<\/div>\n\t\t\t\t<\/div>\n\t\t\t\t\t<\/div>\n\t\t\t\t<\/div>\n\t\t\t\t<\/div>\n\t\t<div class=\"elementor-element elementor-element-45981bca e-con-full e-flex e-con e-child\" data-id=\"45981bca\" data-element_type=\"container\">\n\t\t\t\t<div class=\"elementor-element elementor-element-7fe5d192 elementor-widget elementor-widget-image\" data-id=\"7fe5d192\" data-element_type=\"widget\" data-widget_type=\"image.default\">\n\t\t\t\t<div class=\"elementor-widget-container\">\n\t\t\t\t\t\t\t\t\t\t\t\t\t\t\t<img fetchpriority=\"high\" decoding=\"async\" width=\"2154\" height=\"855\" src=\"https:\/\/actionbiblique.ch\/wp-content\/uploads\/2024\/03\/Notre-vision-Banniere-principale.png\" class=\"attachment-full size-full wp-image-29364\" alt=\"\u00c9glise AB - Notre vision - Banni\u00e8re principale\" srcset=\"https:\/\/actionbiblique.ch\/wp-content\/uploads\/2024\/03\/Notre-vision-Banniere-principale.png 2154w, https:\/\/actionbiblique.ch\/wp-content\/uploads\/2024\/03\/Notre-vision-Banniere-principale-300x119.png 300w, https:\/\/actionbiblique.ch\/wp-content\/uploads\/2024\/03\/Notre-vision-Banniere-principale-1024x406.png 1024w, https:\/\/actionbiblique.ch\/wp-content\/uploads\/2024\/03\/Notre-vision-Banniere-principale-768x305.png 768w, https:\/\/actionbiblique.ch\/wp-content\/uploads\/2024\/03\/Notre-vision-Banniere-principale-1536x610.png 1536w, https:\/\/actionbiblique.ch\/wp-content\/uploads\/2024\/03\/Notre-vision-Banniere-principale-2048x813.png 2048w\" sizes=\"(max-width: 2154px) 100vw, 2154px\" \/>\t\t\t\t\t\t\t\t\t\t\t\t\t\t\t<\/div>\n\t\t\t\t<\/div>\n\t\t\t\t<\/div>\n\t\t\t\t<\/div>\n\t\t<div class=\"elementor-element elementor-element-1a5557fc e-con-full e-flex e-con e-child\" data-id=\"1a5557fc\" data-element_type=\"container\">\n\t\t<div class=\"elementor-element elementor-element-371915fe e-con-full e-flex e-con e-child\" data-id=\"371915fe\" data-element_type=\"container\" data-settings=\"{&quot;background_background&quot;:&quot;classic&quot;}\">\n\t\t\t\t<\/div>\n\t\t\t\t<\/div>\n\t\t\t\t\t<\/div>\n\t\t\t\t<\/div>\n\t\t<div class=\"elementor-element elementor-element-86a336e e-flex e-con-boxed e-con e-parent\" data-id=\"86a336e\" data-element_type=\"container\">\n\t\t\t\t\t<div class=\"e-con-inner\">\n\t\t\t\t<div class=\"elementor-element elementor-element-7d6ea3c elementor-widget elementor-widget-heading\" data-id=\"7d6ea3c\" data-element_type=\"widget\" data-widget_type=\"heading.default\">\n\t\t\t\t<div class=\"elementor-widget-container\">\n\t\t\t\t\t<h2 class=\"elementor-heading-title elementor-size-default\">Unsere Vision in <span style=\"color:#E72F2A\">vier Schwerpunkten<\/span><\/h2>\t\t\t\t<\/div>\n\t\t\t\t<\/div>\n\t\t\t\t<div class=\"elementor-element elementor-element-39f4992 elementor-widget__width-initial elementor-widget elementor-widget-text-editor\" data-id=\"39f4992\" data-element_type=\"widget\" data-widget_type=\"text-editor.default\">\n\t\t\t\t<div class=\"elementor-widget-container\">\n\t\t\t\t\t\t\t\t\t<p>Wir wollen an der Verbreitung des Evangeliums in der Schweiz und in der Welt mitwirken. Wir wollen diese Vision durch die vier Schwerpunkte entwickeln:<\/p>\t\t\t\t\t\t\t\t<\/div>\n\t\t\t\t<\/div>\n\t\t\t\t<div class=\"elementor-element elementor-element-02246d0 elementor-view-default elementor-widget elementor-widget-icon\" data-id=\"02246d0\" data-element_type=\"widget\" data-widget_type=\"icon.default\">\n\t\t\t\t<div class=\"elementor-widget-container\">\n\t\t\t\t\t\t\t<div class=\"elementor-icon-wrapper\">\n\t\t\t<a class=\"elementor-icon\" href=\"#en-savoir-plus\" title=\"en savoir plus\">\n\t\t\t<svg xmlns=\"http:\/\/www.w3.org\/2000\/svg\" width=\"25\" height=\"14\" viewbox=\"0 0 25 14\" fill=\"none\"><g id=\"Groupe 1833\"><path id=\"Trac&#xC3;&#xA9; 147\" d=\"M0.999997 1.0001L12.542 12.543L24.0803 1.00368\" stroke=\"#939393\" stroke-width=\"2\"><\/path><\/g><\/svg>\t\t\t<\/a>\n\t\t<\/div>\n\t\t\t\t\t\t<\/div>\n\t\t\t\t<\/div>\n\t\t\t\t<div class=\"elementor-element elementor-element-3a32eb8 elementor-widget elementor-widget-menu-anchor\" data-id=\"3a32eb8\" data-element_type=\"widget\" data-widget_type=\"menu-anchor.default\">\n\t\t\t\t<div class=\"elementor-widget-container\">\n\t\t\t\t\t\t\t<div class=\"elementor-menu-anchor\" id=\"en-savoir-plus\"><\/div>\n\t\t\t\t\t\t<\/div>\n\t\t\t\t<\/div>\n\t\t<div class=\"elementor-element elementor-element-d378b69 e-con-full e-flex e-con e-child\" data-id=\"d378b69\" data-element_type=\"container\">\n\t\t<div class=\"elementor-element elementor-element-af76a2d e-flex e-con-boxed e-con e-child\" data-id=\"af76a2d\" data-element_type=\"container\" data-settings=\"{&quot;background_background&quot;:&quot;classic&quot;}\">\n\t\t\t\t\t<div class=\"e-con-inner\">\n\t\t<div class=\"elementor-element elementor-element-ed92c05 e-con-full e-flex e-con e-child\" data-id=\"ed92c05\" data-element_type=\"container\">\n\t\t\t\t<\/div>\n\t\t<div class=\"elementor-element elementor-element-916fd36 e-con-full e-flex e-con e-child\" data-id=\"916fd36\" data-element_type=\"container\">\n\t\t\t\t<div class=\"elementor-element elementor-element-5f17dad elementor-widget elementor-widget-heading\" data-id=\"5f17dad\" data-element_type=\"widget\" data-widget_type=\"heading.default\">\n\t\t\t\t<div class=\"elementor-widget-container\">\n\t\t\t\t\t<h3 class=\"elementor-heading-title elementor-size-default translation-block\"><span style=\"color:#E72F2A\">Gemeinden<\/span><\/h3>\t\t\t\t<\/div>\n\t\t\t\t<\/div>\n\t\t\t\t<div class=\"elementor-element elementor-element-bca6859 elementor-widget elementor-widget-text-editor\" data-id=\"bca6859\" data-element_type=\"widget\" data-widget_type=\"text-editor.default\">\n\t\t\t\t<div class=\"elementor-widget-container\">\n\t\t\t\t\t\t\t\t\t<p>Die Ortsgemeinden sind dort, wo sie eingepflanzt sind, wie \u00abFackeln\u00bb. Es ist wichtig, dass sie nicht nur gefestigt werden, sondern auch wachsen und sich weiterentwickeln, um weitere Gemeinden zu gr\u00fcnden. Vernetzung, gegenseitige Unterst\u00fctzung durch Schulungen und Hilfe beim Erstellen neuer Projekte sind Teil der Vision der ABS, um sich qualitativ und quantitativ zu entwickeln.<\/p>\t\t\t\t\t\t\t\t<\/div>\n\t\t\t\t<\/div>\n\t\t\t\t<\/div>\n\t\t\t\t\t<\/div>\n\t\t\t\t<\/div>\n\t\t<div class=\"elementor-element elementor-element-f847f69 e-flex e-con-boxed e-con e-child\" data-id=\"f847f69\" data-element_type=\"container\" data-settings=\"{&quot;background_background&quot;:&quot;classic&quot;}\">\n\t\t\t\t\t<div class=\"e-con-inner\">\n\t\t<div class=\"elementor-element elementor-element-1b8cbd6 e-con-full e-flex e-con e-child\" data-id=\"1b8cbd6\" data-element_type=\"container\">\n\t\t\t\t<\/div>\n\t\t<div class=\"elementor-element elementor-element-8c174e5 e-con-full e-flex e-con e-child\" data-id=\"8c174e5\" data-element_type=\"container\">\n\t\t\t\t<div class=\"elementor-element elementor-element-8ec416a elementor-widget elementor-widget-heading\" data-id=\"8ec416a\" data-element_type=\"widget\" data-widget_type=\"heading.default\">\n\t\t\t\t<div class=\"elementor-widget-container\">\n\t\t\t\t\t<h3 class=\"elementor-heading-title elementor-size-default translation-block\"><span style=\"color:#E72F2A\">Jugendarbeit<\/span><\/h3>\t\t\t\t<\/div>\n\t\t\t\t<\/div>\n\t\t\t\t<div class=\"elementor-element elementor-element-181eef3 elementor-widget elementor-widget-text-editor\" data-id=\"181eef3\" data-element_type=\"widget\" data-widget_type=\"text-editor.default\">\n\t\t\t\t<div class=\"elementor-widget-container\">\n\t\t\t\t\t\t\t\t\t<p>Der Wunsch der ABS ist es, \u00fcber ihre Jugendorganisation, JAB (Jeunesse Action Biblique) das Angebot an Lagern zu erweitern und zu diversifizieren und j\u00e4hrliche Veranstaltungen zu organisieren, um die Jugendlichen zu ermutigen und sie in ihrem Glauben neu zu motivieren. Das Motto der JAB ist \u00abJunge Menschen, die ihr Leben ver\u00e4ndern, J\u00fcnger, die Leben ver\u00e4ndern\u00bb, mit der mittelfristigen Vision, dass diese jungen Menschen sich in ihren Ortsgemeinden integrieren und sich f\u00fcr diese engagieren.<\/p>\t\t\t\t\t\t\t\t<\/div>\n\t\t\t\t<\/div>\n\t\t\t\t<\/div>\n\t\t\t\t\t<\/div>\n\t\t\t\t<\/div>\n\t\t<div class=\"elementor-element elementor-element-589b6e6 e-flex e-con-boxed e-con e-child\" data-id=\"589b6e6\" data-element_type=\"container\" data-settings=\"{&quot;background_background&quot;:&quot;classic&quot;}\">\n\t\t\t\t\t<div class=\"e-con-inner\">\n\t\t<div class=\"elementor-element elementor-element-1de6bad e-con-full e-flex e-con e-child\" data-id=\"1de6bad\" data-element_type=\"container\">\n\t\t\t\t<\/div>\n\t\t<div class=\"elementor-element elementor-element-4ace28e e-con-full e-flex e-con e-child\" data-id=\"4ace28e\" data-element_type=\"container\">\n\t\t\t\t<div class=\"elementor-element elementor-element-a422b9f elementor-widget elementor-widget-heading\" data-id=\"a422b9f\" data-element_type=\"widget\" data-widget_type=\"heading.default\">\n\t\t\t\t<div class=\"elementor-widget-container\">\n\t\t\t\t\t<h3 class=\"elementor-heading-title elementor-size-default translation-block\"><span style=\"color:#E72F2A\">J\u00fcngerschaftsbewegung<\/span><\/h3>\t\t\t\t<\/div>\n\t\t\t\t<\/div>\n\t\t\t\t<div class=\"elementor-element elementor-element-cbe38ad elementor-widget elementor-widget-text-editor\" data-id=\"cbe38ad\" data-element_type=\"widget\" data-widget_type=\"text-editor.default\">\n\t\t\t\t<div class=\"elementor-widget-container\">\n\t\t\t\t\t\t\t\t\t<p>Jesus gab uns den Auftrag, J\u00fcnger zu machen (Matth\u00e4us 28,18-20). Diesen Auftrag wollen wir bewusst durch die bestehenden Gemeinden und die Jugendarbeit der Vereinigung weiterf\u00fchren. Wir wollen J\u00fcnger ausbilden, die Gott und ihren N\u00e4chsten lieben und ihrerseits J\u00fcnger formen. Wir wollen J\u00fcngerschaftsbewegungen initiieren und f\u00f6rdern, die von bestehenden Ortsgemeinden ausgehen oder sich in Regionen ohne Gemeinden entwickeln. Dadurch sollen wiederum neue Ortsgemeinden entstehen.<\/p>\t\t\t\t\t\t\t\t<\/div>\n\t\t\t\t<\/div>\n\t\t\t\t<\/div>\n\t\t\t\t\t<\/div>\n\t\t\t\t<\/div>\n\t\t<div class=\"elementor-element elementor-element-5eaa5ec e-flex e-con-boxed e-con e-child\" data-id=\"5eaa5ec\" data-element_type=\"container\" data-settings=\"{&quot;background_background&quot;:&quot;classic&quot;}\">\n\t\t\t\t\t<div class=\"e-con-inner\">\n\t\t<div class=\"elementor-element elementor-element-683d970 e-con-full e-flex e-con e-child\" data-id=\"683d970\" data-element_type=\"container\">\n\t\t\t\t<\/div>\n\t\t<div class=\"elementor-element elementor-element-3b24ddf e-con-full e-flex e-con e-child\" data-id=\"3b24ddf\" data-element_type=\"container\">\n\t\t\t\t<div class=\"elementor-element elementor-element-7f0a87d elementor-widget elementor-widget-heading\" data-id=\"7f0a87d\" data-element_type=\"widget\" data-widget_type=\"heading.default\">\n\t\t\t\t<div class=\"elementor-widget-container\">\n\t\t\t\t\t<h3 class=\"elementor-heading-title elementor-size-default translation-block\"><span style=\"color:#E72F2A\">Mission<\/span> im In- und Ausland<\/h3>\t\t\t\t<\/div>\n\t\t\t\t<\/div>\n\t\t\t\t<div class=\"elementor-element elementor-element-e2639c2 elementor-widget elementor-widget-text-editor\" data-id=\"e2639c2\" data-element_type=\"widget\" data-widget_type=\"text-editor.default\">\n\t\t\t\t<div class=\"elementor-widget-container\">\n\t\t\t\t\t\t\t\t\t<p>Seit den Anf\u00e4ngen der Bibelschule, zun\u00e4chst im Ried bei Biel (1919) und dann in Genf (1927), wurden Missionare nach Europa und in die ganze Welt ausgesendet. Heute hat die Mission in der Schweiz f\u00fcr uns Priorit\u00e4t, denn es gibt viele Orte, an denen das Evangelium nicht bezeugt wird. Die AB Schweiz engagiert sich deshalb f\u00fcr die F\u00f6rderung und den Aufbau von Pionierprojekten in Regionen, die wenig vom Evangelium gepr\u00e4gt sind. Da aber die Mission weltweit nicht vernachl\u00e4ssigt werden darf, arbeitet die ABS mit Missionsgesellschaften zusammen, unterst\u00fctzt und sendet weiterhin Missionare nach \u00dcbersee in Partnerschaft mit diesen Gesellschaften<\/p>\t\t\t\t\t\t\t\t<\/div>\n\t\t\t\t<\/div>\n\t\t\t\t<\/div>\n\t\t\t\t\t<\/div>\n\t\t\t\t<\/div>\n\t\t\t\t<\/div>\n\t\t\t\t\t<\/div>\n\t\t\t\t<\/div>\n\t\t\t\t<\/div>","protected":false},"excerpt":{"rendered":"<p>notre vision une association au service des \u00c9glises, de la jeunesse, du discipulat et de la mission notre vision en 4 axes Nous d\u00e9sirons participer au progr\u00e8s de l\u2019\u00e9vangile en Suisse et dans le monde. Par la gr\u00e2ce de Dieu, nous souhaitons d\u00e9velopper cette vision selon les axes suivants : les \u00e9glises Les \u00c9glises locales [&hellip;]<\/p>\n","protected":false},"author":1,"featured_media":0,"parent":0,"menu_order":0,"comment_status":"closed","ping_status":"closed","template":"","meta":{"footnotes":""},"class_list":["post-29347","page","type-page","status-publish","hentry"],"yoast_head":"<!-- This site is optimized with the Yoast SEO plugin v27.4 - https:\/\/yoast.com\/product\/yoast-seo-wordpress\/ -->\n<title>Notre vision - Action Biblique Suisse<\/title>\n<meta name=\"description\" content=\"Notre vision - notre vision une association au service des \u00c9glises, de la jeunesse, du discipulat et de la mission notre vision en 4 axes Nous d\u00e9sirons participer au\" \/>\n<meta name=\"robots\" content=\"index, follow, max-snippet:-1, max-image-preview:large, max-video-preview:-1\" \/>\n<link rel=\"canonical\" href=\"https:\/\/actionbiblique.ch\/de\/unsere-vision\/\" \/>\n<meta property=\"og:locale\" content=\"de_DE\" \/>\n<meta property=\"og:type\" content=\"article\" \/>\n<meta property=\"og:title\" content=\"Notre vision - Action Biblique Suisse\" \/>\n<meta property=\"og:description\" content=\"Notre vision - notre vision une association au service des \u00c9glises, de la jeunesse, du discipulat et de la mission notre vision en 4 axes Nous d\u00e9sirons participer au\" \/>\n<meta property=\"og:url\" content=\"https:\/\/actionbiblique.ch\/de\/unsere-vision\/\" \/>\n<meta property=\"og:site_name\" content=\"Action Biblique Suisse\" \/>\n<meta property=\"article:modified_time\" content=\"2024-11-06T14:59:37+00:00\" \/>\n<meta property=\"og:image\" content=\"https:\/\/actionbiblique.ch\/wp-content\/uploads\/2024\/03\/Notre-vision-Banniere-principale.png\" \/>\n<meta name=\"twitter:card\" content=\"summary_large_image\" \/>\n<meta name=\"twitter:label1\" content=\"Gesch\u00e4tzte Lesezeit\" \/>\n\t<meta name=\"twitter:data1\" content=\"3\u00a0Minuten\" \/>\n<!-- \/ Yoast SEO plugin. -->","yoast_head_json":{"title":"Notre vision - Action Biblique Suisse","description":"Notre vision - notre vision une association au service des \u00c9glises, de la jeunesse, du discipulat et de la mission notre vision en 4 axes Nous d\u00e9sirons participer au","robots":{"index":"index","follow":"follow","max-snippet":"max-snippet:-1","max-image-preview":"max-image-preview:large","max-video-preview":"max-video-preview:-1"},"canonical":"https:\/\/actionbiblique.ch\/de\/unsere-vision\/","og_locale":"de_DE","og_type":"article","og_title":"Notre vision - Action Biblique Suisse","og_description":"Notre vision - notre vision une association au service des \u00c9glises, de la jeunesse, du discipulat et de la mission notre vision en 4 axes Nous d\u00e9sirons participer au","og_url":"https:\/\/actionbiblique.ch\/de\/unsere-vision\/","og_site_name":"Action Biblique Suisse","article_modified_time":"2024-11-06T14:59:37+00:00","og_image":[{"url":"https:\/\/actionbiblique.ch\/wp-content\/uploads\/2024\/03\/Notre-vision-Banniere-principale.png","type":"","width":"","height":""}],"twitter_card":"summary_large_image","twitter_misc":{"Gesch\u00e4tzte Lesezeit":"3\u00a0Minuten"},"schema":{"@context":"https:\/\/schema.org","@graph":[{"@type":"WebPage","@id":"https:\/\/actionbiblique.ch\/notre-vision\/","url":"https:\/\/actionbiblique.ch\/notre-vision\/","name":"Notre vision - Action Biblique Suisse","isPartOf":{"@id":"https:\/\/actionbiblique.ch\/#website"},"primaryImageOfPage":{"@id":"https:\/\/actionbiblique.ch\/notre-vision\/#primaryimage"},"image":{"@id":"https:\/\/actionbiblique.ch\/notre-vision\/#primaryimage"},"thumbnailUrl":"https:\/\/actionbiblique.ch\/wp-content\/uploads\/2024\/03\/Notre-vision-Banniere-principale.png","datePublished":"2024-03-28T12:03:46+00:00","dateModified":"2024-11-06T14:59:37+00:00","description":"Notre vision - notre vision une association au service des \u00c9glises, de la jeunesse, du discipulat et de la mission notre vision en 4 axes Nous d\u00e9sirons participer au","breadcrumb":{"@id":"https:\/\/actionbiblique.ch\/notre-vision\/#breadcrumb"},"inLanguage":"de","potentialAction":[{"@type":"ReadAction","target":["https:\/\/actionbiblique.ch\/notre-vision\/"]}]},{"@type":"ImageObject","inLanguage":"de","@id":"https:\/\/actionbiblique.ch\/notre-vision\/#primaryimage","url":"https:\/\/actionbiblique.ch\/wp-content\/uploads\/2024\/03\/Notre-vision-Banniere-principale.png","contentUrl":"https:\/\/actionbiblique.ch\/wp-content\/uploads\/2024\/03\/Notre-vision-Banniere-principale.png"},{"@type":"BreadcrumbList","@id":"https:\/\/actionbiblique.ch\/notre-vision\/#breadcrumb","itemListElement":[{"@type":"ListItem","position":1,"name":"Accueil","item":"https:\/\/actionbiblique.ch\/fr\/"},{"@type":"ListItem","position":2,"name":"Notre vision"}]},{"@type":"WebSite","@id":"https:\/\/actionbiblique.ch\/#website","url":"https:\/\/actionbiblique.ch\/","name":"ACTION BIBLIQUE","description":"Vivre J\u00e9sus Christ et l\u2019\u00e9vangile en Suisse!","publisher":{"@id":"https:\/\/actionbiblique.ch\/#organization"},"potentialAction":[{"@type":"SearchAction","target":{"@type":"EntryPoint","urlTemplate":"https:\/\/actionbiblique.ch\/?s={search_term_string}"},"query-input":{"@type":"PropertyValueSpecification","valueRequired":true,"valueName":"search_term_string"}}],"inLanguage":"de"},{"@type":"Organization","@id":"https:\/\/actionbiblique.ch\/#organization","name":"ACTION BIBLIQUE","url":"https:\/\/actionbiblique.ch\/","logo":{"@type":"ImageObject","inLanguage":"de","@id":"https:\/\/actionbiblique.ch\/#\/schema\/logo\/image\/","url":"https:\/\/actionbiblique.ch\/wp-content\/uploads\/2024\/03\/ABSuisse-logo.png","contentUrl":"https:\/\/actionbiblique.ch\/wp-content\/uploads\/2024\/03\/ABSuisse-logo.png","width":255,"height":255,"caption":"Action Biblique"},"image":{"@id":"https:\/\/actionbiblique.ch\/#\/schema\/logo\/image\/"}}]}},"_links":{"self":[{"href":"https:\/\/actionbiblique.ch\/de\/wp-json\/wp\/v2\/pages\/29347","targetHints":{"allow":["GET"]}}],"collection":[{"href":"https:\/\/actionbiblique.ch\/de\/wp-json\/wp\/v2\/pages"}],"about":[{"href":"https:\/\/actionbiblique.ch\/de\/wp-json\/wp\/v2\/types\/page"}],"author":[{"embeddable":true,"href":"https:\/\/actionbiblique.ch\/de\/wp-json\/wp\/v2\/users\/1"}],"replies":[{"embeddable":true,"href":"https:\/\/actionbiblique.ch\/de\/wp-json\/wp\/v2\/comments?post=29347"}],"version-history":[{"count":0,"href":"https:\/\/actionbiblique.ch\/de\/wp-json\/wp\/v2\/pages\/29347\/revisions"}],"wp:attachment":[{"href":"https:\/\/actionbiblique.ch\/de\/wp-json\/wp\/v2\/media?parent=29347"}],"curies":[{"name":"wp","href":"https:\/\/api.w.org\/{rel}","templated":true}]}}